{"id":982,"date":"2022-11-22T15:06:41","date_gmt":"2022-11-22T14:06:41","guid":{"rendered":"https:\/\/www.hindseter.no\/romantic-winter-weekend\/"},"modified":"2022-11-22T18:08:46","modified_gmt":"2022-11-22T17:08:46","slug":"romantic-winter-weekend","status":"publish","type":"page","link":"https:\/\/www.hindseter.no\/en\/romantic-winter-weekend\/","title":{"rendered":"Romantic winter weekend"},"content":{"rendered":"<p>[et_pb_section fb_built=&#8221;1&#8243; _builder_version=&#8221;4.16&#8243; _module_preset=&#8221;default&#8221; background_color=&#8221;#f7f7f7&#8243; global_colors_info=&#8221;{}&#8221; theme_builder_area=&#8221;post_content&#8221;][et_pb_row use_custom_gutter=&#8221;on&#8221; gutter_width=&#8221;1&#8243; _builder_version=&#8221;4.16&#8243; _module_preset=&#8221;default&#8221; background_color=&#8221;#f7f7f7&#8243; width=&#8221;100%&#8221; max_width=&#8221;1980px&#8221; custom_margin=&#8221;0px||0px||false|false&#8221; custom_padding=&#8221;0px||0px||false|false&#8221; global_colors_info=&#8221;{}&#8221; theme_builder_area=&#8221;post_content&#8221;][et_pb_column type=&#8221;4_4&#8243; _builder_version=&#8221;4.16&#8243; _module_preset=&#8221;default&#8221; global_colors_info=&#8221;{}&#8221; theme_builder_area=&#8221;post_content&#8221;][et_pb_image src=&#8221;https:\/\/www.hindseter.no\/wp-content\/uploads\/2022\/05\/L6A5155.jpg&#8221; _builder_version=&#8221;4.17.4&#8243; _module_preset=&#8221;default&#8221; hover_enabled=&#8221;0&#8243; global_colors_info=&#8221;{}&#8221; theme_builder_area=&#8221;post_content&#8221; alt=&#8221;view over Jotunheimen&#8221; title_text=&#8221;_L6A5155&#8243; sticky_enabled=&#8221;0&#8243;][\/et_pb_image][\/et_pb_column][\/et_pb_row][\/et_pb_section][et_pb_section fb_built=&#8221;1&#8243; _builder_version=&#8221;4.16&#8243; _module_preset=&#8221;default&#8221; background_color=&#8221;#f7f7f7&#8243; background_enable_image=&#8221;off&#8221; background_size=&#8221;contain&#8221; background_position=&#8221;center_right&#8221; custom_margin=&#8221;0px||||false|false&#8221; custom_padding=&#8221;5vh||5vh||false|false&#8221; global_colors_info=&#8221;{}&#8221; theme_builder_area=&#8221;post_content&#8221;][et_pb_row column_structure=&#8221;1_2,1_2&#8243; _builder_version=&#8221;4.16&#8243; _module_preset=&#8221;default&#8221; width=&#8221;60%&#8221; global_colors_info=&#8221;{}&#8221; theme_builder_area=&#8221;post_content&#8221;][et_pb_column type=&#8221;1_2&#8243; _builder_version=&#8221;4.16&#8243; _module_preset=&#8221;default&#8221; global_colors_info=&#8221;{}&#8221; theme_builder_area=&#8221;post_content&#8221;][et_pb_text _builder_version=&#8221;4.17.4&#8243; _module_preset=&#8221;default&#8221; text_font=&#8221;||||||||&#8221; width=&#8221;100%&#8221; custom_padding=&#8221;||1vh||false|false&#8221; hover_enabled=&#8221;0&#8243; global_colors_info=&#8221;{}&#8221; theme_builder_area=&#8221;post_content&#8221; sticky_enabled=&#8221;0&#8243;]<\/p>\n<h1>Romantic winter weekend<\/h1>\n<h3>nature and comfort in Alp Suite<\/h3>\n<p>Enjoy the atmosphere, the view over Jotunheimen mountains and good flavours of local produce!<\/p>\n<p>[\/et_pb_text][et_pb_button button_url=&#8221;mailto:post@hindseter.no&#8221; url_new_window=&#8221;on&#8221; button_text=&#8221;Book your stay by e-mail&#8221; _builder_version=&#8221;4.16&#8243; _module_preset=&#8221;default&#8221; custom_margin=&#8221;3vh||2vh||false|false&#8221; locked=&#8221;off&#8221; global_colors_info=&#8221;{}&#8221; theme_builder_area=&#8221;post_content&#8221;][\/et_pb_button][\/et_pb_column][et_pb_column type=&#8221;1_2&#8243; _builder_version=&#8221;4.16&#8243; _module_preset=&#8221;default&#8221; background_color=&#8221;rgba(195,182,148,0.25)&#8221; global_colors_info=&#8221;{}&#8221; theme_builder_area=&#8221;post_content&#8221;][et_pb_image src=&#8221;https:\/\/www.hindseter.no\/wp-content\/uploads\/2022\/03\/Kjaeresteparet_Ikon_hindsaeter.png&#8221; title_text=&#8221;Kj\u00e6resteparet_Ikon_hinds\u00e6ter&#8221; _builder_version=&#8221;4.16&#8243; _module_preset=&#8221;default&#8221; background_enable_color=&#8221;off&#8221; width=&#8221;20%&#8221; max_width=&#8221;20%&#8221; custom_margin=&#8221;|||2vw|false|false&#8221; custom_padding=&#8221;2vh||||false|false&#8221; global_colors_info=&#8221;{}&#8221; theme_builder_area=&#8221;post_content&#8221;][\/et_pb_image][et_pb_text _builder_version=&#8221;4.17.4&#8243; _module_preset=&#8221;default&#8221; background_enable_color=&#8221;off&#8221; custom_margin=&#8221;||||false|false&#8221; custom_padding=&#8221;0vh|2vh|3vh|3vh|false|false&#8221; hover_enabled=&#8221;0&#8243; global_colors_info=&#8221;{}&#8221; theme_builder_area=&#8221;post_content&#8221; sticky_enabled=&#8221;0&#8243;]<\/p>\n<h2>Stay in Alp-Suite all included<\/h2>\n<p>Stay in alp suite all included 3 nights (sparkling drink&#038; snack, 2x evening dinner, 3x breakfast, 2x lunchpackage, evening tour, beer tasting, use of mountain spa and snowshoes) NOK 5.750,- per person<\/p>\n<p>[\/et_pb_text][\/et_pb_column][\/et_pb_row][et_pb_row _builder_version=&#8221;4.16&#8243; _module_preset=&#8221;default&#8221; background_enable_color=&#8221;off&#8221; width=&#8221;58%&#8221; module_alignment=&#8221;center&#8221; custom_margin=&#8221;1vh|1vh|3vh|1vh|false|false&#8221; border_width_all=&#8221;1px&#8221; border_style_all=&#8221;dashed&#8221; global_colors_info=&#8221;{}&#8221; theme_builder_area=&#8221;post_content&#8221;][et_pb_column type=&#8221;4_4&#8243; _builder_version=&#8221;4.16&#8243; _module_preset=&#8221;default&#8221; custom_padding=&#8221;3vh|3vw|1vh|3vw|false|false&#8221; global_colors_info=&#8221;{}&#8221; theme_builder_area=&#8221;post_content&#8221;][et_pb_text _builder_version=&#8221;4.17.4&#8243; _module_preset=&#8221;default&#8221; hover_enabled=&#8221;0&#8243; global_colors_info=&#8221;{}&#8221; theme_builder_area=&#8221;post_content&#8221; sticky_enabled=&#8221;0&#8243;]<\/p>\n<h2>Program<\/h2>\n<h3>Thursday<\/h3>\n<p>Arrival to a sparkling drink and local snack which is ready for you in the <a href=\"https:\/\/www.hindseter.no\/en\/rooms\/\">ostebu of your Alp Suite.<\/a> Arrange your tours for the weekend now, your hosts will help you connected to weather and snow conditions.<\/p>\n<h3>Friday<\/h3>\n<p>After a rich breakfast with preparing your lunch package you have the possibility to ski in the groomed tracks or ascent one of the high mountain peaks of Jotunheimen. Not skiing? We give you snowshoes so you can enjoy the winter landscape \u2013 you just follow our marked snowshoe trails!<\/p>\n<p>At the hotel: Relax in the suite, feel the warmth from the sheepskins on the armchair, book a private hour in the<a href=\"https:\/\/www.hindseter.no\/en\/mountain-spa\/\"> mountain spa<\/a> or sit down by the fireplace in the lounge with fantastic views over Jotunheimen.<\/p>\n<p>6.30 pm: Three dishes dinner based on local produce <a href=\"https:\/\/www.hindseter.no\/en\/kitchen\/\">in the historic dining room from 1898<\/a><\/p>\n<p>9 pm: We invite you for an hour outdoors: Romantic moon shine tour or sledge evening with torches.<\/p>\n<h3>Saturday<\/h3>\n<p>After breakfast \u2013 try dog sledding at our neighbours Sjodalen Hyttetun, cross-country skiing, climb a peak with our snow shoes or try alpine skiing at Lemonsj\u00f8en skisenter<\/p>\n<p>&#8220;Home again chill&#8221; in your Alp Suite, the library or the mountain spa<\/p>\n<p>4 pm: Beer-sommelier Karola invites to a tasting of norwegian craft beers in our beer cellar<\/p>\n<p>6.30 pm: Tre dishes dinner with reindeer from our village V\u00e5g\u00e5<\/p>\n<h3>Sunday<\/h3>\n<p>Departure after breakfast through the winter landscape. Recommended stop at the bakery in Heidal!<\/p>\n<p>[\/et_pb_text][\/et_pb_column][\/et_pb_row][\/et_pb_section]<\/p>\n","protected":false},"excerpt":{"rendered":"<p>Romantic winter weekend nature and comfort in Alp Suite Enjoy the atmosphere, the view over Jotunheimen mountains and good flavours of local produce!Stay in Alp-Suite all included Stay in alp suite all included 3 nights (sparkling drink&#038; snack, 2x evening dinner, 3x breakfast, 2x lunchpackage, evening tour, beer tasting, use of mountain spa and snowshoes) [&hellip;]<\/p>\n","protected":false},"author":4,"featured_media":0,"parent":0,"menu_order":0,"comment_status":"closed","ping_status":"closed","template":"","meta":{"_et_pb_use_builder":"on","_et_pb_old_content":"","_et_gb_content_width":"","footnotes":""},"class_list":["post-982","page","type-page","status-publish","hentry"],"yoast_head":"<!-- This site is optimized with the Yoast SEO plugin v27.3 - https:\/\/yoast.com\/product\/yoast-seo-wordpress\/ -->\n<title>Romantic winter weekend - Hinds\u00e6ter i Jotunheimen<\/title>\n<meta name=\"robots\" content=\"index, follow, max-snippet:-1, max-image-preview:large, max-video-preview:-1\" \/>\n<link rel=\"canonical\" href=\"https:\/\/www.hindseter.no\/en\/romantic-winter-weekend\/\" \/>\n<meta property=\"og:locale\" content=\"en_US\" \/>\n<meta property=\"og:type\" content=\"article\" \/>\n<meta property=\"og:title\" content=\"Romantic winter weekend - Hinds\u00e6ter i Jotunheimen\" \/>\n<meta property=\"og:description\" content=\"Romantic winter weekend nature and comfort in Alp Suite Enjoy the atmosphere, the view over Jotunheimen mountains and good flavours of local produce!Stay in Alp-Suite all included Stay in alp suite all included 3 nights (sparkling drink&amp; snack, 2x evening dinner, 3x breakfast, 2x lunchpackage, evening tour, beer tasting, use of mountain spa and snowshoes) [&hellip;]\" \/>\n<meta property=\"og:url\" content=\"https:\/\/www.hindseter.no\/en\/romantic-winter-weekend\/\" \/>\n<meta property=\"og:site_name\" content=\"Hinds\u00e6ter i Jotunheimen\" \/>\n<meta property=\"article:modified_time\" content=\"2022-11-22T17:08:46+00:00\" \/>\n<meta name=\"twitter:card\" content=\"summary_large_image\" \/>\n<meta name=\"twitter:label1\" content=\"Est. reading time\" \/>\n\t<meta name=\"twitter:data1\" content=\"4 minutes\" \/>\n<script type=\"application\/ld+json\" class=\"yoast-schema-graph\">{\"@context\":\"https:\\\/\\\/schema.org\",\"@graph\":[{\"@type\":\"WebPage\",\"@id\":\"https:\\\/\\\/www.hindseter.no\\\/en\\\/romantic-winter-weekend\\\/\",\"url\":\"https:\\\/\\\/www.hindseter.no\\\/en\\\/romantic-winter-weekend\\\/\",\"name\":\"Romantic winter weekend - Hinds\u00e6ter i Jotunheimen\",\"isPartOf\":{\"@id\":\"https:\\\/\\\/www.hindseter.no\\\/en\\\/#website\"},\"datePublished\":\"2022-11-22T14:06:41+00:00\",\"dateModified\":\"2022-11-22T17:08:46+00:00\",\"breadcrumb\":{\"@id\":\"https:\\\/\\\/www.hindseter.no\\\/en\\\/romantic-winter-weekend\\\/#breadcrumb\"},\"inLanguage\":\"en-US\",\"potentialAction\":[{\"@type\":\"ReadAction\",\"target\":[\"https:\\\/\\\/www.hindseter.no\\\/en\\\/romantic-winter-weekend\\\/\"]}]},{\"@type\":\"BreadcrumbList\",\"@id\":\"https:\\\/\\\/www.hindseter.no\\\/en\\\/romantic-winter-weekend\\\/#breadcrumb\",\"itemListElement\":[{\"@type\":\"ListItem\",\"position\":1,\"name\":\"Hjem\",\"item\":\"https:\\\/\\\/www.hindseter.no\\\/en\\\/\"},{\"@type\":\"ListItem\",\"position\":2,\"name\":\"Romantic winter weekend\"}]},{\"@type\":\"WebSite\",\"@id\":\"https:\\\/\\\/www.hindseter.no\\\/en\\\/#website\",\"url\":\"https:\\\/\\\/www.hindseter.no\\\/en\\\/\",\"name\":\"Hinds\u00e6ter i Jotunheimen\",\"description\":\"Bo p\u00e5 et historisk hotell, opplev unike m\u00e5ltid\",\"potentialAction\":[{\"@type\":\"SearchAction\",\"target\":{\"@type\":\"EntryPoint\",\"urlTemplate\":\"https:\\\/\\\/www.hindseter.no\\\/en\\\/?s={search_term_string}\"},\"query-input\":{\"@type\":\"PropertyValueSpecification\",\"valueRequired\":true,\"valueName\":\"search_term_string\"}}],\"inLanguage\":\"en-US\"}]}<\/script>\n<!-- \/ Yoast SEO plugin. -->","yoast_head_json":{"title":"Romantic winter weekend - Hinds\u00e6ter i Jotunheimen","robots":{"index":"index","follow":"follow","max-snippet":"max-snippet:-1","max-image-preview":"max-image-preview:large","max-video-preview":"max-video-preview:-1"},"canonical":"https:\/\/www.hindseter.no\/en\/romantic-winter-weekend\/","og_locale":"en_US","og_type":"article","og_title":"Romantic winter weekend - Hinds\u00e6ter i Jotunheimen","og_description":"Romantic winter weekend nature and comfort in Alp Suite Enjoy the atmosphere, the view over Jotunheimen mountains and good flavours of local produce!Stay in Alp-Suite all included Stay in alp suite all included 3 nights (sparkling drink& snack, 2x evening dinner, 3x breakfast, 2x lunchpackage, evening tour, beer tasting, use of mountain spa and snowshoes) [&hellip;]","og_url":"https:\/\/www.hindseter.no\/en\/romantic-winter-weekend\/","og_site_name":"Hinds\u00e6ter i Jotunheimen","article_modified_time":"2022-11-22T17:08:46+00:00","twitter_card":"summary_large_image","twitter_misc":{"Est. reading time":"4 minutes"},"schema":{"@context":"https:\/\/schema.org","@graph":[{"@type":"WebPage","@id":"https:\/\/www.hindseter.no\/en\/romantic-winter-weekend\/","url":"https:\/\/www.hindseter.no\/en\/romantic-winter-weekend\/","name":"Romantic winter weekend - Hinds\u00e6ter i Jotunheimen","isPartOf":{"@id":"https:\/\/www.hindseter.no\/en\/#website"},"datePublished":"2022-11-22T14:06:41+00:00","dateModified":"2022-11-22T17:08:46+00:00","breadcrumb":{"@id":"https:\/\/www.hindseter.no\/en\/romantic-winter-weekend\/#breadcrumb"},"inLanguage":"en-US","potentialAction":[{"@type":"ReadAction","target":["https:\/\/www.hindseter.no\/en\/romantic-winter-weekend\/"]}]},{"@type":"BreadcrumbList","@id":"https:\/\/www.hindseter.no\/en\/romantic-winter-weekend\/#breadcrumb","itemListElement":[{"@type":"ListItem","position":1,"name":"Hjem","item":"https:\/\/www.hindseter.no\/en\/"},{"@type":"ListItem","position":2,"name":"Romantic winter weekend"}]},{"@type":"WebSite","@id":"https:\/\/www.hindseter.no\/en\/#website","url":"https:\/\/www.hindseter.no\/en\/","name":"Hinds\u00e6ter i Jotunheimen","description":"Bo p\u00e5 et historisk hotell, opplev unike m\u00e5ltid","potentialAction":[{"@type":"SearchAction","target":{"@type":"EntryPoint","urlTemplate":"https:\/\/www.hindseter.no\/en\/?s={search_term_string}"},"query-input":{"@type":"PropertyValueSpecification","valueRequired":true,"valueName":"search_term_string"}}],"inLanguage":"en-US"}]}},"_links":{"self":[{"href":"https:\/\/www.hindseter.no\/en\/wp-json\/wp\/v2\/pages\/982","targetHints":{"allow":["GET"]}}],"collection":[{"href":"https:\/\/www.hindseter.no\/en\/wp-json\/wp\/v2\/pages"}],"about":[{"href":"https:\/\/www.hindseter.no\/en\/wp-json\/wp\/v2\/types\/page"}],"author":[{"embeddable":true,"href":"https:\/\/www.hindseter.no\/en\/wp-json\/wp\/v2\/users\/4"}],"replies":[{"embeddable":true,"href":"https:\/\/www.hindseter.no\/en\/wp-json\/wp\/v2\/comments?post=982"}],"version-history":[{"count":5,"href":"https:\/\/www.hindseter.no\/en\/wp-json\/wp\/v2\/pages\/982\/revisions"}],"predecessor-version":[{"id":987,"href":"https:\/\/www.hindseter.no\/en\/wp-json\/wp\/v2\/pages\/982\/revisions\/987"}],"wp:attachment":[{"href":"https:\/\/www.hindseter.no\/en\/wp-json\/wp\/v2\/media?parent=982"}],"curies":[{"name":"wp","href":"https:\/\/api.w.org\/{rel}","templated":true}]}}