{"id":931,"date":"2022-05-25T14:30:27","date_gmt":"2022-05-25T12:30:27","guid":{"rendered":"https:\/\/www.hindseter.no\/taste-of-jotunheimen\/"},"modified":"2024-11-06T14:50:52","modified_gmt":"2024-11-06T13:50:52","slug":"taste-of-jotunheimen","status":"publish","type":"page","link":"https:\/\/www.hindseter.no\/en\/taste-of-jotunheimen\/","title":{"rendered":"Taste of Jotunheimen"},"content":{"rendered":"<p>[et_pb_section fb_built=&#8221;1&#8243; _builder_version=&#8221;4.16&#8243; _module_preset=&#8221;default&#8221; background_color=&#8221;#f7f7f7&#8243; global_colors_info=&#8221;{}&#8221;][et_pb_row use_custom_gutter=&#8221;on&#8221; gutter_width=&#8221;1&#8243; _builder_version=&#8221;4.16&#8243; _module_preset=&#8221;default&#8221; background_color=&#8221;#f7f7f7&#8243; width=&#8221;100%&#8221; max_width=&#8221;1980px&#8221; custom_margin=&#8221;0px||0px||false|false&#8221; custom_padding=&#8221;0px||0px||false|false&#8221; global_colors_info=&#8221;{}&#8221;][et_pb_column type=&#8221;4_4&#8243; _builder_version=&#8221;4.16&#8243; _module_preset=&#8221;default&#8221; global_colors_info=&#8221;{}&#8221;][et_pb_image src=&#8221;https:\/\/www.hindseter.no\/wp-content\/uploads\/2022\/11\/ELH9423-Custom-scaled.jpg&#8221; title_text=&#8221;Bonfire outdoor&#8221; _builder_version=&#8221;4.17.4&#8243; _module_preset=&#8221;default&#8221; global_colors_info=&#8221;{}&#8221;][\/et_pb_image][\/et_pb_column][\/et_pb_row][\/et_pb_section][et_pb_section fb_built=&#8221;1&#8243; _builder_version=&#8221;4.16&#8243; _module_preset=&#8221;default&#8221; background_color=&#8221;#f7f7f7&#8243; background_enable_image=&#8221;off&#8221; background_size=&#8221;contain&#8221; background_position=&#8221;center_right&#8221; custom_margin=&#8221;0px||||false|false&#8221; custom_padding=&#8221;5vh||5vh||false|false&#8221; global_colors_info=&#8221;{}&#8221;][et_pb_row column_structure=&#8221;1_2,1_2&#8243; _builder_version=&#8221;4.16&#8243; _module_preset=&#8221;default&#8221; width=&#8221;60%&#8221; global_colors_info=&#8221;{}&#8221;][et_pb_column type=&#8221;1_2&#8243; _builder_version=&#8221;4.16&#8243; _module_preset=&#8221;default&#8221; global_colors_info=&#8221;{}&#8221;][et_pb_text _builder_version=&#8221;4.27.2&#8243; _module_preset=&#8221;default&#8221; text_font=&#8221;||||||||&#8221; width=&#8221;100%&#8221; custom_padding=&#8221;||1vh||false|false&#8221; hover_enabled=&#8221;0&#8243; global_colors_info=&#8221;{}&#8221; sticky_enabled=&#8221;0&#8243;]<\/p>\n<h1>Taste of Jotunheimen 31.1. &#8211; 2.2.<\/h1>\n<p>Winter, silence, view over Jotunheimen. Enjoy tasting local produce, local beers and join us for visiting the cheese factory in Heidal!<\/p>\n<p>[\/et_pb_text][et_pb_button button_url=&#8221;mailto:post@hindseter.no&#8221; url_new_window=&#8221;on&#8221; button_text=&#8221;Book your stay by e-mail&#8221; _builder_version=&#8221;4.16&#8243; _module_preset=&#8221;default&#8221; custom_margin=&#8221;3vh||2vh||false|false&#8221; locked=&#8221;off&#8221; global_colors_info=&#8221;{}&#8221;][\/et_pb_button][\/et_pb_column][et_pb_column type=&#8221;1_2&#8243; _builder_version=&#8221;4.16&#8243; _module_preset=&#8221;default&#8221; background_color=&#8221;rgba(195,182,148,0.25)&#8221; global_colors_info=&#8221;{}&#8221;][et_pb_image src=&#8221;https:\/\/www.hindseter.no\/wp-content\/uploads\/2022\/03\/Matstedssamleren_Ikon_hindsaeter.png&#8221; title_text=&#8221;Matstedssamleren_Ikon_hinds\u00e6ter&#8221; _builder_version=&#8221;4.17.3&#8243; _module_preset=&#8221;default&#8221; background_enable_color=&#8221;off&#8221; width=&#8221;20%&#8221; max_width=&#8221;20%&#8221; custom_margin=&#8221;|||2vw|false|false&#8221; custom_padding=&#8221;||||false|false&#8221; global_colors_info=&#8221;{}&#8221;][\/et_pb_image][et_pb_text _builder_version=&#8221;4.27.2&#8243; _module_preset=&#8221;default&#8221; background_enable_color=&#8221;off&#8221; custom_margin=&#8221;||||false|false&#8221; custom_padding=&#8221;0vh|2vh|3vh|3vh|false|false&#8221; hover_enabled=&#8221;0&#8243; global_colors_info=&#8221;{}&#8221; sticky_enabled=&#8221;0&#8243;]<\/p>\n<h2>Opening weekend 31.1. &#8211; 2.2. all included<\/h2>\n<p>&#8220;Taste of Jotunheimen&#8221; (three dishes menu friday with beertasting, tasting menu with 10 dishes saturday, 2x breakfast, 1x selfmade lunch package\/ fill of termos, visit Heidal Ysteri sunday): NOK 4.390,- per person in doubleroom\/ NOK 5.190,- per person in romantic alp suite<\/p>\n<p>[\/et_pb_text][\/et_pb_column][\/et_pb_row][et_pb_row _builder_version=&#8221;4.16&#8243; _module_preset=&#8221;default&#8221; background_enable_color=&#8221;off&#8221; width=&#8221;58%&#8221; module_alignment=&#8221;center&#8221; custom_margin=&#8221;1vh|1vh|3vh|1vh|false|false&#8221; border_width_all=&#8221;1px&#8221; border_style_all=&#8221;dashed&#8221; global_colors_info=&#8221;{}&#8221;][et_pb_column type=&#8221;4_4&#8243; _builder_version=&#8221;4.16&#8243; _module_preset=&#8221;default&#8221; custom_padding=&#8221;3vh|3vw|1vh|3vw|false|false&#8221; global_colors_info=&#8221;{}&#8221;][et_pb_text _builder_version=&#8221;4.27.2&#8243; _module_preset=&#8221;default&#8221; hover_enabled=&#8221;0&#8243; global_colors_info=&#8221;{}&#8221; sticky_enabled=&#8221;0&#8243;]<\/p>\n<h2>Program<\/h2>\n<h4>Friday<\/h4>\n<p>Arrival for dinner 18.30. Beer-sommelier Karola talks about beer pairing to the menu, tasting of four combinations during the menu.<\/p>\n<h4>Saturday<\/h4>\n<p>After breakfast with preparing of lunch package possibility to go skiing in marked tracks or on the peaks or book dog sledding at our neighbours. Why not try snow shoes?<\/p>\n<p>Back at the hotel: Relax at the fire places, enjoy the view. Treat yourself with a drink or coffee and cake. Do not forget to try the Mountain spa!:<\/p>\n<p>18.30 &#8220;Taste of Jotunheimen&#8221;, 10 small dishes present what the area and the nature has to offer. Our kitchen is dedicated to those original tastes with all their simplicity and richness. Wine- and beer pairings are recommended.<\/p>\n<h4>Sunday<\/h4>\n<p>We have organized an exclusive visit at the bakery and cheese factory in Heidal at 11 am. They are famous for their special goat cheese. Situated along your drive back home!<\/p>\n<p>[\/et_pb_text][\/et_pb_column][\/et_pb_row][\/et_pb_section]<\/p>\n","protected":false},"excerpt":{"rendered":"<p>Taste of Jotunheimen 31.1. &#8211; 2.2. Winter, silence, view over Jotunheimen. Enjoy tasting local produce, local beers and join us for visiting the cheese factory in Heidal!Opening weekend 31.1. &#8211; 2.2. all included &#8220;Taste of Jotunheimen&#8221; (three dishes menu friday with beertasting, tasting menu with 10 dishes saturday, 2x breakfast, 1x selfmade lunch package\/ fill [&hellip;]<\/p>\n","protected":false},"author":4,"featured_media":0,"parent":0,"menu_order":0,"comment_status":"closed","ping_status":"closed","template":"","meta":{"_et_pb_use_builder":"on","_et_pb_old_content":"","_et_gb_content_width":"","footnotes":""},"class_list":["post-931","page","type-page","status-publish","hentry"],"yoast_head":"<!-- This site is optimized with the Yoast SEO plugin v27.3 - https:\/\/yoast.com\/product\/yoast-seo-wordpress\/ -->\n<title>Taste of Jotunheimen - Hinds\u00e6ter i Jotunheimen<\/title>\n<meta name=\"description\" content=\"Taste of Jotunheimen - opening weekend in 2023 with aquavit- and beertasting and winter farm tour.\" \/>\n<meta name=\"robots\" content=\"index, follow, max-snippet:-1, max-image-preview:large, max-video-preview:-1\" \/>\n<link rel=\"canonical\" href=\"https:\/\/www.hindseter.no\/en\/taste-of-jotunheimen\/\" \/>\n<meta property=\"og:locale\" content=\"en_US\" \/>\n<meta property=\"og:type\" content=\"article\" \/>\n<meta property=\"og:title\" content=\"Opening weekend &quot;Taste of Jotunheimen&quot;\" \/>\n<meta property=\"og:description\" content=\"Winter, silence, view over Jotunheimen. Enjoy tastes of local produce, try local aquavit and join us on winter farm tour.\" \/>\n<meta property=\"og:url\" content=\"https:\/\/www.hindseter.no\/en\/taste-of-jotunheimen\/\" \/>\n<meta property=\"og:site_name\" content=\"Hinds\u00e6ter i Jotunheimen\" \/>\n<meta property=\"article:modified_time\" content=\"2024-11-06T13:50:52+00:00\" \/>\n<meta property=\"og:image\" content=\"https:\/\/www.hindseter.no\/wp-content\/uploads\/2022\/05\/L6A5137-1024x683.jpg\" \/>\n<meta name=\"twitter:card\" content=\"summary_large_image\" \/>\n<meta name=\"twitter:label1\" content=\"Est. reading time\" \/>\n\t<meta name=\"twitter:data1\" content=\"3 minutes\" \/>\n<script type=\"application\/ld+json\" class=\"yoast-schema-graph\">{\"@context\":\"https:\\\/\\\/schema.org\",\"@graph\":[{\"@type\":\"WebPage\",\"@id\":\"https:\\\/\\\/www.hindseter.no\\\/en\\\/taste-of-jotunheimen\\\/\",\"url\":\"https:\\\/\\\/www.hindseter.no\\\/en\\\/taste-of-jotunheimen\\\/\",\"name\":\"Taste of Jotunheimen - Hinds\u00e6ter i Jotunheimen\",\"isPartOf\":{\"@id\":\"https:\\\/\\\/www.hindseter.no\\\/en\\\/#website\"},\"datePublished\":\"2022-05-25T12:30:27+00:00\",\"dateModified\":\"2024-11-06T13:50:52+00:00\",\"description\":\"Taste of Jotunheimen - opening weekend in 2023 with aquavit- and beertasting and winter farm tour.\",\"breadcrumb\":{\"@id\":\"https:\\\/\\\/www.hindseter.no\\\/en\\\/taste-of-jotunheimen\\\/#breadcrumb\"},\"inLanguage\":\"en-US\",\"potentialAction\":[{\"@type\":\"ReadAction\",\"target\":[\"https:\\\/\\\/www.hindseter.no\\\/en\\\/taste-of-jotunheimen\\\/\"]}]},{\"@type\":\"BreadcrumbList\",\"@id\":\"https:\\\/\\\/www.hindseter.no\\\/en\\\/taste-of-jotunheimen\\\/#breadcrumb\",\"itemListElement\":[{\"@type\":\"ListItem\",\"position\":1,\"name\":\"Hjem\",\"item\":\"https:\\\/\\\/www.hindseter.no\\\/en\\\/\"},{\"@type\":\"ListItem\",\"position\":2,\"name\":\"Taste of Jotunheimen\"}]},{\"@type\":\"WebSite\",\"@id\":\"https:\\\/\\\/www.hindseter.no\\\/en\\\/#website\",\"url\":\"https:\\\/\\\/www.hindseter.no\\\/en\\\/\",\"name\":\"Hinds\u00e6ter i Jotunheimen\",\"description\":\"Bo p\u00e5 et historisk hotell, opplev unike m\u00e5ltid\",\"potentialAction\":[{\"@type\":\"SearchAction\",\"target\":{\"@type\":\"EntryPoint\",\"urlTemplate\":\"https:\\\/\\\/www.hindseter.no\\\/en\\\/?s={search_term_string}\"},\"query-input\":{\"@type\":\"PropertyValueSpecification\",\"valueRequired\":true,\"valueName\":\"search_term_string\"}}],\"inLanguage\":\"en-US\"}]}<\/script>\n<!-- \/ Yoast SEO plugin. -->","yoast_head_json":{"title":"Taste of Jotunheimen - Hinds\u00e6ter i Jotunheimen","description":"Taste of Jotunheimen - opening weekend in 2023 with aquavit- and beertasting and winter farm tour.","robots":{"index":"index","follow":"follow","max-snippet":"max-snippet:-1","max-image-preview":"max-image-preview:large","max-video-preview":"max-video-preview:-1"},"canonical":"https:\/\/www.hindseter.no\/en\/taste-of-jotunheimen\/","og_locale":"en_US","og_type":"article","og_title":"Opening weekend \"Taste of Jotunheimen\"","og_description":"Winter, silence, view over Jotunheimen. Enjoy tastes of local produce, try local aquavit and join us on winter farm tour.","og_url":"https:\/\/www.hindseter.no\/en\/taste-of-jotunheimen\/","og_site_name":"Hinds\u00e6ter i Jotunheimen","article_modified_time":"2024-11-06T13:50:52+00:00","og_image":[{"url":"https:\/\/www.hindseter.no\/wp-content\/uploads\/2022\/05\/L6A5137-1024x683.jpg","type":"","width":"","height":""}],"twitter_card":"summary_large_image","twitter_misc":{"Est. reading time":"3 minutes"},"schema":{"@context":"https:\/\/schema.org","@graph":[{"@type":"WebPage","@id":"https:\/\/www.hindseter.no\/en\/taste-of-jotunheimen\/","url":"https:\/\/www.hindseter.no\/en\/taste-of-jotunheimen\/","name":"Taste of Jotunheimen - Hinds\u00e6ter i Jotunheimen","isPartOf":{"@id":"https:\/\/www.hindseter.no\/en\/#website"},"datePublished":"2022-05-25T12:30:27+00:00","dateModified":"2024-11-06T13:50:52+00:00","description":"Taste of Jotunheimen - opening weekend in 2023 with aquavit- and beertasting and winter farm tour.","breadcrumb":{"@id":"https:\/\/www.hindseter.no\/en\/taste-of-jotunheimen\/#breadcrumb"},"inLanguage":"en-US","potentialAction":[{"@type":"ReadAction","target":["https:\/\/www.hindseter.no\/en\/taste-of-jotunheimen\/"]}]},{"@type":"BreadcrumbList","@id":"https:\/\/www.hindseter.no\/en\/taste-of-jotunheimen\/#breadcrumb","itemListElement":[{"@type":"ListItem","position":1,"name":"Hjem","item":"https:\/\/www.hindseter.no\/en\/"},{"@type":"ListItem","position":2,"name":"Taste of Jotunheimen"}]},{"@type":"WebSite","@id":"https:\/\/www.hindseter.no\/en\/#website","url":"https:\/\/www.hindseter.no\/en\/","name":"Hinds\u00e6ter i Jotunheimen","description":"Bo p\u00e5 et historisk hotell, opplev unike m\u00e5ltid","potentialAction":[{"@type":"SearchAction","target":{"@type":"EntryPoint","urlTemplate":"https:\/\/www.hindseter.no\/en\/?s={search_term_string}"},"query-input":{"@type":"PropertyValueSpecification","valueRequired":true,"valueName":"search_term_string"}}],"inLanguage":"en-US"}]}},"_links":{"self":[{"href":"https:\/\/www.hindseter.no\/en\/wp-json\/wp\/v2\/pages\/931","targetHints":{"allow":["GET"]}}],"collection":[{"href":"https:\/\/www.hindseter.no\/en\/wp-json\/wp\/v2\/pages"}],"about":[{"href":"https:\/\/www.hindseter.no\/en\/wp-json\/wp\/v2\/types\/page"}],"author":[{"embeddable":true,"href":"https:\/\/www.hindseter.no\/en\/wp-json\/wp\/v2\/users\/4"}],"replies":[{"embeddable":true,"href":"https:\/\/www.hindseter.no\/en\/wp-json\/wp\/v2\/comments?post=931"}],"version-history":[{"count":11,"href":"https:\/\/www.hindseter.no\/en\/wp-json\/wp\/v2\/pages\/931\/revisions"}],"predecessor-version":[{"id":1421,"href":"https:\/\/www.hindseter.no\/en\/wp-json\/wp\/v2\/pages\/931\/revisions\/1421"}],"wp:attachment":[{"href":"https:\/\/www.hindseter.no\/en\/wp-json\/wp\/v2\/media?parent=931"}],"curies":[{"name":"wp","href":"https:\/\/api.w.org\/{rel}","templated":true}]}}