{"id":909,"date":"2022-09-28T07:49:10","date_gmt":"2022-09-28T05:49:10","guid":{"rendered":"https:\/\/www.hindseter.no\/winter-package\/"},"modified":"2025-03-17T14:48:12","modified_gmt":"2025-03-17T13:48:12","slug":"winter-package","status":"publish","type":"page","link":"https:\/\/www.hindseter.no\/en\/winter-package\/","title":{"rendered":"Winter package"},"content":{"rendered":"<p>[et_pb_section fb_built=&#8221;1&#8243; _builder_version=&#8221;4.16&#8243; _module_preset=&#8221;default&#8221; background_color=&#8221;#f7f7f7&#8243; global_colors_info=&#8221;{}&#8221;][et_pb_row use_custom_gutter=&#8221;on&#8221; gutter_width=&#8221;1&#8243; _builder_version=&#8221;4.16&#8243; _module_preset=&#8221;default&#8221; background_color=&#8221;#f7f7f7&#8243; width=&#8221;100%&#8221; max_width=&#8221;1980px&#8221; custom_margin=&#8221;0px||0px||false|false&#8221; custom_padding=&#8221;0px||0px||false|false&#8221; global_colors_info=&#8221;{}&#8221;][et_pb_column type=&#8221;4_4&#8243; _builder_version=&#8221;4.16&#8243; _module_preset=&#8221;default&#8221; global_colors_info=&#8221;{}&#8221;][et_pb_image src=&#8221;https:\/\/www.hindseter.no\/wp-content\/uploads\/2022\/09\/uten-signatur.jpg&#8221; title_text=&#8221;uten-signatur&#8221; align=&#8221;center&#8221; _builder_version=&#8221;4.17.4&#8243; _module_preset=&#8221;default&#8221; global_colors_info=&#8221;{}&#8221;][\/et_pb_image][\/et_pb_column][\/et_pb_row][\/et_pb_section][et_pb_section fb_built=&#8221;1&#8243; _builder_version=&#8221;4.24.0&#8243; _module_preset=&#8221;default&#8221; background_color=&#8221;#f7f7f7&#8243; background_enable_image=&#8221;off&#8221; background_size=&#8221;contain&#8221; background_position=&#8221;center_right&#8221; custom_margin=&#8221;0px||||false|false&#8221; custom_padding=&#8221;5vh||5vh||false|false&#8221; global_colors_info=&#8221;{}&#8221;][et_pb_row column_structure=&#8221;1_2,1_2&#8243; _builder_version=&#8221;4.24.0&#8243; _module_preset=&#8221;default&#8221; global_colors_info=&#8221;{}&#8221;][et_pb_column type=&#8221;1_2&#8243; _builder_version=&#8221;4.24.0&#8243; _module_preset=&#8221;default&#8221; global_colors_info=&#8221;{}&#8221;][et_pb_text _builder_version=&#8221;4.17.4&#8243; _module_preset=&#8221;default&#8221; text_font=&#8221;||||||||&#8221; width=&#8221;100%&#8221; custom_padding=&#8221;||1vh||false|false&#8221; global_colors_info=&#8221;{}&#8221;]<\/p>\n<h1>Winter Package Hinds\u00e6ter<\/h1>\n<p>Dive into wild winter nature following safe marked tracks and local guides. Experience a silence you will find in only a few places left in Europe. Meet one of the largest forest animals &#8211; the elk -in winter there is a good chance to see them!<\/p>\n<p>[\/et_pb_text][et_pb_button button_url=&#8221;mailto:post@hindseter.no&#8221; url_new_window=&#8221;on&#8221; button_text=&#8221;Book your stay on e-mail&#8221; _builder_version=&#8221;4.17.4&#8243; _module_preset=&#8221;default&#8221; custom_margin=&#8221;3vh||2vh||false|false&#8221; locked=&#8221;off&#8221; global_colors_info=&#8221;{}&#8221;][\/et_pb_button][\/et_pb_column][et_pb_column type=&#8221;1_2&#8243; _builder_version=&#8221;4.16&#8243; _module_preset=&#8221;default&#8221; background_color=&#8221;rgba(195,182,148,0.25)&#8221; global_colors_info=&#8221;{}&#8221;][et_pb_image src=&#8221;https:\/\/www.hindseter.no\/wp-content\/uploads\/2022\/03\/Fjellfantasten_Ikon_hindsaeter.png&#8221; title_text=&#8221;Fjellfantasten_Ikon_hinds\u00e6ter&#8221; _builder_version=&#8221;4.17.4&#8243; _module_preset=&#8221;default&#8221; background_enable_color=&#8221;off&#8221; width=&#8221;20%&#8221; max_width=&#8221;20%&#8221; custom_margin=&#8221;|||2vw|false|false&#8221; custom_padding=&#8221;||||false|false&#8221; global_colors_info=&#8221;{}&#8221;][\/et_pb_image][et_pb_text _builder_version=&#8221;4.27.4&#8243; _module_preset=&#8221;default&#8221; background_enable_color=&#8221;off&#8221; custom_margin=&#8221;||||false|false&#8221; custom_padding=&#8221;0vh|2vh|3vh|3vh|false|false&#8221; hover_enabled=&#8221;0&#8243; global_colors_info=&#8221;{}&#8221; sticky_enabled=&#8221;0&#8243;]<\/p>\n<h2>Winterpackage includes<\/h2>\n<p>Stay in alp suite incl. wellness area\/ double room 7 days, breakfast, self-made lunch package and filling of termos, three dishes dinner, direct contact with the hosts who will care for the guests through the week, ski rental, ski introduction, snow shoe rental, guided ice canyoning day trip, guided snowshoe evening tour, sledge race.<\/p>\n<p><strong>Extra payment for:<\/strong> Drinks, cakes in the afternoon, dog sledding, transfer from train to hotel, wellness area (for double room bookings), beer tasting of norwegian craft beers with beer sommelier.<\/p>\n<p><strong>Rates:<\/strong> NOK 13.370,- pp in double room\/ NOK 16.170,- pp in alp suite<\/p>\n<p><strong>Bookable ONLY for stays Sunday \u2013 Sunday between 1.2.2026 and 15.3.2026<\/strong><\/p>\n<p>[\/et_pb_text][\/et_pb_column][\/et_pb_row][et_pb_row _builder_version=&#8221;4.24.0&#8243; _module_preset=&#8221;default&#8221; background_enable_color=&#8221;off&#8221; module_alignment=&#8221;center&#8221; custom_margin=&#8221;1vh|1vh|3vh|1vh|false|false&#8221; border_width_all=&#8221;1px&#8221; border_style_all=&#8221;dashed&#8221; global_colors_info=&#8221;{}&#8221;][et_pb_column type=&#8221;4_4&#8243; _builder_version=&#8221;4.16&#8243; _module_preset=&#8221;default&#8221; custom_padding=&#8221;3vh|3vw|1vh|3vw|false|false&#8221; global_colors_info=&#8221;{}&#8221;][et_pb_text _builder_version=&#8221;4.17.4&#8243; _module_preset=&#8221;default&#8221; global_colors_info=&#8221;{}&#8221;]<\/p>\n<h2><strong>\u201dExplore snow, ice, elks and silence\u201d<\/strong><\/h2>\n<h4>Ski rental monday<\/h4>\n<p>ski rental followed by 1,5 h introduction to ski technique by the hosts. We show you our trails and directions &#8211; train on your own in the marked tracks after the lesson.<br \/>Evening: gather around the fireplace after dinner to hear about the program\/ possibilities for the week!<\/p>\n<h4>Snow shoe tuesday<\/h4>\n<p>Snow shoe rental. Follow our snow shoe trails for a safe trip. But do not forget to experience making your own trails in the deep snow. Discover the silence of our valley on your own today!<br \/>Evening: Join us for a moonshine tour or star spotting tour. Maybe we even see the northern light&#8230;<\/p>\n<h4>Ice canyon wednesday<\/h4>\n<p>The week\u2019s highlight &#8211; ice canyoning tour with our winter guide. Spectacular but easy daytrip along the frozen river and frozen waterfalls, visiting ice caves and experiencing ice in all colours. We bring wood for a campfire and make coffee the trapper way.<\/p>\n<h4>Dog sledding thursday<\/h4>\n<p>Try dog sledding at our neighbours camp, Sjodalen Hyttetun, 3 km away. Ski or snow shoe along the marked track to try waffels or other snacks and order hot drinks. Book a dog sledding trip or just watch the others and the dogs. Norwegian fairy tales follow a snow shoe track through their \u00abSaga forest\u00bb.<\/p>\n<h4>Peak ascent friday<\/h4>\n<p>Now you are trained for the ascent of the peak Stuttgongkampen 1416 masl. Follow the marked trail with snow shoes to a fantastic view over the valley. Evening: We invite you to our wonderful sledge race with torches!<\/p>\n<h4>Relaxation saturday<\/h4>\n<p>Enjoy your last day in the valley on skis or snow shoes, chill in our library, watch out for elks in the wide landscape with binoculars. Afterski afternoon offer: Taste some of the 40 different types of norwegian craft beers in our beer cellar!<\/p>\n<h4>Sunday<\/h4>\n<p>Leaving our valley after breakfast \u2013 until next time!<\/p>\n<p>&nbsp;<\/p>\n<p>[\/et_pb_text][\/et_pb_column][\/et_pb_row][\/et_pb_section][et_pb_section fb_built=&#8221;1&#8243; _builder_version=&#8221;4.16&#8243; _module_preset=&#8221;default&#8221; custom_padding=&#8221;8px||0px||false|false&#8221; locked=&#8221;off&#8221; global_colors_info=&#8221;{}&#8221;][et_pb_row column_structure=&#8221;1_2,1_2&#8243; use_custom_gutter=&#8221;on&#8221; gutter_width=&#8221;1&#8243; _builder_version=&#8221;4.16&#8243; _module_preset=&#8221;default&#8221; background_enable_color=&#8221;off&#8221; width=&#8221;100%&#8221; max_width=&#8221;2560px&#8221; custom_margin=&#8221;||||false|false&#8221; custom_padding=&#8221;8px||0px||false|false&#8221; locked=&#8221;off&#8221; global_colors_info=&#8221;{}&#8221;][et_pb_column type=&#8221;1_2&#8243; _builder_version=&#8221;4.16&#8243; _module_preset=&#8221;default&#8221; global_colors_info=&#8221;{}&#8221;][et_pb_image src=&#8221;https:\/\/www.hindseter.no\/wp-content\/uploads\/2022\/09\/L6A5826.jpg&#8221; title_text=&#8221;_L6A5826&#8243; disabled_on=&#8221;off|off|off&#8221; _builder_version=&#8221;4.17.4&#8243; _module_preset=&#8221;default&#8221; global_colors_info=&#8221;{}&#8221;][\/et_pb_image][\/et_pb_column][et_pb_column type=&#8221;1_2&#8243; _builder_version=&#8221;4.16&#8243; _module_preset=&#8221;default&#8221; global_colors_info=&#8221;{}&#8221;][et_pb_image src=&#8221;https:\/\/www.hindseter.no\/wp-content\/uploads\/2022\/09\/Bilde-4-Custom.jpg&#8221; title_text=&#8221;Bilde-4-(Custom)&#8221; disabled_on=&#8221;on|on|off&#8221; _builder_version=&#8221;4.17.4&#8243; _module_preset=&#8221;default&#8221; global_colors_info=&#8221;{}&#8221;][\/et_pb_image][\/et_pb_column][\/et_pb_row][\/et_pb_section]<\/p>\n","protected":false},"excerpt":{"rendered":"<p>Winter Package Hinds\u00e6ter Dive into wild winter nature following safe marked tracks and local guides. Experience a silence you will find in only a few places left in Europe. Meet one of the largest forest animals &#8211; the elk -in winter there is a good chance to see them!Winterpackage includes Stay in alp suite incl. [&hellip;]<\/p>\n","protected":false},"author":2,"featured_media":555,"parent":0,"menu_order":0,"comment_status":"closed","ping_status":"closed","template":"","meta":{"_et_pb_use_builder":"on","_et_pb_old_content":"","_et_gb_content_width":"","footnotes":""},"class_list":["post-909","page","type-page","status-publish","has-post-thumbnail","hentry"],"yoast_head":"<!-- This site is optimized with the Yoast SEO plugin v27.3 - https:\/\/yoast.com\/product\/yoast-seo-wordpress\/ -->\n<title>Winter package - Hinds\u00e6ter i Jotunheimen<\/title>\n<meta name=\"description\" content=\"Dive into wild winter nature following safe marked tracks and local guides. Experience silence, snow shoeing and the elk!\" \/>\n<meta name=\"robots\" content=\"index, follow, max-snippet:-1, max-image-preview:large, max-video-preview:-1\" \/>\n<link rel=\"canonical\" href=\"https:\/\/www.hindseter.no\/en\/winter-package\/\" \/>\n<meta property=\"og:locale\" content=\"en_US\" \/>\n<meta property=\"og:type\" content=\"article\" \/>\n<meta property=\"og:title\" content=\"Winter package - Hinds\u00e6ter i Jotunheimen\" \/>\n<meta property=\"og:description\" content=\"Dive into wild winter nature following safe marked tracks and local guides. Experience silence, snow shoeing and the elk!\" \/>\n<meta property=\"og:url\" content=\"https:\/\/www.hindseter.no\/en\/winter-package\/\" \/>\n<meta property=\"og:site_name\" content=\"Hinds\u00e6ter i Jotunheimen\" \/>\n<meta property=\"article:modified_time\" content=\"2025-03-17T13:48:12+00:00\" \/>\n<meta property=\"og:image\" content=\"https:\/\/www.hindseter.no\/wp-content\/uploads\/2022\/03\/MG_6336_1920x1080-uten-signatur.jpg\" \/>\n\t<meta property=\"og:image:width\" content=\"1980\" \/>\n\t<meta property=\"og:image:height\" content=\"1320\" \/>\n\t<meta property=\"og:image:type\" content=\"image\/jpeg\" \/>\n<meta name=\"twitter:card\" content=\"summary_large_image\" \/>\n<meta name=\"twitter:label1\" content=\"Est. reading time\" \/>\n\t<meta name=\"twitter:data1\" content=\"5 minutes\" \/>\n<script type=\"application\/ld+json\" class=\"yoast-schema-graph\">{\"@context\":\"https:\\\/\\\/schema.org\",\"@graph\":[{\"@type\":\"WebPage\",\"@id\":\"https:\\\/\\\/www.hindseter.no\\\/en\\\/winter-package\\\/\",\"url\":\"https:\\\/\\\/www.hindseter.no\\\/en\\\/winter-package\\\/\",\"name\":\"Winter package - Hinds\u00e6ter i Jotunheimen\",\"isPartOf\":{\"@id\":\"https:\\\/\\\/www.hindseter.no\\\/en\\\/#website\"},\"primaryImageOfPage\":{\"@id\":\"https:\\\/\\\/www.hindseter.no\\\/en\\\/winter-package\\\/#primaryimage\"},\"image\":{\"@id\":\"https:\\\/\\\/www.hindseter.no\\\/en\\\/winter-package\\\/#primaryimage\"},\"thumbnailUrl\":\"https:\\\/\\\/www.hindseter.no\\\/wp-content\\\/uploads\\\/2022\\\/03\\\/MG_6336_1920x1080-uten-signatur.jpg\",\"datePublished\":\"2022-09-28T05:49:10+00:00\",\"dateModified\":\"2025-03-17T13:48:12+00:00\",\"description\":\"Dive into wild winter nature following safe marked tracks and local guides. Experience silence, snow shoeing and the elk!\",\"breadcrumb\":{\"@id\":\"https:\\\/\\\/www.hindseter.no\\\/en\\\/winter-package\\\/#breadcrumb\"},\"inLanguage\":\"en-US\",\"potentialAction\":[{\"@type\":\"ReadAction\",\"target\":[\"https:\\\/\\\/www.hindseter.no\\\/en\\\/winter-package\\\/\"]}]},{\"@type\":\"ImageObject\",\"inLanguage\":\"en-US\",\"@id\":\"https:\\\/\\\/www.hindseter.no\\\/en\\\/winter-package\\\/#primaryimage\",\"url\":\"https:\\\/\\\/www.hindseter.no\\\/wp-content\\\/uploads\\\/2022\\\/03\\\/MG_6336_1920x1080-uten-signatur.jpg\",\"contentUrl\":\"https:\\\/\\\/www.hindseter.no\\\/wp-content\\\/uploads\\\/2022\\\/03\\\/MG_6336_1920x1080-uten-signatur.jpg\",\"width\":1980,\"height\":1320},{\"@type\":\"BreadcrumbList\",\"@id\":\"https:\\\/\\\/www.hindseter.no\\\/en\\\/winter-package\\\/#breadcrumb\",\"itemListElement\":[{\"@type\":\"ListItem\",\"position\":1,\"name\":\"Hjem\",\"item\":\"https:\\\/\\\/www.hindseter.no\\\/en\\\/\"},{\"@type\":\"ListItem\",\"position\":2,\"name\":\"Winter package\"}]},{\"@type\":\"WebSite\",\"@id\":\"https:\\\/\\\/www.hindseter.no\\\/en\\\/#website\",\"url\":\"https:\\\/\\\/www.hindseter.no\\\/en\\\/\",\"name\":\"Hinds\u00e6ter i Jotunheimen\",\"description\":\"Bo p\u00e5 et historisk hotell, opplev unike m\u00e5ltid\",\"potentialAction\":[{\"@type\":\"SearchAction\",\"target\":{\"@type\":\"EntryPoint\",\"urlTemplate\":\"https:\\\/\\\/www.hindseter.no\\\/en\\\/?s={search_term_string}\"},\"query-input\":{\"@type\":\"PropertyValueSpecification\",\"valueRequired\":true,\"valueName\":\"search_term_string\"}}],\"inLanguage\":\"en-US\"}]}<\/script>\n<!-- \/ Yoast SEO plugin. -->","yoast_head_json":{"title":"Winter package - Hinds\u00e6ter i Jotunheimen","description":"Dive into wild winter nature following safe marked tracks and local guides. Experience silence, snow shoeing and the elk!","robots":{"index":"index","follow":"follow","max-snippet":"max-snippet:-1","max-image-preview":"max-image-preview:large","max-video-preview":"max-video-preview:-1"},"canonical":"https:\/\/www.hindseter.no\/en\/winter-package\/","og_locale":"en_US","og_type":"article","og_title":"Winter package - Hinds\u00e6ter i Jotunheimen","og_description":"Dive into wild winter nature following safe marked tracks and local guides. Experience silence, snow shoeing and the elk!","og_url":"https:\/\/www.hindseter.no\/en\/winter-package\/","og_site_name":"Hinds\u00e6ter i Jotunheimen","article_modified_time":"2025-03-17T13:48:12+00:00","og_image":[{"width":1980,"height":1320,"url":"https:\/\/www.hindseter.no\/wp-content\/uploads\/2022\/03\/MG_6336_1920x1080-uten-signatur.jpg","type":"image\/jpeg"}],"twitter_card":"summary_large_image","twitter_misc":{"Est. reading time":"5 minutes"},"schema":{"@context":"https:\/\/schema.org","@graph":[{"@type":"WebPage","@id":"https:\/\/www.hindseter.no\/en\/winter-package\/","url":"https:\/\/www.hindseter.no\/en\/winter-package\/","name":"Winter package - Hinds\u00e6ter i Jotunheimen","isPartOf":{"@id":"https:\/\/www.hindseter.no\/en\/#website"},"primaryImageOfPage":{"@id":"https:\/\/www.hindseter.no\/en\/winter-package\/#primaryimage"},"image":{"@id":"https:\/\/www.hindseter.no\/en\/winter-package\/#primaryimage"},"thumbnailUrl":"https:\/\/www.hindseter.no\/wp-content\/uploads\/2022\/03\/MG_6336_1920x1080-uten-signatur.jpg","datePublished":"2022-09-28T05:49:10+00:00","dateModified":"2025-03-17T13:48:12+00:00","description":"Dive into wild winter nature following safe marked tracks and local guides. Experience silence, snow shoeing and the elk!","breadcrumb":{"@id":"https:\/\/www.hindseter.no\/en\/winter-package\/#breadcrumb"},"inLanguage":"en-US","potentialAction":[{"@type":"ReadAction","target":["https:\/\/www.hindseter.no\/en\/winter-package\/"]}]},{"@type":"ImageObject","inLanguage":"en-US","@id":"https:\/\/www.hindseter.no\/en\/winter-package\/#primaryimage","url":"https:\/\/www.hindseter.no\/wp-content\/uploads\/2022\/03\/MG_6336_1920x1080-uten-signatur.jpg","contentUrl":"https:\/\/www.hindseter.no\/wp-content\/uploads\/2022\/03\/MG_6336_1920x1080-uten-signatur.jpg","width":1980,"height":1320},{"@type":"BreadcrumbList","@id":"https:\/\/www.hindseter.no\/en\/winter-package\/#breadcrumb","itemListElement":[{"@type":"ListItem","position":1,"name":"Hjem","item":"https:\/\/www.hindseter.no\/en\/"},{"@type":"ListItem","position":2,"name":"Winter package"}]},{"@type":"WebSite","@id":"https:\/\/www.hindseter.no\/en\/#website","url":"https:\/\/www.hindseter.no\/en\/","name":"Hinds\u00e6ter i Jotunheimen","description":"Bo p\u00e5 et historisk hotell, opplev unike m\u00e5ltid","potentialAction":[{"@type":"SearchAction","target":{"@type":"EntryPoint","urlTemplate":"https:\/\/www.hindseter.no\/en\/?s={search_term_string}"},"query-input":{"@type":"PropertyValueSpecification","valueRequired":true,"valueName":"search_term_string"}}],"inLanguage":"en-US"}]}},"_links":{"self":[{"href":"https:\/\/www.hindseter.no\/en\/wp-json\/wp\/v2\/pages\/909","targetHints":{"allow":["GET"]}}],"collection":[{"href":"https:\/\/www.hindseter.no\/en\/wp-json\/wp\/v2\/pages"}],"about":[{"href":"https:\/\/www.hindseter.no\/en\/wp-json\/wp\/v2\/types\/page"}],"author":[{"embeddable":true,"href":"https:\/\/www.hindseter.no\/en\/wp-json\/wp\/v2\/users\/2"}],"replies":[{"embeddable":true,"href":"https:\/\/www.hindseter.no\/en\/wp-json\/wp\/v2\/comments?post=909"}],"version-history":[{"count":10,"href":"https:\/\/www.hindseter.no\/en\/wp-json\/wp\/v2\/pages\/909\/revisions"}],"predecessor-version":[{"id":1711,"href":"https:\/\/www.hindseter.no\/en\/wp-json\/wp\/v2\/pages\/909\/revisions\/1711"}],"wp:featuredmedia":[{"embeddable":true,"href":"https:\/\/www.hindseter.no\/en\/wp-json\/wp\/v2\/media\/555"}],"wp:attachment":[{"href":"https:\/\/www.hindseter.no\/en\/wp-json\/wp\/v2\/media?parent=909"}],"curies":[{"name":"wp","href":"https:\/\/api.w.org\/{rel}","templated":true}]}}