{"id":650,"date":"2022-03-17T08:14:47","date_gmt":"2022-03-17T07:14:47","guid":{"rendered":"https:\/\/www.hindseter.no\/rein-gourmet\/"},"modified":"2022-05-25T11:55:56","modified_gmt":"2022-05-25T09:55:56","slug":"rein-gourmet","status":"publish","type":"page","link":"https:\/\/www.hindseter.no\/en\/rein-gourmet\/","title":{"rendered":"Rein gourmet"},"content":{"rendered":"<p>[et_pb_section fb_built=&#8221;1&#8243; _builder_version=&#8221;4.13.1&#8243; _module_preset=&#8221;default&#8221; background_color=&#8221;#f7f7f7&#8243; global_colors_info=&#8221;{}&#8221;][et_pb_row use_custom_gutter=&#8221;on&#8221; gutter_width=&#8221;1&#8243; _builder_version=&#8221;4.13.1&#8243; _module_preset=&#8221;default&#8221; background_color=&#8221;#f7f7f7&#8243; width=&#8221;100%&#8221; max_width=&#8221;1980px&#8221; custom_margin=&#8221;0px||0px||false|false&#8221; custom_padding=&#8221;0px||0px||false|false&#8221; global_colors_info=&#8221;{}&#8221;][et_pb_column type=&#8221;4_4&#8243; _builder_version=&#8221;4.13.1&#8243; _module_preset=&#8221;default&#8221; global_colors_info=&#8221;{}&#8221;][et_pb_image src=&#8221;https:\/\/www.hindseter.no\/wp-content\/uploads\/2022\/05\/Hindsaeter16-9.jpg&#8221; _builder_version=&#8221;4.13.1&#8243; _module_preset=&#8221;default&#8221; global_colors_info=&#8221;{}&#8221;][\/et_pb_image][\/et_pb_column][\/et_pb_row][\/et_pb_section][et_pb_section fb_built=&#8221;1&#8243; _builder_version=&#8221;4.13.1&#8243; _module_preset=&#8221;default&#8221; background_color=&#8221;#f7f7f7&#8243; background_enable_image=&#8221;off&#8221; background_size=&#8221;contain&#8221; background_position=&#8221;center_right&#8221; custom_margin=&#8221;0px||||false|false&#8221; custom_padding=&#8221;5vh||5vh||false|false&#8221; global_colors_info=&#8221;{}&#8221;][et_pb_row column_structure=&#8221;1_2,1_2&#8243; _builder_version=&#8221;4.13.1&#8243; _module_preset=&#8221;default&#8221; width=&#8221;60%&#8221; locked=&#8221;off&#8221; global_colors_info=&#8221;{}&#8221;][et_pb_column type=&#8221;1_2&#8243; _builder_version=&#8221;4.13.1&#8243; _module_preset=&#8221;default&#8221; global_colors_info=&#8221;{}&#8221;][et_pb_text _builder_version=&#8221;4.13.1&#8243; _module_preset=&#8221;default&#8221; text_font=&#8221;||||||||&#8221; width=&#8221;100%&#8221; custom_padding=&#8221;||1vh||false|false&#8221; global_colors_info=&#8221;{}&#8221;]<\/p>\n<h1>Rein Gourmet<\/h1>\n<p>Autumn long weekends 29.9. &#8211; 2.10. og 6.10. &#8211; 9.10.[\/et_pb_text][et_pb_button button_url=&#8221;mailto:post@hindseter.no&#8221; url_new_window=&#8221;on&#8221; button_text=&#8221;Book your stay by e-mail&#8221; _builder_version=&#8221;4.13.1&#8243; _module_preset=&#8221;default&#8221; custom_margin=&#8221;3vh||2vh||false|false&#8221; locked=&#8221;off&#8221; global_colors_info=&#8221;{}&#8221;][\/et_pb_button][\/et_pb_column][et_pb_column type=&#8221;1_2&#8243; _builder_version=&#8221;4.13.1&#8243; _module_preset=&#8221;default&#8221; background_color=&#8221;rgba(195,182,148,0.25)&#8221; global_colors_info=&#8221;{}&#8221;][et_pb_image src=&#8221;https:\/\/www.hindseter.no\/wp-content\/uploads\/2022\/03\/Matstedssamleren_Ikon_hindsaeter.png&#8221; title_text=&#8221;Matstedssamleren_Ikon_hinds\u00e6ter&#8221; _builder_version=&#8221;4.13.1&#8243; _module_preset=&#8221;default&#8221; background_enable_color=&#8221;off&#8221; width=&#8221;20%&#8221; max_width=&#8221;20%&#8221; custom_margin=&#8221;|||2vw|false|false&#8221; custom_padding=&#8221;||||false|false&#8221; global_colors_info=&#8221;{}&#8221;][\/et_pb_image][et_pb_text _builder_version=&#8221;4.13.1&#8243; _module_preset=&#8221;default&#8221; background_enable_color=&#8221;off&#8221; custom_margin=&#8221;||||false|false&#8221; custom_padding=&#8221;0vh|2vh|3vh|3vh|false|false&#8221; global_colors_info=&#8221;{}&#8221;]<\/p>\n<h2 style=\"text-align: left;\">Helgepakke med alt inkludert<\/h2>\n<p style=\"text-align: left;\">Langhelg \u00abRein Gourmet\u00bb:<br \/>kveldsmat, fjellmat-meny, gourmet-meny, \u00f8lsmaking, guided tur, kveldsunderholdning, fjellspa, tre overnattinger m\/ frokost, to nistepakke:<\/p>\n<p style=\"text-align: left;\">kr. 5.890,- pp i s\u00e6ter-suite\/ kr. 4.690,- pp i dblr.<\/p>\n<p style=\"text-align: left;\"><a href=\"https:\/\/www.hindseter.no\/wp-content\/uploads\/2022\/05\/host-rein-gourmet-2022.pdf\" target=\"_blank\" rel=\"noopener\"><span style=\"text-decoration: underline;\"><strong>Last ned PDF\u00a0<\/strong><\/span><\/a><\/p>\n<p>[\/et_pb_text][\/et_pb_column][\/et_pb_row][et_pb_row _builder_version=&#8221;4.13.1&#8243; _module_preset=&#8221;default&#8221; background_enable_color=&#8221;off&#8221; width=&#8221;58%&#8221; module_alignment=&#8221;center&#8221; custom_margin=&#8221;1vh|1vh|3vh|1vh|false|false&#8221; border_width_all=&#8221;1px&#8221; border_style_all=&#8221;dashed&#8221; global_colors_info=&#8221;{}&#8221;][et_pb_column type=&#8221;4_4&#8243; _builder_version=&#8221;4.13.1&#8243; _module_preset=&#8221;default&#8221; custom_padding=&#8221;3vh|3vw|1vh|3vw|false|false&#8221; global_colors_info=&#8221;{}&#8221;][et_pb_text _builder_version=&#8221;4.13.1&#8243; _module_preset=&#8221;default&#8221; hover_enabled=&#8221;0&#8243; global_colors_info=&#8221;{}&#8221; sticky_enabled=&#8221;0&#8243;]<\/p>\n<h2>Program<\/h2>\n<h4>Torsdag<\/h4>\n<p>Ankomst til enkel kveldsmat, serveres mellom kl 20 og 22<\/p>\n<h4>Fredag<\/h4>\n<p>Etter frokost 8 \u2013 10: kl 10 Rein Natur: Tur med naturguiden v\u00e5r &#8211; inn i reinsfjellet rundt Hinds\u00e6ter \u2013 over store sletter, langs sm\u00e5 elvejuv og gjennom s\u00e6terlandskap, historiefortelling og b\u00e5l underveis, ca. 4 t.<\/p>\n<p>Kl 14 Rein Spa: <a href=\"https:\/\/www.hindseter.no\/en\/mountain-spa\/\">Fjellspa p\u00e5 Hinds\u00e6ter er \u00e5pent<\/a> med badstue, infrar\u00f8dbadstue, massasjebad og et stillerom dekt med reinsdyrskinn. <a href=\"https:\/\/skrotten.no\/\" target=\"_blank\" rel=\"noopener\">Massasjeterapeut Unni H\u00f8iby<\/a> tilbyr behandlinger i stillerommet.<\/p>\n<p>Kl 18: Rein Fjellmat \u2013 fra v\u00e5rt gamle stabbur og eldhus samt \u00f8lsmaking av norske h\u00e5ndverks\u00f8l i hotellets \u00f8lkjeller<\/p>\n<p>Kl 21: Rein Fjellstemning: Sofie Kleppe fra <a href=\"https:\/\/uluofnorway.no\/\" target=\"_blank\" rel=\"noopener\">\u00abULU of Norway\u00bb<\/a> presenterer sitt arbeid basert p\u00e5 reinsdyrprodukter. Siden 2015 har hun bygd opp garveri- og designbedriften i V\u00e5g\u00e5 med m\u00e5l om \u00e5 formidle og utvikle tradisjonelt skinnh\u00e5ndverk<\/p>\n<h4>L\u00f8rdag<\/h4>\n<p>Etter frokost 8 \u2013 10 mulighet til \u00e5 bruke dagen i fjellet p\u00e5 egen h\u00e5nd, ta Gjendeb\u00e5ten for \u00e5 g\u00e5 Besseggen eller andre turer<\/p>\n<p>Kl 15 Rein Spa: Fjellspa p\u00e5 Hinds\u00e6ter er \u00e5pent med badstue, infrar\u00f8dbadstue, massasjebad og et stillerom dekt med reinsdyrskinn. Massasjeterapeut Unni H\u00f8iby tilbyr behandlinger i stillerommet.<\/p>\n<p>Kl 19 Rein Gourmet: <a href=\"https:\/\/www.hindseter.no\/en\/kitchen\/\">Hinds\u00e6terkokkene byr p\u00e5 en fem retters gourmet meny<\/a> med hovedvekt p\u00e5 reinsdyr.<\/p>\n<h4>S\u00f8ndag<\/h4>\n<p>Frokost 8 \u2013 10<\/p>\n<p>[\/et_pb_text][et_pb_divider _builder_version=&#8221;4.13.1&#8243; _module_preset=&#8221;default&#8221; custom_padding=&#8221;1vh||1vh||false|false&#8221; global_colors_info=&#8221;{}&#8221;][\/et_pb_divider][et_pb_text _builder_version=&#8221;4.13.1&#8243; _module_preset=&#8221;default&#8221; global_colors_info=&#8221;{}&#8221;]<\/p>\n<p>We are proud to have Unni H\u00f8iby (qualified massage therapist, educated by Axelsons Body Work School) for spa treatments \u2013 remember to book in advance.  <\/p>\n<p><a href=\"https:\/\/www.skrotten.com\" target=\"_blank\" rel=\"noopener\">www.skrotten.com<\/a><\/p>\n<p>[\/et_pb_text][\/et_pb_column][\/et_pb_row][\/et_pb_section]<\/p>\n","protected":false},"excerpt":{"rendered":"<p>Autumn long weekend with gourmet food, beer tasting, guided mountain hike, mountain spa and more!<\/p>\n","protected":false},"author":2,"featured_media":0,"parent":0,"menu_order":0,"comment_status":"closed","ping_status":"closed","template":"","meta":{"_et_pb_use_builder":"on","_et_pb_old_content":"","_et_gb_content_width":"","footnotes":""},"class_list":["post-650","page","type-page","status-publish","hentry"],"yoast_head":"<!-- This site is optimized with the Yoast SEO plugin v27.3 - https:\/\/yoast.com\/product\/yoast-seo-wordpress\/ -->\n<title>Rein gourmet - Hinds\u00e6ter i Jotunheimen<\/title>\n<meta name=\"description\" content=\"Autumn long weekend with gourmet food, beer tasting, guided mountain hike, mountain spa and more!\" \/>\n<meta name=\"robots\" content=\"index, follow, max-snippet:-1, max-image-preview:large, max-video-preview:-1\" \/>\n<link rel=\"canonical\" href=\"https:\/\/www.hindseter.no\/en\/rein-gourmet\/\" \/>\n<meta property=\"og:locale\" content=\"en_US\" \/>\n<meta property=\"og:type\" content=\"article\" \/>\n<meta property=\"og:title\" content=\"Rein gourmet - Hinds\u00e6ter i Jotunheimen\" \/>\n<meta property=\"og:description\" content=\"Autumn long weekend with gourmet food, beer tasting, guided mountain hike, mountain spa and more!\" \/>\n<meta property=\"og:url\" content=\"https:\/\/www.hindseter.no\/en\/rein-gourmet\/\" \/>\n<meta property=\"og:site_name\" content=\"Hinds\u00e6ter i Jotunheimen\" \/>\n<meta property=\"article:modified_time\" content=\"2022-05-25T09:55:56+00:00\" \/>\n<meta property=\"og:image\" content=\"https:\/\/www.hindseter.no\/wp-content\/uploads\/2022\/05\/Hindsaeter16-9-1024x576.jpg\" \/>\n<meta name=\"twitter:card\" content=\"summary_large_image\" \/>\n<meta name=\"twitter:label1\" content=\"Est. reading time\" \/>\n\t<meta name=\"twitter:data1\" content=\"4 minutes\" \/>\n<script type=\"application\/ld+json\" class=\"yoast-schema-graph\">{\"@context\":\"https:\\\/\\\/schema.org\",\"@graph\":[{\"@type\":\"WebPage\",\"@id\":\"https:\\\/\\\/www.hindseter.no\\\/en\\\/rein-gourmet\\\/\",\"url\":\"https:\\\/\\\/www.hindseter.no\\\/en\\\/rein-gourmet\\\/\",\"name\":\"Rein gourmet - Hinds\u00e6ter i Jotunheimen\",\"isPartOf\":{\"@id\":\"https:\\\/\\\/www.hindseter.no\\\/en\\\/#website\"},\"datePublished\":\"2022-03-17T07:14:47+00:00\",\"dateModified\":\"2022-05-25T09:55:56+00:00\",\"description\":\"Autumn long weekend with gourmet food, beer tasting, guided mountain hike, mountain spa and more!\",\"breadcrumb\":{\"@id\":\"https:\\\/\\\/www.hindseter.no\\\/en\\\/rein-gourmet\\\/#breadcrumb\"},\"inLanguage\":\"en-US\",\"potentialAction\":[{\"@type\":\"ReadAction\",\"target\":[\"https:\\\/\\\/www.hindseter.no\\\/en\\\/rein-gourmet\\\/\"]}]},{\"@type\":\"BreadcrumbList\",\"@id\":\"https:\\\/\\\/www.hindseter.no\\\/en\\\/rein-gourmet\\\/#breadcrumb\",\"itemListElement\":[{\"@type\":\"ListItem\",\"position\":1,\"name\":\"Hjem\",\"item\":\"https:\\\/\\\/www.hindseter.no\\\/en\\\/\"},{\"@type\":\"ListItem\",\"position\":2,\"name\":\"Rein gourmet\"}]},{\"@type\":\"WebSite\",\"@id\":\"https:\\\/\\\/www.hindseter.no\\\/en\\\/#website\",\"url\":\"https:\\\/\\\/www.hindseter.no\\\/en\\\/\",\"name\":\"Hinds\u00e6ter i Jotunheimen\",\"description\":\"Bo p\u00e5 et historisk hotell, opplev unike m\u00e5ltid\",\"potentialAction\":[{\"@type\":\"SearchAction\",\"target\":{\"@type\":\"EntryPoint\",\"urlTemplate\":\"https:\\\/\\\/www.hindseter.no\\\/en\\\/?s={search_term_string}\"},\"query-input\":{\"@type\":\"PropertyValueSpecification\",\"valueRequired\":true,\"valueName\":\"search_term_string\"}}],\"inLanguage\":\"en-US\"}]}<\/script>\n<!-- \/ Yoast SEO plugin. -->","yoast_head_json":{"title":"Rein gourmet - Hinds\u00e6ter i Jotunheimen","description":"Autumn long weekend with gourmet food, beer tasting, guided mountain hike, mountain spa and more!","robots":{"index":"index","follow":"follow","max-snippet":"max-snippet:-1","max-image-preview":"max-image-preview:large","max-video-preview":"max-video-preview:-1"},"canonical":"https:\/\/www.hindseter.no\/en\/rein-gourmet\/","og_locale":"en_US","og_type":"article","og_title":"Rein gourmet - Hinds\u00e6ter i Jotunheimen","og_description":"Autumn long weekend with gourmet food, beer tasting, guided mountain hike, mountain spa and more!","og_url":"https:\/\/www.hindseter.no\/en\/rein-gourmet\/","og_site_name":"Hinds\u00e6ter i Jotunheimen","article_modified_time":"2022-05-25T09:55:56+00:00","og_image":[{"url":"https:\/\/www.hindseter.no\/wp-content\/uploads\/2022\/05\/Hindsaeter16-9-1024x576.jpg","type":"","width":"","height":""}],"twitter_card":"summary_large_image","twitter_misc":{"Est. reading time":"4 minutes"},"schema":{"@context":"https:\/\/schema.org","@graph":[{"@type":"WebPage","@id":"https:\/\/www.hindseter.no\/en\/rein-gourmet\/","url":"https:\/\/www.hindseter.no\/en\/rein-gourmet\/","name":"Rein gourmet - Hinds\u00e6ter i Jotunheimen","isPartOf":{"@id":"https:\/\/www.hindseter.no\/en\/#website"},"datePublished":"2022-03-17T07:14:47+00:00","dateModified":"2022-05-25T09:55:56+00:00","description":"Autumn long weekend with gourmet food, beer tasting, guided mountain hike, mountain spa and more!","breadcrumb":{"@id":"https:\/\/www.hindseter.no\/en\/rein-gourmet\/#breadcrumb"},"inLanguage":"en-US","potentialAction":[{"@type":"ReadAction","target":["https:\/\/www.hindseter.no\/en\/rein-gourmet\/"]}]},{"@type":"BreadcrumbList","@id":"https:\/\/www.hindseter.no\/en\/rein-gourmet\/#breadcrumb","itemListElement":[{"@type":"ListItem","position":1,"name":"Hjem","item":"https:\/\/www.hindseter.no\/en\/"},{"@type":"ListItem","position":2,"name":"Rein gourmet"}]},{"@type":"WebSite","@id":"https:\/\/www.hindseter.no\/en\/#website","url":"https:\/\/www.hindseter.no\/en\/","name":"Hinds\u00e6ter i Jotunheimen","description":"Bo p\u00e5 et historisk hotell, opplev unike m\u00e5ltid","potentialAction":[{"@type":"SearchAction","target":{"@type":"EntryPoint","urlTemplate":"https:\/\/www.hindseter.no\/en\/?s={search_term_string}"},"query-input":{"@type":"PropertyValueSpecification","valueRequired":true,"valueName":"search_term_string"}}],"inLanguage":"en-US"}]}},"_links":{"self":[{"href":"https:\/\/www.hindseter.no\/en\/wp-json\/wp\/v2\/pages\/650","targetHints":{"allow":["GET"]}}],"collection":[{"href":"https:\/\/www.hindseter.no\/en\/wp-json\/wp\/v2\/pages"}],"about":[{"href":"https:\/\/www.hindseter.no\/en\/wp-json\/wp\/v2\/types\/page"}],"author":[{"embeddable":true,"href":"https:\/\/www.hindseter.no\/en\/wp-json\/wp\/v2\/users\/2"}],"replies":[{"embeddable":true,"href":"https:\/\/www.hindseter.no\/en\/wp-json\/wp\/v2\/comments?post=650"}],"version-history":[{"count":7,"href":"https:\/\/www.hindseter.no\/en\/wp-json\/wp\/v2\/pages\/650\/revisions"}],"predecessor-version":[{"id":845,"href":"https:\/\/www.hindseter.no\/en\/wp-json\/wp\/v2\/pages\/650\/revisions\/845"}],"wp:attachment":[{"href":"https:\/\/www.hindseter.no\/en\/wp-json\/wp\/v2\/media?parent=650"}],"curies":[{"name":"wp","href":"https:\/\/api.w.org\/{rel}","templated":true}]}}