{"id":647,"date":"2022-05-10T12:04:15","date_gmt":"2022-05-10T10:04:15","guid":{"rendered":"https:\/\/www.hindseter.no\/alp-romantic\/"},"modified":"2024-09-30T19:29:59","modified_gmt":"2024-09-30T17:29:59","slug":"alp-romantic","status":"publish","type":"page","link":"https:\/\/www.hindseter.no\/en\/alp-romantic\/","title":{"rendered":"Alp romantic"},"content":{"rendered":"<p>[et_pb_section fb_built=&#8221;1&#8243; _builder_version=&#8221;4.16&#8243; _module_preset=&#8221;default&#8221; background_color=&#8221;#f7f7f7&#8243; global_colors_info=&#8221;{}&#8221;][et_pb_row use_custom_gutter=&#8221;on&#8221; gutter_width=&#8221;1&#8243; _builder_version=&#8221;4.16&#8243; _module_preset=&#8221;default&#8221; background_color=&#8221;#f7f7f7&#8243; width=&#8221;100%&#8221; max_width=&#8221;1980px&#8221; custom_margin=&#8221;0px||0px||false|false&#8221; custom_padding=&#8221;0px||0px||false|false&#8221; global_colors_info=&#8221;{}&#8221;][et_pb_column type=&#8221;4_4&#8243; _builder_version=&#8221;4.16&#8243; _module_preset=&#8221;default&#8221; global_colors_info=&#8221;{}&#8221;][et_pb_image src=&#8221;https:\/\/www.hindseter.no\/wp-content\/uploads\/2022\/05\/hoeld-Tilpasset-1.jpg&#8221; _builder_version=&#8221;4.16&#8243; _module_preset=&#8221;default&#8221; global_colors_info=&#8221;{}&#8221;][\/et_pb_image][\/et_pb_column][\/et_pb_row][\/et_pb_section][et_pb_section fb_built=&#8221;1&#8243; _builder_version=&#8221;4.16&#8243; _module_preset=&#8221;default&#8221; background_color=&#8221;#f7f7f7&#8243; background_enable_image=&#8221;off&#8221; background_size=&#8221;contain&#8221; background_position=&#8221;center_right&#8221; custom_margin=&#8221;0px||||false|false&#8221; custom_padding=&#8221;5vh||5vh||false|false&#8221; global_colors_info=&#8221;{}&#8221;][et_pb_row column_structure=&#8221;1_2,1_2&#8243; _builder_version=&#8221;4.16&#8243; _module_preset=&#8221;default&#8221; width=&#8221;60%&#8221; global_colors_info=&#8221;{}&#8221;][et_pb_column type=&#8221;1_2&#8243; _builder_version=&#8221;4.16&#8243; _module_preset=&#8221;default&#8221; global_colors_info=&#8221;{}&#8221;][et_pb_text _builder_version=&#8221;4.16&#8243; _module_preset=&#8221;default&#8221; text_font=&#8221;||||||||&#8221; width=&#8221;100%&#8221; custom_padding=&#8221;||1vh||false|false&#8221; global_colors_info=&#8221;{}&#8221;]<\/p>\n<h1>Alp romantic<\/h1>\n<h3>nature and comfort in an Alp Suite <\/h3>\n<p>Enjoy the atmosphere, the view over Jotunheimen mountains and good flavours of local produce!<\/p>\n<p>[\/et_pb_text][et_pb_button button_url=&#8221;https:\/\/be.synxis.com\/?adult=2&#038;arrive=2023-12-12&#038;chain=9083&#038;child=0&#038;currency=NOK&#038;depart=2023-12-14&#038;hotel=44941&#038;level=hotel&#038;locale=en-US&#038;rate=ROMANTISK&#038;rooms=1&#8243; url_new_window=&#8221;on&#8221; button_text=&#8221;Book your stay&#8221; _builder_version=&#8221;4.23.1&#8243; _module_preset=&#8221;default&#8221; custom_margin=&#8221;3vh||2vh||false|false&#8221; locked=&#8221;off&#8221; global_colors_info=&#8221;{}&#8221;][\/et_pb_button][\/et_pb_column][et_pb_column type=&#8221;1_2&#8243; _builder_version=&#8221;4.16&#8243; _module_preset=&#8221;default&#8221; background_color=&#8221;rgba(195,182,148,0.25)&#8221; global_colors_info=&#8221;{}&#8221;][et_pb_image src=&#8221;https:\/\/www.hindseter.no\/wp-content\/uploads\/2022\/03\/Kjaeresteparet_Ikon_hindsaeter.png&#8221; title_text=&#8221;Kj\u00e6resteparet_Ikon_hinds\u00e6ter&#8221; _builder_version=&#8221;4.16&#8243; _module_preset=&#8221;default&#8221; background_enable_color=&#8221;off&#8221; width=&#8221;20%&#8221; max_width=&#8221;20%&#8221; custom_margin=&#8221;|||2vw|false|false&#8221; custom_padding=&#8221;2vh||||false|false&#8221; global_colors_info=&#8221;{}&#8221;][\/et_pb_image][et_pb_text _builder_version=&#8221;4.27.0&#8243; _module_preset=&#8221;default&#8221; background_enable_color=&#8221;off&#8221; custom_margin=&#8221;||||false|false&#8221; custom_padding=&#8221;0vh|2vh|3vh|3vh|false|false&#8221; hover_enabled=&#8221;0&#8243; global_colors_info=&#8221;{}&#8221; sticky_enabled=&#8221;0&#8243;]<\/p>\n<h2>Stay in alp suite all included<\/h2>\n<p>Stay in alp suite all included (sparkling drink&amp; snack, 2x evening dinner, 2x breakfast, use of mountain spa) NOK 4.690,- per person<\/p>\n<p>[\/et_pb_text][\/et_pb_column][\/et_pb_row][et_pb_row _builder_version=&#8221;4.16&#8243; _module_preset=&#8221;default&#8221; background_enable_color=&#8221;off&#8221; width=&#8221;58%&#8221; module_alignment=&#8221;center&#8221; custom_margin=&#8221;1vh|1vh|3vh|1vh|false|false&#8221; border_width_all=&#8221;1px&#8221; border_style_all=&#8221;dashed&#8221; global_colors_info=&#8221;{}&#8221;][et_pb_column type=&#8221;4_4&#8243; _builder_version=&#8221;4.16&#8243; _module_preset=&#8221;default&#8221; custom_padding=&#8221;3vh|3vw|1vh|3vw|false|false&#8221; global_colors_info=&#8221;{}&#8221;][et_pb_text _builder_version=&#8221;4.16&#8243; _module_preset=&#8221;default&#8221; global_colors_info=&#8221;{}&#8221;]<\/p>\n<h2>Program<\/h2>\n<h3>Day 1<\/h3>\n<p>Arrival to a sparkling drink and local snack which is ready for you i<a href=\"https:\/\/www.hindseter.no\/en\/rooms\/\">n the \u00abostebu\u00bb of your alp suite.<\/a> Enjoy the summer warmth in the mountain library with fantastic view or in front of the old timber walls on the terrace. Try one of our norwegian craftbeers before we ask you in for dinner at 7pm \u2013 a nice three dishes menu based on local produce.<\/p>\n<h3>Day 2<\/h3>\n<p>After a rich breakfast you can explore our marked trails through old alp landscape and nature reserves. Want to try a refreshing dip in the river? <a href=\"https:\/\/heidal-ysteri.no\/\">Heidal cheese factory and bakery<\/a> is just a 30 minutes drive from us and so is the cultural center of V\u00e5g\u00e5 with <a href=\"https:\/\/ullinsvin.no\/\">Galleri Ullinsvin<\/a> and a lot of nice small cafes.<\/p>\n<p>At the hotel: Relax in the suite, feel the warmth from the sheepskins on the armchair, book a private hour in the mountain spa or sit down by the fireplace in the lounge.<\/p>\n<p>7 pm Three dishes dinner <a href=\"https:\/\/www.hindseter.no\/en\/nature\/\">in the historic dining room from 1898<\/a><\/p>\n<p>After dinner you can take a little evening walk to the waterfall Stuttgongfossen, just 200 meters away.<\/p>\n<h3>Day 3<\/h3>\n<p>Departure after breakfast. Have a short look in our bakery with the romantic heartstone before you leave![\/et_pb_text][\/et_pb_column][\/et_pb_row][\/et_pb_section]<\/p>\n","protected":false},"excerpt":{"rendered":"<p>Enjoy the atmosphere, the view over Jotunheimen mountains and good flavours of local produce!<\/p>\n","protected":false},"author":2,"featured_media":0,"parent":0,"menu_order":0,"comment_status":"closed","ping_status":"closed","template":"","meta":{"_et_pb_use_builder":"on","_et_pb_old_content":"","_et_gb_content_width":"","footnotes":""},"class_list":["post-647","page","type-page","status-publish","hentry"],"yoast_head":"<!-- This site is optimized with the Yoast SEO plugin v27.3 - https:\/\/yoast.com\/product\/yoast-seo-wordpress\/ -->\n<title>Alp romantic - Hinds\u00e6ter i Jotunheimen<\/title>\n<meta name=\"description\" content=\"Enjoy the atmosphere, the view over Jotunheimen mountains and good flavours of local produce! Nature and comfort in an Alp Suite.\" \/>\n<meta name=\"robots\" content=\"index, follow, max-snippet:-1, max-image-preview:large, max-video-preview:-1\" \/>\n<link rel=\"canonical\" href=\"https:\/\/www.hindseter.no\/en\/alp-romantic\/\" \/>\n<meta property=\"og:locale\" content=\"en_US\" \/>\n<meta property=\"og:type\" content=\"article\" \/>\n<meta property=\"og:title\" content=\"Alp romantic - Hinds\u00e6ter i Jotunheimen\" \/>\n<meta property=\"og:description\" content=\"Enjoy the atmosphere, the view over Jotunheimen mountains and good flavours of local produce! Nature and comfort in an Alp Suite.\" \/>\n<meta property=\"og:url\" content=\"https:\/\/www.hindseter.no\/en\/alp-romantic\/\" \/>\n<meta property=\"og:site_name\" content=\"Hinds\u00e6ter i Jotunheimen\" \/>\n<meta property=\"article:modified_time\" content=\"2024-09-30T17:29:59+00:00\" \/>\n<meta property=\"og:image\" content=\"https:\/\/www.hindseter.no\/wp-content\/uploads\/2022\/05\/L6A5785-1024x576.jpg\" \/>\n<meta name=\"twitter:card\" content=\"summary_large_image\" \/>\n<meta name=\"twitter:label1\" content=\"Est. reading time\" \/>\n\t<meta name=\"twitter:data1\" content=\"3 minutes\" \/>\n<script type=\"application\/ld+json\" class=\"yoast-schema-graph\">{\"@context\":\"https:\\\/\\\/schema.org\",\"@graph\":[{\"@type\":\"WebPage\",\"@id\":\"https:\\\/\\\/www.hindseter.no\\\/en\\\/alp-romantic\\\/\",\"url\":\"https:\\\/\\\/www.hindseter.no\\\/en\\\/alp-romantic\\\/\",\"name\":\"Alp romantic - Hinds\u00e6ter i Jotunheimen\",\"isPartOf\":{\"@id\":\"https:\\\/\\\/www.hindseter.no\\\/en\\\/#website\"},\"datePublished\":\"2022-05-10T10:04:15+00:00\",\"dateModified\":\"2024-09-30T17:29:59+00:00\",\"description\":\"Enjoy the atmosphere, the view over Jotunheimen mountains and good flavours of local produce! Nature and comfort in an Alp Suite.\",\"breadcrumb\":{\"@id\":\"https:\\\/\\\/www.hindseter.no\\\/en\\\/alp-romantic\\\/#breadcrumb\"},\"inLanguage\":\"en-US\",\"potentialAction\":[{\"@type\":\"ReadAction\",\"target\":[\"https:\\\/\\\/www.hindseter.no\\\/en\\\/alp-romantic\\\/\"]}]},{\"@type\":\"BreadcrumbList\",\"@id\":\"https:\\\/\\\/www.hindseter.no\\\/en\\\/alp-romantic\\\/#breadcrumb\",\"itemListElement\":[{\"@type\":\"ListItem\",\"position\":1,\"name\":\"Hjem\",\"item\":\"https:\\\/\\\/www.hindseter.no\\\/en\\\/\"},{\"@type\":\"ListItem\",\"position\":2,\"name\":\"Alp romantic\"}]},{\"@type\":\"WebSite\",\"@id\":\"https:\\\/\\\/www.hindseter.no\\\/en\\\/#website\",\"url\":\"https:\\\/\\\/www.hindseter.no\\\/en\\\/\",\"name\":\"Hinds\u00e6ter i Jotunheimen\",\"description\":\"Bo p\u00e5 et historisk hotell, opplev unike m\u00e5ltid\",\"potentialAction\":[{\"@type\":\"SearchAction\",\"target\":{\"@type\":\"EntryPoint\",\"urlTemplate\":\"https:\\\/\\\/www.hindseter.no\\\/en\\\/?s={search_term_string}\"},\"query-input\":{\"@type\":\"PropertyValueSpecification\",\"valueRequired\":true,\"valueName\":\"search_term_string\"}}],\"inLanguage\":\"en-US\"}]}<\/script>\n<!-- \/ Yoast SEO plugin. -->","yoast_head_json":{"title":"Alp romantic - Hinds\u00e6ter i Jotunheimen","description":"Enjoy the atmosphere, the view over Jotunheimen mountains and good flavours of local produce! Nature and comfort in an Alp Suite.","robots":{"index":"index","follow":"follow","max-snippet":"max-snippet:-1","max-image-preview":"max-image-preview:large","max-video-preview":"max-video-preview:-1"},"canonical":"https:\/\/www.hindseter.no\/en\/alp-romantic\/","og_locale":"en_US","og_type":"article","og_title":"Alp romantic - Hinds\u00e6ter i Jotunheimen","og_description":"Enjoy the atmosphere, the view over Jotunheimen mountains and good flavours of local produce! Nature and comfort in an Alp Suite.","og_url":"https:\/\/www.hindseter.no\/en\/alp-romantic\/","og_site_name":"Hinds\u00e6ter i Jotunheimen","article_modified_time":"2024-09-30T17:29:59+00:00","og_image":[{"url":"https:\/\/www.hindseter.no\/wp-content\/uploads\/2022\/05\/L6A5785-1024x576.jpg","type":"","width":"","height":""}],"twitter_card":"summary_large_image","twitter_misc":{"Est. reading time":"3 minutes"},"schema":{"@context":"https:\/\/schema.org","@graph":[{"@type":"WebPage","@id":"https:\/\/www.hindseter.no\/en\/alp-romantic\/","url":"https:\/\/www.hindseter.no\/en\/alp-romantic\/","name":"Alp romantic - Hinds\u00e6ter i Jotunheimen","isPartOf":{"@id":"https:\/\/www.hindseter.no\/en\/#website"},"datePublished":"2022-05-10T10:04:15+00:00","dateModified":"2024-09-30T17:29:59+00:00","description":"Enjoy the atmosphere, the view over Jotunheimen mountains and good flavours of local produce! Nature and comfort in an Alp Suite.","breadcrumb":{"@id":"https:\/\/www.hindseter.no\/en\/alp-romantic\/#breadcrumb"},"inLanguage":"en-US","potentialAction":[{"@type":"ReadAction","target":["https:\/\/www.hindseter.no\/en\/alp-romantic\/"]}]},{"@type":"BreadcrumbList","@id":"https:\/\/www.hindseter.no\/en\/alp-romantic\/#breadcrumb","itemListElement":[{"@type":"ListItem","position":1,"name":"Hjem","item":"https:\/\/www.hindseter.no\/en\/"},{"@type":"ListItem","position":2,"name":"Alp romantic"}]},{"@type":"WebSite","@id":"https:\/\/www.hindseter.no\/en\/#website","url":"https:\/\/www.hindseter.no\/en\/","name":"Hinds\u00e6ter i Jotunheimen","description":"Bo p\u00e5 et historisk hotell, opplev unike m\u00e5ltid","potentialAction":[{"@type":"SearchAction","target":{"@type":"EntryPoint","urlTemplate":"https:\/\/www.hindseter.no\/en\/?s={search_term_string}"},"query-input":{"@type":"PropertyValueSpecification","valueRequired":true,"valueName":"search_term_string"}}],"inLanguage":"en-US"}]}},"_links":{"self":[{"href":"https:\/\/www.hindseter.no\/en\/wp-json\/wp\/v2\/pages\/647","targetHints":{"allow":["GET"]}}],"collection":[{"href":"https:\/\/www.hindseter.no\/en\/wp-json\/wp\/v2\/pages"}],"about":[{"href":"https:\/\/www.hindseter.no\/en\/wp-json\/wp\/v2\/types\/page"}],"author":[{"embeddable":true,"href":"https:\/\/www.hindseter.no\/en\/wp-json\/wp\/v2\/users\/2"}],"replies":[{"embeddable":true,"href":"https:\/\/www.hindseter.no\/en\/wp-json\/wp\/v2\/comments?post=647"}],"version-history":[{"count":9,"href":"https:\/\/www.hindseter.no\/en\/wp-json\/wp\/v2\/pages\/647\/revisions"}],"predecessor-version":[{"id":1405,"href":"https:\/\/www.hindseter.no\/en\/wp-json\/wp\/v2\/pages\/647\/revisions\/1405"}],"wp:attachment":[{"href":"https:\/\/www.hindseter.no\/en\/wp-json\/wp\/v2\/media?parent=647"}],"curies":[{"name":"wp","href":"https:\/\/api.w.org\/{rel}","templated":true}]}}