{"id":630,"date":"2021-11-26T08:50:30","date_gmt":"2021-11-26T07:50:30","guid":{"rendered":"https:\/\/www.hindseter.no\/contact\/"},"modified":"2026-01-05T11:17:34","modified_gmt":"2026-01-05T10:17:34","slug":"contact","status":"publish","type":"page","link":"https:\/\/www.hindseter.no\/en\/contact\/","title":{"rendered":"Contact"},"content":{"rendered":"<p>[et_pb_section fb_built=&#8221;1&#8243; fullwidth=&#8221;on&#8221; _builder_version=&#8221;4.16&#8243; _module_preset=&#8221;default&#8221; locked=&#8221;off&#8221; global_colors_info=&#8221;{}&#8221;][et_pb_map_fullwidth_extended address=&#8221;Sjodalsveien 1549, 2680 Tessanden, Norge&#8221; zoom_level=&#8221;16&#8243; address_lat=&#8221;61.6178698&#8243; address_lng=&#8221;8.9680307&#8243; infowindow_styles=&#8221;custom_style&#8221; map_options=&#8221;28&#8243; map_height=&#8221;60vh&#8221; _builder_version=&#8221;4.13.1&#8243; _module_preset=&#8221;default&#8221; global_colors_info=&#8221;{}&#8221;][et_pb_map_pin_extended title=&#8221;Hinds\u00e6ter&#8221; pin_website_text=&#8221;Veibeskrivelse &#8221; pin_website_url=&#8221;https:\/\/goo.gl\/maps\/8SexvAtoSvB8UgjW6&#8243; pin_address=&#8221;Sjodalsveien 1549, 2680 Tessanden, Norge&#8221; pin_address_lat=&#8221;61.6178698&#8243; pin_address_lng=&#8221;8.9680307&#8243; pin_on_off=&#8221;on&#8221; pin_src=&#8221;https:\/\/www.hindseter.no\/wp-content\/uploads\/2021\/11\/cropped-HindFavicon.png&#8221; pin_widthsize=&#8221;100px&#8221; pin_heightsize=&#8221;100px&#8221; _builder_version=&#8221;4.13.1&#8243; _module_preset=&#8221;default&#8221; global_colors_info=&#8221;{}&#8221;][\/et_pb_map_pin_extended][\/et_pb_map_fullwidth_extended][\/et_pb_section][et_pb_section fb_built=&#8221;1&#8243; _builder_version=&#8221;4.16&#8243; _module_preset=&#8221;default&#8221; background_image=&#8221;https:\/\/www.hindseter.no\/wp-content\/uploads\/2021\/12\/Stein129_spor-mindre.png&#8221; background_size=&#8221;contain&#8221; background_position=&#8221;bottom_right&#8221; global_colors_info=&#8221;{}&#8221;][et_pb_row _builder_version=&#8221;4.16&#8243; _module_preset=&#8221;default&#8221; custom_margin=&#8221;5vh||5vh|23vw|false|false&#8221; custom_margin_tablet=&#8221;5vh||5vh|23vw|false|false&#8221; custom_margin_phone=&#8221;1vh||5vh|8vw|false|false&#8221; custom_margin_last_edited=&#8221;on|phone&#8221; global_colors_info=&#8221;{}&#8221;][et_pb_column type=&#8221;4_4&#8243; _builder_version=&#8221;4.16&#8243; _module_preset=&#8221;default&#8221; background_color=&#8221;rgba(255,255,255,0.5)&#8221; global_colors_info=&#8221;{}&#8221;][et_pb_text _builder_version=&#8221;4.27.2&#8243; _module_preset=&#8221;default&#8221; custom_margin=&#8221;||1vh||false|false&#8221; global_colors_info=&#8221;{}&#8221;]<\/p>\n<h1>Enjoy your trip to us<\/h1>\n<p>[\/et_pb_text][et_pb_text _builder_version=&#8221;4.27.4&#8243; _module_preset=&#8221;default&#8221; module_alignment=&#8221;left&#8221; global_colors_info=&#8221;{}&#8221;]<\/p>\n<p>Hinds\u00e6ter is situated above the scenery road Valdresflya, with view over the river Sjoa and to the peaks of Jotunheimen.<br \/>Drive Valdresflya one way and the valley via Lillehammer the other to get the best of culture and nature experience.<br \/>The closest train station is Otta, 60 km. Bus only in summer, between Beitost\u00f8len and V\u00e5g\u00e5\/Lom.<br \/>Oslo 275 km, Trondheim 290 km, Stryn 122 km, Lillehammer 97 km.<\/p>\n<p>[\/et_pb_text][\/et_pb_column][\/et_pb_row][et_pb_row column_structure=&#8221;1_4,1_4,1_4,1_4&#8243; _builder_version=&#8221;4.16&#8243; _module_preset=&#8221;default&#8221; custom_margin=&#8221;5vh||5vh|23vw|false|false&#8221; custom_margin_tablet=&#8221;5vh||5vh|23vw|false|false&#8221; custom_margin_phone=&#8221;1vh||5vh|8vw|false|false&#8221; custom_margin_last_edited=&#8221;on|phone&#8221; global_colors_info=&#8221;{}&#8221;][et_pb_column type=&#8221;1_4&#8243; _builder_version=&#8221;4.16&#8243; _module_preset=&#8221;default&#8221; background_color=&#8221;rgba(255,255,255,0.5)&#8221; global_colors_info=&#8221;{}&#8221;][et_pb_button button_url=&#8221;https:\/\/be.synxis.com\/?adult=2&amp;arrive=2023-12-12&amp;chain=9083&amp;child=0&amp;currency=NOK&amp;depart=2023-12-13&amp;hotel=44941&amp;level=hotel&amp;locale=nb-NO&amp;rooms=1&#8243; url_new_window=&#8221;on&#8221; button_text=&#8221;Book your stay&#8221; button_alignment=&#8221;left&#8221; _builder_version=&#8221;4.27.2&#8243; _module_preset=&#8221;default&#8221; custom_margin=&#8221;||5vh||false|false&#8221; global_colors_info=&#8221;{}&#8221;][\/et_pb_button][\/et_pb_column][et_pb_column type=&#8221;1_4&#8243; _builder_version=&#8221;4.16&#8243; _module_preset=&#8221;default&#8221; background_color=&#8221;rgba(255,255,255,0.5)&#8221; global_colors_info=&#8221;{}&#8221;][et_pb_button button_url=&#8221;@ET-DC@eyJkeW5hbWljIjp0cnVlLCJjb250ZW50IjoicG9zdF9saW5rX3VybF9wYWdlIiwic2V0dGluZ3MiOnsicG9zdF9pZCI6IjE0ODkifX0=@&#8221; url_new_window=&#8221;on&#8221; button_text=&#8221;Buy gift voucher&#8221; button_alignment=&#8221;left&#8221; _builder_version=&#8221;4.27.2&#8243; _dynamic_attributes=&#8221;button_url&#8221; _module_preset=&#8221;default&#8221; custom_margin=&#8221;||5vh||false|false&#8221; global_colors_info=&#8221;{}&#8221;][\/et_pb_button][\/et_pb_column][et_pb_column type=&#8221;1_4&#8243; _builder_version=&#8221;4.16&#8243; _module_preset=&#8221;default&#8221; background_color=&#8221;rgba(255,255,255,0.5)&#8221; global_colors_info=&#8221;{}&#8221;][et_pb_button button_url=&#8221;mailto:post@hindseter.no&#8221; url_new_window=&#8221;on&#8221; button_text=&#8221;Book table&#8221; button_alignment=&#8221;left&#8221; _builder_version=&#8221;4.27.2&#8243; _module_preset=&#8221;default&#8221; custom_margin=&#8221;||5vh||false|false&#8221; global_colors_info=&#8221;{}&#8221;][\/et_pb_button][\/et_pb_column][et_pb_column type=&#8221;1_4&#8243; _builder_version=&#8221;4.16&#8243; _module_preset=&#8221;default&#8221; background_color=&#8221;rgba(255,255,255,0.5)&#8221; global_colors_info=&#8221;{}&#8221;][\/et_pb_column][\/et_pb_row][\/et_pb_section][et_pb_section fb_built=&#8221;1&#8243; _builder_version=&#8221;4.16&#8243; _module_preset=&#8221;default&#8221; background_color=&#8221;#e2dbcc&#8221; background_enable_image=&#8221;off&#8221; background_size=&#8221;contain&#8221; background_position=&#8221;center_right&#8221; custom_margin=&#8221;0px||||false|false&#8221; custom_padding=&#8221;5vh||||false|false&#8221; locked=&#8221;off&#8221; global_colors_info=&#8221;{}&#8221;][et_pb_row column_structure=&#8221;1_2,1_2&#8243; _builder_version=&#8221;4.27.2&#8243; _module_preset=&#8221;default&#8221; custom_margin=&#8221;||||false|false&#8221; global_colors_info=&#8221;{}&#8221;][et_pb_column type=&#8221;1_2&#8243; _builder_version=&#8221;4.16&#8243; _module_preset=&#8221;default&#8221; global_colors_info=&#8221;{}&#8221;][et_pb_text _builder_version=&#8221;4.27.4&#8243; _module_preset=&#8221;default&#8221; text_font=&#8221;||||||||&#8221; width=&#8221;100%&#8221; custom_padding=&#8221;||5vh||false|false&#8221; global_colors_info=&#8221;{}&#8221;]<\/p>\n<h1>Vertskapet<\/h1>\n<p><\/p>\n<p>\u00d8ivind and Mari-Ann, are delighted to welcome you to Hinds\u00e6ter. We feel most at home outdoors \u2013 whether gathered around a crackling fire, with a fishing rod in hand, or with the camera ready to capture moments in nature. Feel free to ask \u00d8ivind for hiking suggestions, great fishing spots, or tips on fire-building. He also bakes bread that usually makes guests reach for an extra slice.<\/p>\n<p><\/p>\n<p>Mari-Ann takes care of our guests, curates memorable food experiences, and is happy to share recommendations for good photo spots and nature experiences in the area. On cold days, she&#8217;ll gladly serve you a cup of homemade hot chocolate.<\/p>\n<p><\/p>\n<p>We have twin girls who love being outdoors \u2013 climbing, sledding, and experimenting with their own bread recipes. From time to time, Mari-Ann&#8217;s grown children, Anna and August, can also be seen around the hotel, lending a hand when needed.<\/p>\n<p><\/p>\n<p>Our hotel cat, Hindine, keeps a watchful eye on everything and makes sure the mice stay at a safe distance.<\/p>\n<p>[\/et_pb_text][\/et_pb_column][et_pb_column type=&#8221;1_2&#8243; _builder_version=&#8221;4.16&#8243; _module_preset=&#8221;default&#8221; global_colors_info=&#8221;{}&#8221;][et_pb_image src=&#8221;https:\/\/www.hindseter.no\/wp-content\/uploads\/2026\/01\/wDSCF0557-80.jpg&#8221; alt=&#8221;Vertskapet, Mari-Ann og \u00d8ivind&#8221; title_text=&#8221;Vertskapet, Mari-Ann og \u00d8ivind&#8221; _builder_version=&#8221;4.27.4&#8243; _module_preset=&#8221;default&#8221; custom_padding=&#8221;||0vh||false|false&#8221; hover_enabled=&#8221;0&#8243; global_colors_info=&#8221;{}&#8221; sticky_enabled=&#8221;0&#8243;][\/et_pb_image][et_pb_image src=&#8221;https:\/\/www.hindseter.no\/wp-content\/uploads\/2026\/01\/wDSCF0818-105.jpg&#8221; _builder_version=&#8221;4.27.4&#8243; _module_preset=&#8221;default&#8221; custom_padding=&#8221;||2vh||false|false&#8221; hover_enabled=&#8221;0&#8243; global_colors_info=&#8221;{}&#8221; sticky_enabled=&#8221;0&#8243;][\/et_pb_image][\/et_pb_column][\/et_pb_row][\/et_pb_section]<\/p>\n","protected":false},"excerpt":{"rendered":"<p>Enjoy your trip to usHinds\u00e6ter is situated above the scenery road Valdresflya, with view over the river Sjoa and to the peaks of Jotunheimen.Drive Valdresflya one way and the valley via Lillehammer the other to get the best of culture and nature experience.The closest train station is Otta, 60 km. Bus only in summer, between [&hellip;]<\/p>\n","protected":false},"author":2,"featured_media":0,"parent":0,"menu_order":0,"comment_status":"closed","ping_status":"closed","template":"","meta":{"_et_pb_use_builder":"on","_et_pb_old_content":"","_et_gb_content_width":"","footnotes":""},"class_list":["post-630","page","type-page","status-publish","hentry"],"yoast_head":"<!-- This site is optimized with the Yoast SEO plugin v27.3 - https:\/\/yoast.com\/product\/yoast-seo-wordpress\/ -->\n<title>Contact us - Hinds\u00e6ter i Jotunheimen<\/title>\n<meta name=\"description\" content=\"Welcome to Hinds\u00e6ter in Gudbrandsdalen, by Jotunheimen. Contact us for an unique stay in the mountains!\" \/>\n<meta name=\"robots\" content=\"index, follow, max-snippet:-1, max-image-preview:large, max-video-preview:-1\" \/>\n<link rel=\"canonical\" href=\"https:\/\/www.hindseter.no\/en\/contact\/\" \/>\n<meta property=\"og:locale\" content=\"en_US\" \/>\n<meta property=\"og:type\" content=\"article\" \/>\n<meta property=\"og:title\" content=\"Contact us - Hinds\u00e6ter i Jotunheimen\" \/>\n<meta property=\"og:description\" content=\"Welcome to Hinds\u00e6ter in Gudbrandsdalen, by Jotunheimen. Contact us for an unique stay in the mountains!\" \/>\n<meta property=\"og:url\" content=\"https:\/\/www.hindseter.no\/en\/contact\/\" \/>\n<meta property=\"og:site_name\" content=\"Hinds\u00e6ter i Jotunheimen\" \/>\n<meta property=\"article:modified_time\" content=\"2026-01-05T10:17:34+00:00\" \/>\n<meta property=\"og:image\" content=\"https:\/\/www.hindseter.no\/wp-content\/uploads\/2022\/05\/L6A5418-1024x612.jpg\" \/>\n<meta name=\"twitter:card\" content=\"summary_large_image\" \/>\n<meta name=\"twitter:label1\" content=\"Est. reading time\" \/>\n\t<meta name=\"twitter:data1\" content=\"5 minutes\" \/>\n<script type=\"application\/ld+json\" class=\"yoast-schema-graph\">{\"@context\":\"https:\\\/\\\/schema.org\",\"@graph\":[{\"@type\":\"WebPage\",\"@id\":\"https:\\\/\\\/www.hindseter.no\\\/en\\\/contact\\\/\",\"url\":\"https:\\\/\\\/www.hindseter.no\\\/en\\\/contact\\\/\",\"name\":\"Contact us - Hinds\u00e6ter i Jotunheimen\",\"isPartOf\":{\"@id\":\"https:\\\/\\\/www.hindseter.no\\\/en\\\/#website\"},\"datePublished\":\"2021-11-26T07:50:30+00:00\",\"dateModified\":\"2026-01-05T10:17:34+00:00\",\"description\":\"Welcome to Hinds\u00e6ter in Gudbrandsdalen, by Jotunheimen. Contact us for an unique stay in the mountains!\",\"breadcrumb\":{\"@id\":\"https:\\\/\\\/www.hindseter.no\\\/en\\\/contact\\\/#breadcrumb\"},\"inLanguage\":\"en-US\",\"potentialAction\":[{\"@type\":\"ReadAction\",\"target\":[\"https:\\\/\\\/www.hindseter.no\\\/en\\\/contact\\\/\"]}]},{\"@type\":\"BreadcrumbList\",\"@id\":\"https:\\\/\\\/www.hindseter.no\\\/en\\\/contact\\\/#breadcrumb\",\"itemListElement\":[{\"@type\":\"ListItem\",\"position\":1,\"name\":\"Hjem\",\"item\":\"https:\\\/\\\/www.hindseter.no\\\/en\\\/\"},{\"@type\":\"ListItem\",\"position\":2,\"name\":\"Contact\"}]},{\"@type\":\"WebSite\",\"@id\":\"https:\\\/\\\/www.hindseter.no\\\/en\\\/#website\",\"url\":\"https:\\\/\\\/www.hindseter.no\\\/en\\\/\",\"name\":\"Hinds\u00e6ter i Jotunheimen\",\"description\":\"Bo p\u00e5 et historisk hotell, opplev unike m\u00e5ltid\",\"potentialAction\":[{\"@type\":\"SearchAction\",\"target\":{\"@type\":\"EntryPoint\",\"urlTemplate\":\"https:\\\/\\\/www.hindseter.no\\\/en\\\/?s={search_term_string}\"},\"query-input\":{\"@type\":\"PropertyValueSpecification\",\"valueRequired\":true,\"valueName\":\"search_term_string\"}}],\"inLanguage\":\"en-US\"}]}<\/script>\n<!-- \/ Yoast SEO plugin. -->","yoast_head_json":{"title":"Contact us - Hinds\u00e6ter i Jotunheimen","description":"Welcome to Hinds\u00e6ter in Gudbrandsdalen, by Jotunheimen. Contact us for an unique stay in the mountains!","robots":{"index":"index","follow":"follow","max-snippet":"max-snippet:-1","max-image-preview":"max-image-preview:large","max-video-preview":"max-video-preview:-1"},"canonical":"https:\/\/www.hindseter.no\/en\/contact\/","og_locale":"en_US","og_type":"article","og_title":"Contact us - Hinds\u00e6ter i Jotunheimen","og_description":"Welcome to Hinds\u00e6ter in Gudbrandsdalen, by Jotunheimen. Contact us for an unique stay in the mountains!","og_url":"https:\/\/www.hindseter.no\/en\/contact\/","og_site_name":"Hinds\u00e6ter i Jotunheimen","article_modified_time":"2026-01-05T10:17:34+00:00","og_image":[{"url":"https:\/\/www.hindseter.no\/wp-content\/uploads\/2022\/05\/L6A5418-1024x612.jpg","type":"","width":"","height":""}],"twitter_card":"summary_large_image","twitter_misc":{"Est. reading time":"5 minutes"},"schema":{"@context":"https:\/\/schema.org","@graph":[{"@type":"WebPage","@id":"https:\/\/www.hindseter.no\/en\/contact\/","url":"https:\/\/www.hindseter.no\/en\/contact\/","name":"Contact us - Hinds\u00e6ter i Jotunheimen","isPartOf":{"@id":"https:\/\/www.hindseter.no\/en\/#website"},"datePublished":"2021-11-26T07:50:30+00:00","dateModified":"2026-01-05T10:17:34+00:00","description":"Welcome to Hinds\u00e6ter in Gudbrandsdalen, by Jotunheimen. Contact us for an unique stay in the mountains!","breadcrumb":{"@id":"https:\/\/www.hindseter.no\/en\/contact\/#breadcrumb"},"inLanguage":"en-US","potentialAction":[{"@type":"ReadAction","target":["https:\/\/www.hindseter.no\/en\/contact\/"]}]},{"@type":"BreadcrumbList","@id":"https:\/\/www.hindseter.no\/en\/contact\/#breadcrumb","itemListElement":[{"@type":"ListItem","position":1,"name":"Hjem","item":"https:\/\/www.hindseter.no\/en\/"},{"@type":"ListItem","position":2,"name":"Contact"}]},{"@type":"WebSite","@id":"https:\/\/www.hindseter.no\/en\/#website","url":"https:\/\/www.hindseter.no\/en\/","name":"Hinds\u00e6ter i Jotunheimen","description":"Bo p\u00e5 et historisk hotell, opplev unike m\u00e5ltid","potentialAction":[{"@type":"SearchAction","target":{"@type":"EntryPoint","urlTemplate":"https:\/\/www.hindseter.no\/en\/?s={search_term_string}"},"query-input":{"@type":"PropertyValueSpecification","valueRequired":true,"valueName":"search_term_string"}}],"inLanguage":"en-US"}]}},"_links":{"self":[{"href":"https:\/\/www.hindseter.no\/en\/wp-json\/wp\/v2\/pages\/630","targetHints":{"allow":["GET"]}}],"collection":[{"href":"https:\/\/www.hindseter.no\/en\/wp-json\/wp\/v2\/pages"}],"about":[{"href":"https:\/\/www.hindseter.no\/en\/wp-json\/wp\/v2\/types\/page"}],"author":[{"embeddable":true,"href":"https:\/\/www.hindseter.no\/en\/wp-json\/wp\/v2\/users\/2"}],"replies":[{"embeddable":true,"href":"https:\/\/www.hindseter.no\/en\/wp-json\/wp\/v2\/comments?post=630"}],"version-history":[{"count":19,"href":"https:\/\/www.hindseter.no\/en\/wp-json\/wp\/v2\/pages\/630\/revisions"}],"predecessor-version":[{"id":1798,"href":"https:\/\/www.hindseter.no\/en\/wp-json\/wp\/v2\/pages\/630\/revisions\/1798"}],"wp:attachment":[{"href":"https:\/\/www.hindseter.no\/en\/wp-json\/wp\/v2\/media?parent=630"}],"curies":[{"name":"wp","href":"https:\/\/api.w.org\/{rel}","templated":true}]}}