{"id":627,"date":"2022-01-27T07:58:54","date_gmt":"2022-01-27T06:58:54","guid":{"rendered":"https:\/\/www.hindseter.no\/philosophy\/"},"modified":"2026-01-05T12:15:21","modified_gmt":"2026-01-05T11:15:21","slug":"philosophy","status":"publish","type":"page","link":"https:\/\/www.hindseter.no\/en\/philosophy\/","title":{"rendered":"Philosophy"},"content":{"rendered":"<p>[et_pb_section fb_built=&#8221;1&#8243; _builder_version=&#8221;4.16&#8243; _module_preset=&#8221;default&#8221; background_enable_color=&#8221;off&#8221; custom_padding=&#8221;8px||0px||false|false&#8221; global_colors_info=&#8221;{}&#8221;][et_pb_row column_structure=&#8221;1_2,1_2&#8243; use_custom_gutter=&#8221;on&#8221; gutter_width=&#8221;1&#8243; _builder_version=&#8221;4.16&#8243; _module_preset=&#8221;default&#8221; background_enable_color=&#8221;off&#8221; width=&#8221;100%&#8221; max_width=&#8221;2560px&#8221; custom_margin=&#8221;||||false|false&#8221; custom_padding=&#8221;8px||0px||false|false&#8221; global_colors_info=&#8221;{}&#8221;][et_pb_column type=&#8221;1_2&#8243; _builder_version=&#8221;4.16&#8243; _module_preset=&#8221;default&#8221; global_colors_info=&#8221;{}&#8221;][et_pb_image src=&#8221;https:\/\/www.hindseter.no\/wp-content\/uploads\/2022\/03\/DSC_1778.jpg&#8221; align_tablet=&#8221;&#8221; align_phone=&#8221;&#8221; align_last_edited=&#8221;on|phone&#8221; _builder_version=&#8221;4.16&#8243; _module_preset=&#8221;default&#8221; background_color=&#8221;#f7f7f7&#8243; global_colors_info=&#8221;{}&#8221;][\/et_pb_image][\/et_pb_column][et_pb_column type=&#8221;1_2&#8243; _builder_version=&#8221;4.16&#8243; _module_preset=&#8221;default&#8221; global_colors_info=&#8221;{}&#8221;][et_pb_image src=&#8221;https:\/\/www.hindseter.no\/wp-content\/uploads\/2022\/03\/DSC_1564-01.jpg&#8221; disabled_on=&#8221;on|on|off&#8221; _builder_version=&#8221;4.16&#8243; _module_preset=&#8221;default&#8221; global_colors_info=&#8221;{}&#8221;][\/et_pb_image][\/et_pb_column][\/et_pb_row][\/et_pb_section][et_pb_section fb_built=&#8221;1&#8243; _builder_version=&#8221;4.16&#8243; _module_preset=&#8221;default&#8221; background_color=&#8221;#f7f7f7&#8243; background_image=&#8221;https:\/\/www.hindseter.no\/wp-content\/uploads\/2021\/12\/Stein129_spor-mindre.png&#8221; background_size=&#8221;contain&#8221; background_position=&#8221;center_right&#8221; custom_margin=&#8221;0px||||false|false&#8221; custom_padding=&#8221;5vh||||false|false&#8221; global_colors_info=&#8221;{}&#8221;][et_pb_row column_structure=&#8221;1_2,1_2&#8243; _builder_version=&#8221;4.16&#8243; _module_preset=&#8221;default&#8221; background_enable_color=&#8221;off&#8221; custom_padding=&#8221;||4vh||false|false&#8221; global_colors_info=&#8221;{}&#8221;][et_pb_column type=&#8221;1_2&#8243; _builder_version=&#8221;4.16&#8243; _module_preset=&#8221;default&#8221; global_colors_info=&#8221;{}&#8221;][et_pb_text _builder_version=&#8221;4.27.4&#8243; _module_preset=&#8221;default&#8221; text_font=&#8221;||||||||&#8221; background_color=&#8221;rgba(247,247,247,0.35)&#8221; width=&#8221;100%&#8221; custom_padding=&#8221;||2vh||false|false&#8221; global_colors_info=&#8221;{}&#8221;]<\/p>\n<h1>It was the alps<\/h1>\n<p><\/p>\n<p>which offered shelter and food to the first adventurers and tourists coming to experience and climb the mountains. The owner of Hinds\u00e6ter alp decided to build a hotel in 1898. There were quite a few artists staying and for a period Hinds\u00e6ter was called \u201cHotel of the Artists\u201d. You can still see the cultural landscape of the alp history with timber buildings, stone walls, wooden fences and animals.<br \/>You can still enjoy the view of Sjoa river<a href=\"https:\/\/www.hindseter.no\/en\/nature\/\">, Stuttgonglie Nature Reserve, and the peaks of Jotunheimen \u2013 just like it was over 100 years ago.<\/a><\/p>\n<p><\/p>\n<p>Hinds\u00e6ter takes care of this history. You find traces of it in your room, in the mountain spa and in the old timber walls of the dining rooms. Traces of the nature and culture you can find in the food and in the way we serve. In the local produce. In our wine-, beer- and aquavitselection. In our bakery and store house. In 2023 we have published our book with history and recipes from our kitchen. It is possible to purchase at the hotel.<\/p>\n<p><\/p>\n<p>Hinds\u00e6ter is proud holder of &#8220;Olavsrosa&#8221;, given by Norwegian Heritage <a href=\"https:\/\/kulturarv.no\/\" target=\"_blank\" rel=\"noopener\">Stiftelsen Norsk Kulturarv.<\/a><\/p>\n<p>[\/et_pb_text][et_pb_button button_url=&#8221;https:\/\/be.synxis.com\/?adult=2&amp;arrive=2023-12-12&amp;chain=9083&amp;child=0&amp;currency=NOK&amp;depart=2023-12-13&amp;hotel=44941&amp;level=hotel&amp;locale=nb-NO&amp;rooms=1&#8243; url_new_window=&#8221;on&#8221; button_text=&#8221;Book your stay&#8221; _builder_version=&#8221;4.23.1&#8243; _module_preset=&#8221;default&#8221; global_colors_info=&#8221;{}&#8221;][\/et_pb_button][\/et_pb_column][et_pb_column type=&#8221;1_2&#8243; _builder_version=&#8221;4.16&#8243; _module_preset=&#8221;default&#8221; global_colors_info=&#8221;{}&#8221;][\/et_pb_column][\/et_pb_row][\/et_pb_section][et_pb_section fb_built=&#8221;1&#8243; _builder_version=&#8221;4.16&#8243; _module_preset=&#8221;default&#8221; background_enable_color=&#8221;off&#8221; background_enable_image=&#8221;off&#8221; background_size=&#8221;initial&#8221; background_position=&#8221;bottom_left&#8221; custom_padding=&#8221;|||0px|false|false&#8221; locked=&#8221;off&#8221; global_colors_info=&#8221;{}&#8221;][et_pb_row column_structure=&#8221;1_2,1_2&#8243; _builder_version=&#8221;4.16&#8243; _module_preset=&#8221;default&#8221; background_enable_color=&#8221;off&#8221; custom_padding=&#8221;||4vh||false|false&#8221; locked=&#8221;off&#8221; global_colors_info=&#8221;{}&#8221;][et_pb_column type=&#8221;1_2&#8243; _builder_version=&#8221;4.16&#8243; _module_preset=&#8221;default&#8221; global_colors_info=&#8221;{}&#8221;][et_pb_text _builder_version=&#8221;4.27.4&#8243; _module_preset=&#8221;default&#8221; text_font=&#8221;||||||||&#8221; width=&#8221;100%&#8221; custom_padding=&#8221;||2vh||false|false&#8221; hover_enabled=&#8221;0&#8243; global_colors_info=&#8221;{}&#8221; background_enable_color=&#8221;off&#8221; sticky_enabled=&#8221;0&#8243;]<\/p>\n<h1>Regenerative and environmental philosophy<\/h1>\n<p><\/p>\n<p style=\"line-height: 100%; margin-bottom: 0cm;\">Situated close to Jotunheimen Nationalpark, between nature reserves, it is our duty to run our hotel as sustainable as possible. We are positive to more nature conservation and traffic restrictions. We decided ourselves not to extend our company, but to downsize and offer higher quality to less guests. Once the alps were extentions to the farms and used mountain natures resources, but in a sustainable way. It is not easy to get back to a circular economy today. Some steps are small, some bigger:<\/p>\n<p><\/p>\n<p style=\"line-height: 100%; margin-bottom: 0cm;\"><strong>Food and purchase<\/strong>: Our kitchen is based on seasonal, very local produce, preferably from Jotunheimen mountains and valleys. We work after a strict nose to tail philosophy, we do not buy fillet, chicken or sea farmed salmon. All our beers, cider and alcoholfree drinks are produced in Norway from small, partly local producers, all our wine is produced in Europe.<\/p>\n<p><\/p>\n<p style=\"line-height: 100%; margin-bottom: 0cm;\"><strong>Recycling<\/strong>: All garbage gets sorted. We ask our guests to help and use the sorting stations in our corridors. We work every day on reducing food waste, we run daily statistics and implement concrete actions together with our chefs.<\/p>\n<p><\/p>\n<p style=\"line-height: 100%; margin-bottom: 0cm;\"><strong>Energy:<\/strong> The hotel built a water power plant in 2007 together with the local saw mill. The power station covers all the energy needed at Hinds\u00e6ter in addition to a few more hundred households in our commune.<\/p>\n<p><\/p>\n<p style=\"line-height: 100%; margin-bottom: 0cm;\"><strong>Activities<\/strong>: The activities we offer our guests are nature experiences with no physical installations needed and very little impact on nature. Our marked hiking trails shall tempt you to book longer stays and experience nature directly from our doorstep. Our cross country trails are groomed with small scooters with minimal fuel use. We offer several tracks for snow shoes and mountain skis which are not prepared.<\/p>\n<p><\/p>\n<p style=\"line-height: 100%; margin-bottom: 0cm;\"><strong>Transport<\/strong>: Our guests have to travel to visit us. Public transport possibilities are rather limited in our remote situation. Our packages and our rates shall encourage to book longer stays. In winter we encourage our guests to travel with ferry and train and we offer bus shuttle from\/to Otta station. Our marketing focus is on Scandinavian and Northern Europe customers.<\/p>\n<p><\/p>\n<p style=\"line-height: 100%; margin-bottom: 0cm;\"><strong>Maintenance<\/strong>: During refurbishments we try to use used, old items and recycled material. New furniture is mainly produced locally. All wooden products are purchased from the local saw mill in Randsverk.<\/p>\n<p><\/p>\n<p style=\"line-height: 100%; margin-bottom: 0cm;\"><strong>Guest service<\/strong>: You shall find meaningful and natural decoration. We use organic soap. Bathrobes, bigger towels and extra pillows are available on demand. This way you help to avoid unnecessary laundry, and even more important: Unnecessary transport of heavy dirty laundry.<\/p>\n<p>[\/et_pb_text][et_pb_button button_url=&#8221;https:\/\/be.synxis.com\/?adult=2&amp;arrive=2023-12-12&amp;chain=9083&amp;child=0&amp;currency=NOK&amp;depart=2023-12-13&amp;hotel=44941&amp;level=hotel&amp;locale=nb-NO&amp;rooms=1&#8243; url_new_window=&#8221;on&#8221; button_text=&#8221;Book your stay&#8221; _builder_version=&#8221;4.23.1&#8243; _module_preset=&#8221;default&#8221; global_colors_info=&#8221;{}&#8221;][\/et_pb_button][\/et_pb_column][et_pb_column type=&#8221;1_2&#8243; _builder_version=&#8221;4.16&#8243; _module_preset=&#8221;default&#8221; global_colors_info=&#8221;{}&#8221;][\/et_pb_column][\/et_pb_row][\/et_pb_section]<\/p>\n","protected":false},"excerpt":{"rendered":"<p>It was the alpswhich offered shelter and food to the first adventurers and tourists coming to experience and climb the mountains. The owner of Hinds\u00e6ter alp decided to build a hotel in 1898. There were quite a few artists staying and for a period Hinds\u00e6ter was called \u201cHotel of the Artists\u201d. You can still see [&hellip;]<\/p>\n","protected":false},"author":2,"featured_media":0,"parent":0,"menu_order":0,"comment_status":"closed","ping_status":"closed","template":"","meta":{"_et_pb_use_builder":"on","_et_pb_old_content":"","_et_gb_content_width":"","footnotes":""},"class_list":["post-627","page","type-page","status-publish","hentry"],"yoast_head":"<!-- This site is optimized with the Yoast SEO plugin v27.3 - https:\/\/yoast.com\/product\/yoast-seo-wordpress\/ -->\n<title>Our philosophy<\/title>\n<meta name=\"description\" content=\"Hinds\u00e6ter takes care of its history. You find traces of it in your room, in the mountain spa and in the old timber walls of the dining rooms.\" \/>\n<meta name=\"robots\" content=\"index, follow, max-snippet:-1, max-image-preview:large, max-video-preview:-1\" \/>\n<link rel=\"canonical\" href=\"https:\/\/www.hindseter.no\/en\/philosophy\/\" \/>\n<meta property=\"og:locale\" content=\"en_US\" \/>\n<meta property=\"og:type\" content=\"article\" \/>\n<meta property=\"og:title\" content=\"Our philosophy\" \/>\n<meta property=\"og:description\" content=\"Hinds\u00e6ter takes care of its history. You find traces of it in your room, in the mountain spa and in the old timber walls of the dining rooms.\" \/>\n<meta property=\"og:url\" content=\"https:\/\/www.hindseter.no\/en\/philosophy\/\" \/>\n<meta property=\"og:site_name\" content=\"Hinds\u00e6ter i Jotunheimen\" \/>\n<meta property=\"article:modified_time\" content=\"2026-01-05T11:15:21+00:00\" \/>\n<meta property=\"og:image\" content=\"https:\/\/www.hindseter.no\/wp-content\/uploads\/2022\/03\/DSC_1778-1024x683.jpg\" \/>\n<meta name=\"twitter:card\" content=\"summary_large_image\" \/>\n<meta name=\"twitter:label1\" content=\"Est. reading time\" \/>\n\t<meta name=\"twitter:data1\" content=\"6 minutes\" \/>\n<script type=\"application\/ld+json\" class=\"yoast-schema-graph\">{\"@context\":\"https:\\\/\\\/schema.org\",\"@graph\":[{\"@type\":\"WebPage\",\"@id\":\"https:\\\/\\\/www.hindseter.no\\\/en\\\/philosophy\\\/\",\"url\":\"https:\\\/\\\/www.hindseter.no\\\/en\\\/philosophy\\\/\",\"name\":\"Our philosophy\",\"isPartOf\":{\"@id\":\"https:\\\/\\\/www.hindseter.no\\\/en\\\/#website\"},\"datePublished\":\"2022-01-27T06:58:54+00:00\",\"dateModified\":\"2026-01-05T11:15:21+00:00\",\"description\":\"Hinds\u00e6ter takes care of its history. You find traces of it in your room, in the mountain spa and in the old timber walls of the dining rooms.\",\"breadcrumb\":{\"@id\":\"https:\\\/\\\/www.hindseter.no\\\/en\\\/philosophy\\\/#breadcrumb\"},\"inLanguage\":\"en-US\",\"potentialAction\":[{\"@type\":\"ReadAction\",\"target\":[\"https:\\\/\\\/www.hindseter.no\\\/en\\\/philosophy\\\/\"]}]},{\"@type\":\"BreadcrumbList\",\"@id\":\"https:\\\/\\\/www.hindseter.no\\\/en\\\/philosophy\\\/#breadcrumb\",\"itemListElement\":[{\"@type\":\"ListItem\",\"position\":1,\"name\":\"Hjem\",\"item\":\"https:\\\/\\\/www.hindseter.no\\\/en\\\/\"},{\"@type\":\"ListItem\",\"position\":2,\"name\":\"Philosophy\"}]},{\"@type\":\"WebSite\",\"@id\":\"https:\\\/\\\/www.hindseter.no\\\/en\\\/#website\",\"url\":\"https:\\\/\\\/www.hindseter.no\\\/en\\\/\",\"name\":\"Hinds\u00e6ter i Jotunheimen\",\"description\":\"Bo p\u00e5 et historisk hotell, opplev unike m\u00e5ltid\",\"potentialAction\":[{\"@type\":\"SearchAction\",\"target\":{\"@type\":\"EntryPoint\",\"urlTemplate\":\"https:\\\/\\\/www.hindseter.no\\\/en\\\/?s={search_term_string}\"},\"query-input\":{\"@type\":\"PropertyValueSpecification\",\"valueRequired\":true,\"valueName\":\"search_term_string\"}}],\"inLanguage\":\"en-US\"}]}<\/script>\n<!-- \/ Yoast SEO plugin. -->","yoast_head_json":{"title":"Our philosophy","description":"Hinds\u00e6ter takes care of its history. You find traces of it in your room, in the mountain spa and in the old timber walls of the dining rooms.","robots":{"index":"index","follow":"follow","max-snippet":"max-snippet:-1","max-image-preview":"max-image-preview:large","max-video-preview":"max-video-preview:-1"},"canonical":"https:\/\/www.hindseter.no\/en\/philosophy\/","og_locale":"en_US","og_type":"article","og_title":"Our philosophy","og_description":"Hinds\u00e6ter takes care of its history. You find traces of it in your room, in the mountain spa and in the old timber walls of the dining rooms.","og_url":"https:\/\/www.hindseter.no\/en\/philosophy\/","og_site_name":"Hinds\u00e6ter i Jotunheimen","article_modified_time":"2026-01-05T11:15:21+00:00","og_image":[{"url":"https:\/\/www.hindseter.no\/wp-content\/uploads\/2022\/03\/DSC_1778-1024x683.jpg","type":"","width":"","height":""}],"twitter_card":"summary_large_image","twitter_misc":{"Est. reading time":"6 minutes"},"schema":{"@context":"https:\/\/schema.org","@graph":[{"@type":"WebPage","@id":"https:\/\/www.hindseter.no\/en\/philosophy\/","url":"https:\/\/www.hindseter.no\/en\/philosophy\/","name":"Our philosophy","isPartOf":{"@id":"https:\/\/www.hindseter.no\/en\/#website"},"datePublished":"2022-01-27T06:58:54+00:00","dateModified":"2026-01-05T11:15:21+00:00","description":"Hinds\u00e6ter takes care of its history. You find traces of it in your room, in the mountain spa and in the old timber walls of the dining rooms.","breadcrumb":{"@id":"https:\/\/www.hindseter.no\/en\/philosophy\/#breadcrumb"},"inLanguage":"en-US","potentialAction":[{"@type":"ReadAction","target":["https:\/\/www.hindseter.no\/en\/philosophy\/"]}]},{"@type":"BreadcrumbList","@id":"https:\/\/www.hindseter.no\/en\/philosophy\/#breadcrumb","itemListElement":[{"@type":"ListItem","position":1,"name":"Hjem","item":"https:\/\/www.hindseter.no\/en\/"},{"@type":"ListItem","position":2,"name":"Philosophy"}]},{"@type":"WebSite","@id":"https:\/\/www.hindseter.no\/en\/#website","url":"https:\/\/www.hindseter.no\/en\/","name":"Hinds\u00e6ter i Jotunheimen","description":"Bo p\u00e5 et historisk hotell, opplev unike m\u00e5ltid","potentialAction":[{"@type":"SearchAction","target":{"@type":"EntryPoint","urlTemplate":"https:\/\/www.hindseter.no\/en\/?s={search_term_string}"},"query-input":{"@type":"PropertyValueSpecification","valueRequired":true,"valueName":"search_term_string"}}],"inLanguage":"en-US"}]}},"_links":{"self":[{"href":"https:\/\/www.hindseter.no\/en\/wp-json\/wp\/v2\/pages\/627","targetHints":{"allow":["GET"]}}],"collection":[{"href":"https:\/\/www.hindseter.no\/en\/wp-json\/wp\/v2\/pages"}],"about":[{"href":"https:\/\/www.hindseter.no\/en\/wp-json\/wp\/v2\/types\/page"}],"author":[{"embeddable":true,"href":"https:\/\/www.hindseter.no\/en\/wp-json\/wp\/v2\/users\/2"}],"replies":[{"embeddable":true,"href":"https:\/\/www.hindseter.no\/en\/wp-json\/wp\/v2\/comments?post=627"}],"version-history":[{"count":16,"href":"https:\/\/www.hindseter.no\/en\/wp-json\/wp\/v2\/pages\/627\/revisions"}],"predecessor-version":[{"id":1800,"href":"https:\/\/www.hindseter.no\/en\/wp-json\/wp\/v2\/pages\/627\/revisions\/1800"}],"wp:attachment":[{"href":"https:\/\/www.hindseter.no\/en\/wp-json\/wp\/v2\/media?parent=627"}],"curies":[{"name":"wp","href":"https:\/\/api.w.org\/{rel}","templated":true}]}}