{"id":624,"date":"2021-11-26T08:13:11","date_gmt":"2021-11-26T07:13:11","guid":{"rendered":"https:\/\/www.hindseter.no\/nature\/"},"modified":"2024-12-17T14:38:30","modified_gmt":"2024-12-17T13:38:30","slug":"nature","status":"publish","type":"page","link":"https:\/\/www.hindseter.no\/en\/nature\/","title":{"rendered":"Nature"},"content":{"rendered":"<p>[et_pb_section fb_built=&#8221;1&#8243; _builder_version=&#8221;4.16&#8243; _module_preset=&#8221;default&#8221; custom_padding=&#8221;8px||0px||false|false&#8221; global_colors_info=&#8221;{}&#8221;][et_pb_row column_structure=&#8221;1_2,1_2&#8243; use_custom_gutter=&#8221;on&#8221; gutter_width=&#8221;1&#8243; _builder_version=&#8221;4.16&#8243; _module_preset=&#8221;default&#8221; background_enable_color=&#8221;off&#8221; width=&#8221;100%&#8221; max_width=&#8221;2560px&#8221; custom_margin=&#8221;||||false|false&#8221; custom_padding=&#8221;8px||0px||false|false&#8221; locked=&#8221;off&#8221; global_colors_info=&#8221;{}&#8221;][et_pb_column type=&#8221;1_2&#8243; _builder_version=&#8221;4.16&#8243; _module_preset=&#8221;default&#8221; global_colors_info=&#8221;{}&#8221;][et_pb_image src=&#8221;https:\/\/www.hindseter.no\/wp-content\/uploads\/2022\/03\/AL6A5276.jpg&#8221; disabled_on=&#8221;off|off|off&#8221; _builder_version=&#8221;4.16&#8243; _module_preset=&#8221;default&#8221; global_colors_info=&#8221;{}&#8221;][\/et_pb_image][\/et_pb_column][et_pb_column type=&#8221;1_2&#8243; _builder_version=&#8221;4.16&#8243; _module_preset=&#8221;default&#8221; global_colors_info=&#8221;{}&#8221;][et_pb_image src=&#8221;https:\/\/www.hindseter.no\/wp-content\/uploads\/2022\/03\/Hindseter_drone.jpg&#8221; disabled_on=&#8221;on|on|off&#8221; _builder_version=&#8221;4.16&#8243; _module_preset=&#8221;default&#8221; global_colors_info=&#8221;{}&#8221;][\/et_pb_image][\/et_pb_column][\/et_pb_row][et_pb_row column_structure=&#8221;1_2,1_2&#8243; _builder_version=&#8221;4.16&#8243; _module_preset=&#8221;default&#8221; global_colors_info=&#8221;{}&#8221;][et_pb_column type=&#8221;1_2&#8243; _builder_version=&#8221;4.16&#8243; _module_preset=&#8221;default&#8221; global_colors_info=&#8221;{}&#8221;][et_pb_accordion _builder_version=&#8221;4.25.0&#8243; _module_preset=&#8221;default&#8221; border_width_all=&#8221;0px&#8221; global_colors_info=&#8221;{}&#8221;][et_pb_accordion_item title=&#8221;Summer and autumn&#8221; open=&#8221;on&#8221; open_toggle_background_color=&#8221;#ffffff&#8221; closed_toggle_background_color=&#8221;#FFFFFF&#8221; toggle_icon=&#8221;&#x32;||divi||400&#8243; _builder_version=&#8221;4.25.0&#8243; _module_preset=&#8221;default&#8221; global_colors_info=&#8221;{}&#8221; toggle_text_color=&#8221;#826f2c&#8221; toggle_level=&#8221;h2&#8243;]<\/p>\n<p>Follow marked hiking trails to canyons, waterfalls, lakes, mountain landscape, birch or pine tree forest &#8211; from the doorstep \u2013 from end of May until autumn.<\/p>\n<p>[\/et_pb_accordion_item][et_pb_accordion_item title=&#8221;Read more&#8221; open_toggle_background_color=&#8221;#f7f7f7&#8243; closed_toggle_background_color=&#8221;#f7f7f7&#8243; toggle_icon=&#8221;&#x33;||divi||400&#8243; _builder_version=&#8221;4.25.0&#8243; _module_preset=&#8221;default&#8221; hover_enabled=&#8221;0&#8243; global_colors_info=&#8221;{}&#8221; closed_toggle_font=&#8221;|600|||||||&#8221; closed_toggle_font_size=&#8221;16px&#8221; open=&#8221;off&#8221; sticky_enabled=&#8221;0&#8243;]<\/p>\n<p>Jotunheimens biggest attractions, Besseggen, Glittertind and Galdh\u00f8piggen are all reachable as a day trip from Hinds\u00e6ter. Besides the nature reserves with red listed plants and old pine trees we want to recommand our hidden gems with you:<\/p>\n<h4 style=\"padding-left: 40px;\">Hindflya<\/h4>\n<p style=\"padding-left: 40px;\">The marked trail follows the river Storhinde. Fantastic canyon, incredible wide landscape on Hindflya. In good conditions try to continue the not marked round via Nilsebekken and Veo. Our nicest gem!<\/p>\n<h4 style=\"padding-left: 40px;\">Griningsdalen by bike<\/h4>\n<p style=\"padding-left: 40px;\">On gravel and forest trail to Griningsdalen valley, a beautiful valley with many summer farms. Here you can enjoy the silence and mountain romance, before you return along Griningsdalskampen and around Nedre Sjodalsvatnet lake. Make sure the goats are not following you!<\/p>\n<h4 style=\"padding-left: 40px;\">Stuttgongkampen\/ Tj\u00f8nnosdalen<\/h4>\n<p style=\"padding-left: 40px;\">The great variation on the marked trail over the peak is well known, it is the unmarked valley Tj\u00f8nnosdalen which is the hidden gem. Enjoy and do not tell anyone else&#8230;<\/p>\n<h4 style=\"padding-left: 40px;\">Knutsh\u00f8e<\/h4>\n<p style=\"padding-left: 40px;\">Also known as &#8220;little Besseggen&#8221;, but it is actually a tough hike with a bit of scrambling. Beats Besseggen if you ask the hosts. Not really a hidden gem anymore, but its not going to disappoint you. A bit off-season and you will have Knutsh\u00f8 for yourself!<\/p>\n<h4 style=\"padding-left: 40px;\">Riddarspranget by bike<\/h4>\n<p style=\"padding-left: 40px;\">Cycle main road down to Riddarspranget. Cross river Sjoa at its wildest spot via bridge on the other side. Enjoy the nice gravel road and the silence following the river upstreams from here. Side trip to hidden gem Salli s\u00e6ter! When the road ends you have to take a narrow path through the woods, appr. 200 meter of carrying up to Gammel S\u00e6ter. Remember to take a picture at the wonderous brigde over Sala creek.<\/p>\n<h4 style=\"padding-left: 40px;\">Stuttgongfossen<\/h4>\n<p style=\"padding-left: 40px;\">One of Sjoa River&#8217;s most beautiful waterfalls, only 300 meters from the hotel. Nice trip both before or after dinner. Ask us for our secret places for a dip in the river or fishing spots!<\/p>\n<p style=\"padding-left: 40px;\"><a href=\"https:\/\/www.hindseter.no\/wp-content\/uploads\/2022\/01\/vandrekart_-_brosjyre.pdf\" target=\"_blank\" rel=\"noopener\">Find our hiking map here!<\/a><\/p>\n<p>[\/et_pb_accordion_item][\/et_pb_accordion][\/et_pb_column][et_pb_column type=&#8221;1_2&#8243; _builder_version=&#8221;4.16&#8243; _module_preset=&#8221;default&#8221; global_colors_info=&#8221;{}&#8221;][et_pb_image src=&#8221;https:\/\/www.hindseter.no\/wp-content\/uploads\/2022\/03\/Hindseter_drone.jpg&#8221; disabled_on=&#8221;off|off|on&#8221; _builder_version=&#8221;4.16&#8243; _module_preset=&#8221;default&#8221; global_colors_info=&#8221;{}&#8221;][\/et_pb_image][et_pb_accordion _builder_version=&#8221;4.17.4&#8243; _module_preset=&#8221;default&#8221; border_width_all=&#8221;0px&#8221; global_colors_info=&#8221;{}&#8221;][et_pb_accordion_item title=&#8221;Winter&#8221; open=&#8221;on&#8221; open_toggle_background_color=&#8221;#ffffff&#8221; closed_toggle_background_color=&#8221;#FFFFFF&#8221; toggle_icon=&#8221;&#x32;||divi||400&#8243; _builder_version=&#8221;4.16&#8243; _module_preset=&#8221;default&#8221; global_colors_info=&#8221;{}&#8221; toggle_text_color=&#8221;#826f2c&#8221; toggle_level=&#8221;h2&#8243;]<\/p>\n<p>Downhill, cross country, touring ski. Snowshoeing, dog sledding, Ice canyoning. You decide!<\/p>\n<p>[\/et_pb_accordion_item][et_pb_accordion_item title=&#8221;Read more&#8221; open_toggle_background_color=&#8221;#f7f7f7&#8243; closed_toggle_background_color=&#8221;#f7f7f7&#8243; toggle_icon=&#8221;&#x33;||divi||400&#8243; _builder_version=&#8221;4.17.4&#8243; _module_preset=&#8221;default&#8221; global_colors_info=&#8221;{}&#8221; closed_toggle_font=&#8221;|600|||||||&#8221; closed_toggle_font_size=&#8221;16px&#8221; open=&#8221;off&#8221;]Just at the doorstep you can start your cross country ski trip. You will find both sheltered tracks through the forest, idyllic tracks along the Sjoa river, and mountain tracks with wonderful views. We also offer designated snowshoe tracks and just 3 km from the hotel you can try dog sledding.<\/p>\n<p>It is possible to climb Stuttgongkampen (1418 masl), Nautgardstinden (2258 masl), Russli Rundh\u00f8 (1825 masl) or Stornubben (2174 masl) directly from the hotel on skis.<\/p>\n<p><a href=\"https:\/\/www.lemonsjo-alpinsenter.no\/\" target=\"_blank\" rel=\"noopener\">Lemonsj\u00f8en Ski Area<\/a>, 20 min drive from Hinds\u00e6ter, offers possibilities for downhill skiing.<\/p>\n<p>Book Ice canyoning with us:<br \/>\nA tour in the world of ice by Sjoa river. We follow a route into ice caves, behind frozen waterfalls and along ice formations of all shapes and colors. We move through narrow passages, along big rocks, sometimes in the canyon, then again high above. We go by foot and our guides lead you safely. For everyone with a love for adventure and the beauty of nature.<br \/>\n<a href=\"https:\/\/www.hindseter.no\/en\/winter-package\/\" rel=\"noopener\" target=\"_blank\">See picture in our winter package here!<\/a>[\/et_pb_accordion_item][\/et_pb_accordion][\/et_pb_column][\/et_pb_row][\/et_pb_section][et_pb_section fb_built=&#8221;1&#8243; _builder_version=&#8221;4.16&#8243; _module_preset=&#8221;default&#8221; global_colors_info=&#8221;{}&#8221;][et_pb_row column_structure=&#8221;1_2,1_2&#8243; _builder_version=&#8221;4.16&#8243; _module_preset=&#8221;default&#8221; custom_margin=&#8221;||5vh||false|false&#8221; global_colors_info=&#8221;{}&#8221;][et_pb_column type=&#8221;1_2&#8243; _builder_version=&#8221;4.16&#8243; _module_preset=&#8221;default&#8221; global_colors_info=&#8221;{}&#8221;][et_pb_image src=&#8221;https:\/\/www.hindseter.no\/wp-content\/uploads\/2022\/04\/Kristoffer-Maele-Thuestad.jpg&#8221; _builder_version=&#8221;4.16&#8243; _module_preset=&#8221;default&#8221; global_colors_info=&#8221;{}&#8221;][\/et_pb_image][et_pb_accordion _builder_version=&#8221;4.16&#8243; _module_preset=&#8221;default&#8221; border_width_all=&#8221;0px&#8221; global_colors_info=&#8221;{}&#8221;][et_pb_accordion_item title=&#8221;Besseggen&#8221; open=&#8221;on&#8221; open_toggle_background_color=&#8221;#ffffff&#8221; closed_toggle_background_color=&#8221;#FFFFFF&#8221; toggle_icon=&#8221;&#x32;||divi||400&#8243; _builder_version=&#8221;4.16&#8243; _module_preset=&#8221;default&#8221; global_colors_info=&#8221;{}&#8221; toggle_text_color=&#8221;#826f2c&#8221; toggle_level=&#8221;h2&#8243;]<\/p>\n<p>Hike Besseggen early in the season: Between mid June and mid July you can enjoy nature, flowers and the view in silence. Another great time is during autumn, fall colors from end of august!<\/p>\n<p>The picture shows Knutsh\u00f8 ridge, view from Besseggen trail.<\/p>\n<p>[\/et_pb_accordion_item][et_pb_accordion_item title=&#8221;Read more&#8221; open_toggle_background_color=&#8221;#f7f7f7&#8243; closed_toggle_background_color=&#8221;#f7f7f7&#8243; toggle_icon=&#8221;&#x33;||divi||400&#8243; _builder_version=&#8221;4.16&#8243; _module_preset=&#8221;default&#8221; global_colors_info=&#8221;{}&#8221; closed_toggle_font=&#8221;|600|||||||&#8221; closed_toggle_font_size=&#8221;16px&#8221; open=&#8221;off&#8221;]<\/p>\n<p>Drive 15 min by car from Hinds\u00e6ter to Lake Gjende, where you take the boat to Memurubu. From there you will start hiking up a steep trail. <\/p>\n<p>After a while you get to the place called Bandet &#8211; a small plateau between Gjende and Bessvatnet. You will walk along the edge of Lake Bessvatnet, while Gjende is 400 meters below on the opposite side. Lake Bessvatnet is crystal clear and blue in color, while Lake Gjende shines in the characteristic emerald-green glacial color, due to glacier water. Now the Besseggen ridge is right in front of you. To pass this part you might have to use your hands as much as your feet, and you should not suffer from vertigo. After enjoying the views on top of the ridge, you will pass Veslfjell (1743 masl, and the highest point on the trip) on your way back to the start at Lake Gjende, where you took the boat in the morning.<\/p>\n<p>The walk takes between 7 and 8 hours. Hikers in average shape describe the tour as challenging. <\/p>\n<p><a href=\"http:\/\/www.besseggen.net\" target=\"_blank\" rel=\"noopener\">More information about Besseggen on  Besseggen.net<\/a><\/p>\n<p>[\/et_pb_accordion_item][\/et_pb_accordion][\/et_pb_column][et_pb_column type=&#8221;1_2&#8243; _builder_version=&#8221;4.16&#8243; _module_preset=&#8221;default&#8221; global_colors_info=&#8221;{}&#8221;][et_pb_image src=&#8221;https:\/\/www.hindseter.no\/wp-content\/uploads\/2022\/03\/1779516-7-1441304332295.jpg&#8221; _builder_version=&#8221;4.16&#8243; _module_preset=&#8221;default&#8221; global_colors_info=&#8221;{}&#8221;][\/et_pb_image][et_pb_accordion _builder_version=&#8221;4.17.3&#8243; _module_preset=&#8221;default&#8221; border_width_all=&#8221;0px&#8221; global_colors_info=&#8221;{}&#8221;][et_pb_accordion_item title=&#8221;Hike to Glittertind 2460 masl &#8221; open=&#8221;on&#8221; open_toggle_background_color=&#8221;#ffffff&#8221; closed_toggle_background_color=&#8221;#FFFFFF&#8221; toggle_icon=&#8221;&#x32;||divi||400&#8243; _builder_version=&#8221;4.17.3&#8243; _module_preset=&#8221;default&#8221; global_colors_info=&#8221;{}&#8221; toggle_text_color=&#8221;#826f2c&#8221; toggle_level=&#8221;h2&#8243;]<\/p>\n<p>Glittertind is Norway&#8217;s second highest mountain, just a few meters short of Galdh\u00f8piggen which sits at 2457 masl. <\/p>\n<p>[\/et_pb_accordion_item][et_pb_accordion_item title=&#8221;Read more&#8221; open_toggle_background_color=&#8221;#f7f7f7&#8243; closed_toggle_background_color=&#8221;#f7f7f7&#8243; toggle_icon=&#8221;&#x33;||divi||400&#8243; _builder_version=&#8221;4.16&#8243; _module_preset=&#8221;default&#8221; global_colors_info=&#8221;{}&#8221; closed_toggle_font=&#8221;|600|||||||&#8221; closed_toggle_font_size=&#8221;16px&#8221; open=&#8221;off&#8221;]<\/p>\n<p>You start with driving 15 km to Randsverk, then you turn on to a 30 km long gravel road towards Glitterheim cabin. Watch out for moose and reindeer! Parking is 7 km before the cabin, on the border of Jotunheimen National Park. Here you can rent a bike which makes the last kilometers to the cabin fly by, amazing nature surrounds you.<\/p>\n<p>From Glitterheim you follow a well marked trail northwest towards the top. There you have a spectacular view of the mountains in Jotunheimen, among them Galdh\u00f8piggen.<\/p>\n<p>When you are ready to return you go the same way as you came.<br \/>\nThe trip is estimated to take 7-8 hours given that you bike to Glitterheim.\n<\/p>\n<p>[\/et_pb_accordion_item][\/et_pb_accordion][\/et_pb_column][\/et_pb_row][\/et_pb_section]<\/p>\n","protected":false},"excerpt":{"rendered":"<p>Follow marked hiking trails to canyons, waterfalls, lakes, mountain landscape, birch or pine tree forest &#8211; from the doorstep \u2013 from end of May until autumn.Jotunheimens biggest attractions, Besseggen, Glittertind and Galdh\u00f8piggen are all reachable as a day trip from Hinds\u00e6ter. Besides the nature reserves with red listed plants and old pine trees we want [&hellip;]<\/p>\n","protected":false},"author":2,"featured_media":0,"parent":0,"menu_order":0,"comment_status":"closed","ping_status":"closed","template":"","meta":{"_et_pb_use_builder":"on","_et_pb_old_content":"","_et_gb_content_width":"","footnotes":""},"class_list":["post-624","page","type-page","status-publish","hentry"],"yoast_head":"<!-- This site is optimized with the Yoast SEO plugin v27.3 - https:\/\/yoast.com\/product\/yoast-seo-wordpress\/ -->\n<title>Nature - Hinds\u00e6ter i Jotunheimen<\/title>\n<meta name=\"description\" content=\"Follow marked hiking trails to canyons, waterfalls, lakes, mountain landscape, birch or pine tree forest - or hike Besseggen.\" \/>\n<meta name=\"robots\" content=\"index, follow, max-snippet:-1, max-image-preview:large, max-video-preview:-1\" \/>\n<link rel=\"canonical\" href=\"https:\/\/www.hindseter.no\/en\/nature\/\" \/>\n<meta property=\"og:locale\" content=\"en_US\" \/>\n<meta property=\"og:type\" content=\"article\" \/>\n<meta property=\"og:title\" content=\"Nature - Hinds\u00e6ter i Jotunheimen\" \/>\n<meta property=\"og:description\" content=\"Follow marked hiking trails to canyons, waterfalls, lakes, mountain landscape, birch or pine tree forest - or hike Besseggen.\" \/>\n<meta property=\"og:url\" content=\"https:\/\/www.hindseter.no\/en\/nature\/\" \/>\n<meta property=\"og:site_name\" content=\"Hinds\u00e6ter i Jotunheimen\" \/>\n<meta property=\"article:modified_time\" content=\"2024-12-17T13:38:30+00:00\" \/>\n<meta property=\"og:image\" content=\"https:\/\/www.hindseter.no\/wp-content\/uploads\/2022\/03\/AL6A5051-1024x683.jpg\" \/>\n<meta name=\"twitter:card\" content=\"summary_large_image\" \/>\n<meta name=\"twitter:label1\" content=\"Est. reading time\" \/>\n\t<meta name=\"twitter:data1\" content=\"8 minutes\" \/>\n<script type=\"application\/ld+json\" class=\"yoast-schema-graph\">{\"@context\":\"https:\\\/\\\/schema.org\",\"@graph\":[{\"@type\":\"WebPage\",\"@id\":\"https:\\\/\\\/www.hindseter.no\\\/en\\\/nature\\\/\",\"url\":\"https:\\\/\\\/www.hindseter.no\\\/en\\\/nature\\\/\",\"name\":\"Nature - Hinds\u00e6ter i Jotunheimen\",\"isPartOf\":{\"@id\":\"https:\\\/\\\/www.hindseter.no\\\/en\\\/#website\"},\"datePublished\":\"2021-11-26T07:13:11+00:00\",\"dateModified\":\"2024-12-17T13:38:30+00:00\",\"description\":\"Follow marked hiking trails to canyons, waterfalls, lakes, mountain landscape, birch or pine tree forest - or hike Besseggen.\",\"breadcrumb\":{\"@id\":\"https:\\\/\\\/www.hindseter.no\\\/en\\\/nature\\\/#breadcrumb\"},\"inLanguage\":\"en-US\",\"potentialAction\":[{\"@type\":\"ReadAction\",\"target\":[\"https:\\\/\\\/www.hindseter.no\\\/en\\\/nature\\\/\"]}]},{\"@type\":\"BreadcrumbList\",\"@id\":\"https:\\\/\\\/www.hindseter.no\\\/en\\\/nature\\\/#breadcrumb\",\"itemListElement\":[{\"@type\":\"ListItem\",\"position\":1,\"name\":\"Hjem\",\"item\":\"https:\\\/\\\/www.hindseter.no\\\/en\\\/\"},{\"@type\":\"ListItem\",\"position\":2,\"name\":\"Nature\"}]},{\"@type\":\"WebSite\",\"@id\":\"https:\\\/\\\/www.hindseter.no\\\/en\\\/#website\",\"url\":\"https:\\\/\\\/www.hindseter.no\\\/en\\\/\",\"name\":\"Hinds\u00e6ter i Jotunheimen\",\"description\":\"Bo p\u00e5 et historisk hotell, opplev unike m\u00e5ltid\",\"potentialAction\":[{\"@type\":\"SearchAction\",\"target\":{\"@type\":\"EntryPoint\",\"urlTemplate\":\"https:\\\/\\\/www.hindseter.no\\\/en\\\/?s={search_term_string}\"},\"query-input\":{\"@type\":\"PropertyValueSpecification\",\"valueRequired\":true,\"valueName\":\"search_term_string\"}}],\"inLanguage\":\"en-US\"}]}<\/script>\n<!-- \/ Yoast SEO plugin. -->","yoast_head_json":{"title":"Nature - Hinds\u00e6ter i Jotunheimen","description":"Follow marked hiking trails to canyons, waterfalls, lakes, mountain landscape, birch or pine tree forest - or hike Besseggen.","robots":{"index":"index","follow":"follow","max-snippet":"max-snippet:-1","max-image-preview":"max-image-preview:large","max-video-preview":"max-video-preview:-1"},"canonical":"https:\/\/www.hindseter.no\/en\/nature\/","og_locale":"en_US","og_type":"article","og_title":"Nature - Hinds\u00e6ter i Jotunheimen","og_description":"Follow marked hiking trails to canyons, waterfalls, lakes, mountain landscape, birch or pine tree forest - or hike Besseggen.","og_url":"https:\/\/www.hindseter.no\/en\/nature\/","og_site_name":"Hinds\u00e6ter i Jotunheimen","article_modified_time":"2024-12-17T13:38:30+00:00","og_image":[{"url":"https:\/\/www.hindseter.no\/wp-content\/uploads\/2022\/03\/AL6A5051-1024x683.jpg","type":"","width":"","height":""}],"twitter_card":"summary_large_image","twitter_misc":{"Est. reading time":"8 minutes"},"schema":{"@context":"https:\/\/schema.org","@graph":[{"@type":"WebPage","@id":"https:\/\/www.hindseter.no\/en\/nature\/","url":"https:\/\/www.hindseter.no\/en\/nature\/","name":"Nature - Hinds\u00e6ter i Jotunheimen","isPartOf":{"@id":"https:\/\/www.hindseter.no\/en\/#website"},"datePublished":"2021-11-26T07:13:11+00:00","dateModified":"2024-12-17T13:38:30+00:00","description":"Follow marked hiking trails to canyons, waterfalls, lakes, mountain landscape, birch or pine tree forest - or hike Besseggen.","breadcrumb":{"@id":"https:\/\/www.hindseter.no\/en\/nature\/#breadcrumb"},"inLanguage":"en-US","potentialAction":[{"@type":"ReadAction","target":["https:\/\/www.hindseter.no\/en\/nature\/"]}]},{"@type":"BreadcrumbList","@id":"https:\/\/www.hindseter.no\/en\/nature\/#breadcrumb","itemListElement":[{"@type":"ListItem","position":1,"name":"Hjem","item":"https:\/\/www.hindseter.no\/en\/"},{"@type":"ListItem","position":2,"name":"Nature"}]},{"@type":"WebSite","@id":"https:\/\/www.hindseter.no\/en\/#website","url":"https:\/\/www.hindseter.no\/en\/","name":"Hinds\u00e6ter i Jotunheimen","description":"Bo p\u00e5 et historisk hotell, opplev unike m\u00e5ltid","potentialAction":[{"@type":"SearchAction","target":{"@type":"EntryPoint","urlTemplate":"https:\/\/www.hindseter.no\/en\/?s={search_term_string}"},"query-input":{"@type":"PropertyValueSpecification","valueRequired":true,"valueName":"search_term_string"}}],"inLanguage":"en-US"}]}},"_links":{"self":[{"href":"https:\/\/www.hindseter.no\/en\/wp-json\/wp\/v2\/pages\/624","targetHints":{"allow":["GET"]}}],"collection":[{"href":"https:\/\/www.hindseter.no\/en\/wp-json\/wp\/v2\/pages"}],"about":[{"href":"https:\/\/www.hindseter.no\/en\/wp-json\/wp\/v2\/types\/page"}],"author":[{"embeddable":true,"href":"https:\/\/www.hindseter.no\/en\/wp-json\/wp\/v2\/users\/2"}],"replies":[{"embeddable":true,"href":"https:\/\/www.hindseter.no\/en\/wp-json\/wp\/v2\/comments?post=624"}],"version-history":[{"count":19,"href":"https:\/\/www.hindseter.no\/en\/wp-json\/wp\/v2\/pages\/624\/revisions"}],"predecessor-version":[{"id":1693,"href":"https:\/\/www.hindseter.no\/en\/wp-json\/wp\/v2\/pages\/624\/revisions\/1693"}],"wp:attachment":[{"href":"https:\/\/www.hindseter.no\/en\/wp-json\/wp\/v2\/media?parent=624"}],"curies":[{"name":"wp","href":"https:\/\/api.w.org\/{rel}","templated":true}]}}