{"id":614,"date":"2021-11-26T08:29:48","date_gmt":"2021-11-26T07:29:48","guid":{"rendered":"https:\/\/www.hindseter.no\/kitchen\/"},"modified":"2024-01-03T08:44:12","modified_gmt":"2024-01-03T07:44:12","slug":"kitchen","status":"publish","type":"page","link":"https:\/\/www.hindseter.no\/en\/kitchen\/","title":{"rendered":"Kitchen"},"content":{"rendered":"<p>[et_pb_section fb_built=&#8221;1&#8243; _builder_version=&#8221;4.16&#8243; _module_preset=&#8221;default&#8221; background_enable_color=&#8221;off&#8221; custom_padding=&#8221;8px||0px||false|false&#8221; global_colors_info=&#8221;{}&#8221;][et_pb_row column_structure=&#8221;1_2,1_2&#8243; use_custom_gutter=&#8221;on&#8221; gutter_width=&#8221;1&#8243; _builder_version=&#8221;4.16&#8243; _module_preset=&#8221;default&#8221; background_enable_color=&#8221;off&#8221; width=&#8221;100%&#8221; max_width=&#8221;2560px&#8221; custom_margin=&#8221;||||false|false&#8221; custom_padding=&#8221;8px||0px||false|false&#8221; locked=&#8221;off&#8221; global_colors_info=&#8221;{}&#8221;][et_pb_column type=&#8221;1_2&#8243; _builder_version=&#8221;4.16&#8243; _module_preset=&#8221;default&#8221; global_colors_info=&#8221;{}&#8221;][et_pb_image src=&#8221;https:\/\/www.hindseter.no\/wp-content\/uploads\/2022\/04\/DSC_0510-01.jpg&#8221; _builder_version=&#8221;4.16&#8243; _module_preset=&#8221;default&#8221; global_colors_info=&#8221;{}&#8221;][\/et_pb_image][\/et_pb_column][et_pb_column type=&#8221;1_2&#8243; _builder_version=&#8221;4.16&#8243; _module_preset=&#8221;default&#8221; global_colors_info=&#8221;{}&#8221;][et_pb_image src=&#8221;https:\/\/www.hindseter.no\/wp-content\/uploads\/2022\/04\/DSC_9944-01.jpg&#8221; disabled_on=&#8221;on|on|off&#8221; _builder_version=&#8221;4.16&#8243; _module_preset=&#8221;default&#8221; global_colors_info=&#8221;{}&#8221;][\/et_pb_image][\/et_pb_column][\/et_pb_row][\/et_pb_section][et_pb_section fb_built=&#8221;1&#8243; _builder_version=&#8221;4.16&#8243; _module_preset=&#8221;default&#8221; background_color=&#8221;#f7f7f7&#8243; background_image=&#8221;https:\/\/www.hindseter.no\/wp-content\/uploads\/2021\/12\/Kvitkrull50_horn-mindre-1.png&#8221; parallax=&#8221;on&#8221; custom_margin=&#8221;0px||||false|false&#8221; custom_padding=&#8221;5vh||||false|false&#8221; global_colors_info=&#8221;{}&#8221;][et_pb_row column_structure=&#8221;1_2,1_2&#8243; _builder_version=&#8221;4.16&#8243; _module_preset=&#8221;default&#8221; global_colors_info=&#8221;{}&#8221;][et_pb_column type=&#8221;1_2&#8243; _builder_version=&#8221;4.16&#8243; _module_preset=&#8221;default&#8221; global_colors_info=&#8221;{}&#8221;][et_pb_text _builder_version=&#8221;4.16&#8243; _module_preset=&#8221;default&#8221; text_font=&#8221;||||||||&#8221; width=&#8221;100%&#8221; custom_padding=&#8221;||9vh||false|false&#8221; global_colors_info=&#8221;{}&#8221;]<\/p>\n<h1>Our kitchen<\/h1>\n<p>Hinds\u00e6ter is proud to use local, ecological produce and specialises in reindeer from the local reindeer company in V\u00e5g\u00e5.[\/et_pb_text][\/et_pb_column][et_pb_column type=&#8221;1_2&#8243; _builder_version=&#8221;4.16&#8243; _module_preset=&#8221;default&#8221; global_colors_info=&#8221;{}&#8221;][\/et_pb_column][\/et_pb_row][\/et_pb_section][et_pb_section fb_built=&#8221;1&#8243; _builder_version=&#8221;4.16&#8243; _module_preset=&#8221;default&#8221; background_enable_color=&#8221;off&#8221; custom_padding=&#8221;2vh||2vh||false|false&#8221; locked=&#8221;off&#8221; global_colors_info=&#8221;{}&#8221;][et_pb_row column_structure=&#8221;1_3,1_3,1_3&#8243; _builder_version=&#8221;4.16&#8243; _module_preset=&#8221;default&#8221; custom_margin=&#8221;||||false|false&#8221; global_colors_info=&#8221;{}&#8221;][et_pb_column type=&#8221;1_3&#8243; _builder_version=&#8221;4.16&#8243; _module_preset=&#8221;default&#8221; background_color=&#8221;#e2dbcc&#8221; custom_padding=&#8221;||||false|false&#8221; global_colors_info=&#8221;{}&#8221;][et_pb_image src=&#8221;https:\/\/www.hindseter.no\/wp-content\/uploads\/2022\/05\/andre.jpg&#8221; _builder_version=&#8221;4.16&#8243; _module_preset=&#8221;default&#8221; global_colors_info=&#8221;{}&#8221;][\/et_pb_image][et_pb_text _builder_version=&#8221;4.16&#8243; _module_preset=&#8221;default&#8221; custom_margin=&#8221;|0vw|3vh|0vw|false|false&#8221; custom_margin_tablet=&#8221;|0vw|3vh|0vw|false|false&#8221; custom_margin_phone=&#8221;|0vw|3vh|0vw|false|false&#8221; custom_margin_last_edited=&#8221;on|phone&#8221; custom_padding=&#8221;0vh|3vw||3vw|false|false&#8221; global_colors_info=&#8221;{}&#8221;]<\/p>\n<h2>Alp kitchen<\/h2>\n<p>We use traditional ingredients, often local products from the Jotunheimen area, but we also know how to surprise our guests. New flavors, new influences. Let us seduce your senses with reindeer heart, pine sorbet, pickled trout, reindeer lichen and beer marinated moose. We are more than happy to share the story of the local products with you!<\/p>\n<p>We also forage from the nature around us \u2013 cloudberries, edible lichen, rhubarb from the kitchen garden and fresh birch leaves.[\/et_pb_text][\/et_pb_column][et_pb_column type=&#8221;1_3&#8243; _builder_version=&#8221;4.16&#8243; _module_preset=&#8221;default&#8221; background_color=&#8221;#e2dbcc&#8221; custom_padding=&#8221;||||false|false&#8221; global_colors_info=&#8221;{}&#8221;][et_pb_image src=&#8221;https:\/\/www.hindseter.no\/wp-content\/uploads\/2022\/04\/20211009_193150-01_080428-01-1.jpg&#8221; _builder_version=&#8221;4.16&#8243; _module_preset=&#8221;default&#8221; global_colors_info=&#8221;{}&#8221;][\/et_pb_image][et_pb_text _builder_version=&#8221;4.16&#8243; _module_preset=&#8221;default&#8221; custom_margin=&#8221;|0vw|3vh|0vw|false|false&#8221; custom_padding=&#8221;|3vw||3vw|false|false&#8221; global_colors_info=&#8221;{}&#8221;]<\/p>\n<h2>Rein Gourmet<\/h2>\n<p>We are proud to present one of the oldest, most exclusive and sustainable meats; reindeer from the local reindeer company. They own two to three thousand semi-wild reindeers. We buy our meat directly in the mountains, which means that the reindeer meat you eat at our hotel was not transported more than 20 km by car.<\/p>\n<p>Our guests often spot the reindeer as the herd is always somewhere in the mountains around Hinds\u00e6ter.[\/et_pb_text][\/et_pb_column][et_pb_column type=&#8221;1_3&#8243; _builder_version=&#8221;4.16&#8243; _module_preset=&#8221;default&#8221; background_color=&#8221;#e2dbcc&#8221; custom_padding=&#8221;||||false|false&#8221; global_colors_info=&#8221;{}&#8221;][et_pb_image src=&#8221;https:\/\/www.hindseter.no\/wp-content\/uploads\/2022\/04\/SCO_12.2.18_03418-1.jpg&#8221; _builder_version=&#8221;4.16&#8243; _module_preset=&#8221;default&#8221; global_colors_info=&#8221;{}&#8221;][\/et_pb_image][et_pb_text _builder_version=&#8221;4.16&#8243; _module_preset=&#8221;default&#8221; custom_margin=&#8221;|0vw|3vh|0vw|false|false&#8221; custom_padding=&#8221;|3vw||3vw|false|false&#8221; global_colors_info=&#8221;{}&#8221;]<\/p>\n<h2>Craft beers and mountain wines<\/h2>\n<p>We specialize in Italian wine and mountain wines from Europe&#8217;s mountain regions.<\/p>\n<p>In our beer- and wine cellar you can also find over 40 different types of beers &#8211; only from Norwegian micro breweries. We do offer beer tastings![\/et_pb_text][\/et_pb_column][\/et_pb_row][et_pb_row _builder_version=&#8221;4.16&#8243; _module_preset=&#8221;default&#8221; global_colors_info=&#8221;{}&#8221;][et_pb_column type=&#8221;4_4&#8243; _builder_version=&#8221;4.16&#8243; _module_preset=&#8221;default&#8221; global_colors_info=&#8221;{}&#8221;][et_pb_button button_text=&#8221;Book your stay&#8221; _builder_version=&#8221;4.23.1&#8243; _module_preset=&#8221;default&#8221; custom_margin=&#8221;||3vh|2vw|false|false&#8221; custom_padding=&#8221;||||false|false&#8221; hover_enabled=&#8221;0&#8243; global_colors_info=&#8221;{}&#8221; button_url=&#8221;https:\/\/be.synxis.com\/?adult=2&#038;arrive=2023-12-12&#038;chain=9083&#038;child=0&#038;currency=NOK&#038;depart=2023-12-13&#038;hotel=44941&#038;level=hotel&#038;locale=en-US&#038;rooms=1&#8243; sticky_enabled=&#8221;0&#8243;][\/et_pb_button][\/et_pb_column][\/et_pb_row][\/et_pb_section][et_pb_section fb_built=&#8221;1&#8243; _builder_version=&#8221;4.16&#8243; _module_preset=&#8221;default&#8221; background_color=&#8221;#f7f7f7&#8243; background_image=&#8221;https:\/\/www.hindseter.no\/wp-content\/uploads\/2021\/12\/Stein129_spor-mindre.png&#8221; background_size=&#8221;initial&#8221; background_position=&#8221;bottom_left&#8221; custom_padding=&#8221;2vh|||0px|false|false&#8221; background_last_edited=&#8221;on|phone&#8221; parallax_phone=&#8221;off&#8221; background_size_phone=&#8221;contain&#8221; locked=&#8221;off&#8221; global_colors_info=&#8221;{}&#8221;][et_pb_row column_structure=&#8221;1_3,1_3,1_3&#8243; use_custom_gutter=&#8221;on&#8221; gutter_width=&#8221;1&#8243; _builder_version=&#8221;4.16&#8243; _module_preset=&#8221;default&#8221; width=&#8221;85%&#8221; module_alignment=&#8221;center&#8221; custom_padding=&#8221;4vh||||false|false&#8221; global_colors_info=&#8221;{}&#8221;][et_pb_column type=&#8221;1_3&#8243; _builder_version=&#8221;4.16&#8243; _module_preset=&#8221;default&#8221; global_colors_info=&#8221;{}&#8221;][\/et_pb_column][et_pb_column type=&#8221;1_3&#8243; _builder_version=&#8221;4.16&#8243; _module_preset=&#8221;default&#8221; global_colors_info=&#8221;{}&#8221;][et_pb_text _builder_version=&#8221;4.16&#8243; _module_preset=&#8221;default&#8221; module_alignment=&#8221;left&#8221; custom_margin=&#8221;||||false|false&#8221; custom_padding=&#8221;|3vw|||false|false&#8221; global_colors_info=&#8221;{}&#8221;]<\/p>\n<h2>Meet the team, family, friends?<\/h2>\n<p>We are big enough to have the professional knowlegde to care for your seminar or other special occasion and small enough to make sure it is you we care for when you are our guest.<\/p>\n<p><strong><a href=\"https:\/\/www.hindseter.no\/selskap-og-seminar\/\" target=\"_blank\" rel=\"noopener\">Read more<\/a><\/strong>[\/et_pb_text][\/et_pb_column][et_pb_column type=&#8221;1_3&#8243; _builder_version=&#8221;4.16&#8243; _module_preset=&#8221;default&#8221; global_colors_info=&#8221;{}&#8221;][et_pb_image src=&#8221;https:\/\/www.hindseter.no\/wp-content\/uploads\/2022\/05\/L6A5418.jpg&#8221; _builder_version=&#8221;4.16&#8243; _module_preset=&#8221;default&#8221; width=&#8221;80%&#8221; width_tablet=&#8221;80%&#8221; width_phone=&#8221;101%&#8221; width_last_edited=&#8221;on|phone&#8221; custom_margin_tablet=&#8221;&#8221; custom_margin_phone=&#8221;&#8221; custom_margin_last_edited=&#8221;on|phone&#8221; custom_padding=&#8221;2vh||||false|false&#8221; global_colors_info=&#8221;{}&#8221;][\/et_pb_image][\/et_pb_column][\/et_pb_row][et_pb_row _builder_version=&#8221;4.16&#8243; _module_preset=&#8221;default&#8221; width=&#8221;65%&#8221; module_alignment=&#8221;right&#8221; custom_margin=&#8221;1vh||||false|false&#8221; custom_padding=&#8221;|20vh|||false|false&#8221; global_colors_info=&#8221;{}&#8221;][et_pb_column type=&#8221;4_4&#8243; _builder_version=&#8221;4.16&#8243; _module_preset=&#8221;default&#8221; global_colors_info=&#8221;{}&#8221;][et_pb_divider _builder_version=&#8221;4.16&#8243; _module_preset=&#8221;default&#8221; global_colors_info=&#8221;{}&#8221;][\/et_pb_divider][\/et_pb_column][\/et_pb_row][\/et_pb_section][et_pb_section fb_built=&#8221;1&#8243; _builder_version=&#8221;4.16&#8243; _module_preset=&#8221;default&#8221; background_color=&#8221;#e2dbcc&#8221; background_enable_image=&#8221;off&#8221; background_size=&#8221;initial&#8221; background_position=&#8221;bottom_left&#8221; custom_padding=&#8221;|||0px|false|false&#8221; locked=&#8221;off&#8221; global_colors_info=&#8221;{}&#8221;][et_pb_row use_custom_gutter=&#8221;on&#8221; gutter_width=&#8221;1&#8243; _builder_version=&#8221;4.16&#8243; _module_preset=&#8221;default&#8221; width=&#8221;50%&#8221; width_tablet=&#8221;40%&#8221; width_phone=&#8221;80%&#8221; width_last_edited=&#8221;on|phone&#8221; module_alignment=&#8221;center&#8221; global_colors_info=&#8221;{}&#8221;][et_pb_column type=&#8221;4_4&#8243; _builder_version=&#8221;4.16&#8243; _module_preset=&#8221;default&#8221; global_colors_info=&#8221;{}&#8221;][et_pb_text _builder_version=&#8221;4.16&#8243; _module_preset=&#8221;default&#8221; module_alignment=&#8221;left&#8221; custom_margin=&#8221;||||false|false&#8221; custom_padding=&#8221;3vh|3vw|||false|false&#8221; custom_padding_tablet=&#8221;3vh|3vw|||false|false&#8221; custom_padding_phone=&#8221;3vh|3vw|||false|false&#8221; custom_padding_last_edited=&#8221;on|phone&#8221; global_colors_info=&#8221;{}&#8221;]<\/p>\n<h3>Information for you with allergies\/ special wishes<\/h3>\n<ol>\n<li>Allergy: Please inform us at least three days prior to arrival.<\/li>\n<li>Special wishes: We understand everyone who stops eating meat from industrial production.<br \/>\nLuckily you can eat our reindeer meat with a clear conscience. The fish we use is either fished in local lakes or produced by smaller aqua cultures. We buy whole animals and use all of the parts. You would not find any of these products in a normal supermarket. Try \u2013 when you visit us!<\/li>\n<\/ol>\n<p>\n<em>If you would rather not, see point 1.<br \/>\n<\/em>We do cater to all needs with one exception: we do not offer 100% vegan food \u2013 that is not possible on a summer farm.<\/p>\n<p>[\/et_pb_text][\/et_pb_column][\/et_pb_row][et_pb_row _builder_version=&#8221;4.16&#8243; _module_preset=&#8221;default&#8221; custom_margin=&#8221;1vh||||false|false&#8221; global_colors_info=&#8221;{}&#8221;][et_pb_column type=&#8221;4_4&#8243; _builder_version=&#8221;4.16&#8243; _module_preset=&#8221;default&#8221; global_colors_info=&#8221;{}&#8221;][et_pb_divider _builder_version=&#8221;4.16&#8243; _module_preset=&#8221;default&#8221; width=&#8221;60%&#8221; module_alignment=&#8221;center&#8221; custom_padding=&#8221;2vh||0vh||false|false&#8221; global_colors_info=&#8221;{}&#8221;][\/et_pb_divider][\/et_pb_column][\/et_pb_row][\/et_pb_section]<\/p>\n","protected":false},"excerpt":{"rendered":"<p>Our kitchen Hinds\u00e6ter is proud to use local, ecological produce and specialises in reindeer from the local reindeer company in V\u00e5g\u00e5.Alp kitchen We use traditional ingredients, often local products from the Jotunheimen area, but we also know how to surprise our guests. New flavors, new influences. Let us seduce your senses with reindeer heart, pine [&hellip;]<\/p>\n","protected":false},"author":2,"featured_media":0,"parent":0,"menu_order":0,"comment_status":"closed","ping_status":"closed","template":"","meta":{"_et_pb_use_builder":"on","_et_pb_old_content":"","_et_gb_content_width":"","footnotes":""},"class_list":["post-614","page","type-page","status-publish","hentry"],"yoast_head":"<!-- This site is optimized with the Yoast SEO plugin v27.3 - https:\/\/yoast.com\/product\/yoast-seo-wordpress\/ -->\n<title>Our kitchen - Hinds\u00e6ter i Jotunheimen<\/title>\n<meta name=\"description\" content=\"Hinds\u00e6ter is proud to use local, ecological produce and specialises in reindeer from the local reindeer company in V\u00e5g\u00e5.\" \/>\n<meta name=\"robots\" content=\"index, follow, max-snippet:-1, max-image-preview:large, max-video-preview:-1\" \/>\n<link rel=\"canonical\" href=\"https:\/\/www.hindseter.no\/en\/kitchen\/\" \/>\n<meta property=\"og:locale\" content=\"en_US\" \/>\n<meta property=\"og:type\" content=\"article\" \/>\n<meta property=\"og:title\" content=\"Our kitchen - Hinds\u00e6ter i Jotunheimen\" \/>\n<meta property=\"og:description\" content=\"Hinds\u00e6ter is proud to use local, ecological produce and specialises in reindeer from the local reindeer company in V\u00e5g\u00e5.\" \/>\n<meta property=\"og:url\" content=\"https:\/\/www.hindseter.no\/en\/kitchen\/\" \/>\n<meta property=\"og:site_name\" content=\"Hinds\u00e6ter i Jotunheimen\" \/>\n<meta property=\"article:modified_time\" content=\"2024-01-03T07:44:12+00:00\" \/>\n<meta property=\"og:image\" content=\"https:\/\/www.hindseter.no\/wp-content\/uploads\/2022\/04\/DSC_0510-01-1024x683.jpg\" \/>\n<meta name=\"twitter:card\" content=\"summary_large_image\" \/>\n<meta name=\"twitter:label1\" content=\"Est. reading time\" \/>\n\t<meta name=\"twitter:data1\" content=\"7 minutes\" \/>\n<script type=\"application\/ld+json\" class=\"yoast-schema-graph\">{\"@context\":\"https:\\\/\\\/schema.org\",\"@graph\":[{\"@type\":\"WebPage\",\"@id\":\"https:\\\/\\\/www.hindseter.no\\\/en\\\/kitchen\\\/\",\"url\":\"https:\\\/\\\/www.hindseter.no\\\/en\\\/kitchen\\\/\",\"name\":\"Our kitchen - Hinds\u00e6ter i Jotunheimen\",\"isPartOf\":{\"@id\":\"https:\\\/\\\/www.hindseter.no\\\/en\\\/#website\"},\"datePublished\":\"2021-11-26T07:29:48+00:00\",\"dateModified\":\"2024-01-03T07:44:12+00:00\",\"description\":\"Hinds\u00e6ter is proud to use local, ecological produce and specialises in reindeer from the local reindeer company in V\u00e5g\u00e5.\",\"breadcrumb\":{\"@id\":\"https:\\\/\\\/www.hindseter.no\\\/en\\\/kitchen\\\/#breadcrumb\"},\"inLanguage\":\"en-US\",\"potentialAction\":[{\"@type\":\"ReadAction\",\"target\":[\"https:\\\/\\\/www.hindseter.no\\\/en\\\/kitchen\\\/\"]}]},{\"@type\":\"BreadcrumbList\",\"@id\":\"https:\\\/\\\/www.hindseter.no\\\/en\\\/kitchen\\\/#breadcrumb\",\"itemListElement\":[{\"@type\":\"ListItem\",\"position\":1,\"name\":\"Hjem\",\"item\":\"https:\\\/\\\/www.hindseter.no\\\/en\\\/\"},{\"@type\":\"ListItem\",\"position\":2,\"name\":\"Kitchen\"}]},{\"@type\":\"WebSite\",\"@id\":\"https:\\\/\\\/www.hindseter.no\\\/en\\\/#website\",\"url\":\"https:\\\/\\\/www.hindseter.no\\\/en\\\/\",\"name\":\"Hinds\u00e6ter i Jotunheimen\",\"description\":\"Bo p\u00e5 et historisk hotell, opplev unike m\u00e5ltid\",\"potentialAction\":[{\"@type\":\"SearchAction\",\"target\":{\"@type\":\"EntryPoint\",\"urlTemplate\":\"https:\\\/\\\/www.hindseter.no\\\/en\\\/?s={search_term_string}\"},\"query-input\":{\"@type\":\"PropertyValueSpecification\",\"valueRequired\":true,\"valueName\":\"search_term_string\"}}],\"inLanguage\":\"en-US\"}]}<\/script>\n<!-- \/ Yoast SEO plugin. -->","yoast_head_json":{"title":"Our kitchen - Hinds\u00e6ter i Jotunheimen","description":"Hinds\u00e6ter is proud to use local, ecological produce and specialises in reindeer from the local reindeer company in V\u00e5g\u00e5.","robots":{"index":"index","follow":"follow","max-snippet":"max-snippet:-1","max-image-preview":"max-image-preview:large","max-video-preview":"max-video-preview:-1"},"canonical":"https:\/\/www.hindseter.no\/en\/kitchen\/","og_locale":"en_US","og_type":"article","og_title":"Our kitchen - Hinds\u00e6ter i Jotunheimen","og_description":"Hinds\u00e6ter is proud to use local, ecological produce and specialises in reindeer from the local reindeer company in V\u00e5g\u00e5.","og_url":"https:\/\/www.hindseter.no\/en\/kitchen\/","og_site_name":"Hinds\u00e6ter i Jotunheimen","article_modified_time":"2024-01-03T07:44:12+00:00","og_image":[{"url":"https:\/\/www.hindseter.no\/wp-content\/uploads\/2022\/04\/DSC_0510-01-1024x683.jpg","type":"","width":"","height":""}],"twitter_card":"summary_large_image","twitter_misc":{"Est. reading time":"7 minutes"},"schema":{"@context":"https:\/\/schema.org","@graph":[{"@type":"WebPage","@id":"https:\/\/www.hindseter.no\/en\/kitchen\/","url":"https:\/\/www.hindseter.no\/en\/kitchen\/","name":"Our kitchen - Hinds\u00e6ter i Jotunheimen","isPartOf":{"@id":"https:\/\/www.hindseter.no\/en\/#website"},"datePublished":"2021-11-26T07:29:48+00:00","dateModified":"2024-01-03T07:44:12+00:00","description":"Hinds\u00e6ter is proud to use local, ecological produce and specialises in reindeer from the local reindeer company in V\u00e5g\u00e5.","breadcrumb":{"@id":"https:\/\/www.hindseter.no\/en\/kitchen\/#breadcrumb"},"inLanguage":"en-US","potentialAction":[{"@type":"ReadAction","target":["https:\/\/www.hindseter.no\/en\/kitchen\/"]}]},{"@type":"BreadcrumbList","@id":"https:\/\/www.hindseter.no\/en\/kitchen\/#breadcrumb","itemListElement":[{"@type":"ListItem","position":1,"name":"Hjem","item":"https:\/\/www.hindseter.no\/en\/"},{"@type":"ListItem","position":2,"name":"Kitchen"}]},{"@type":"WebSite","@id":"https:\/\/www.hindseter.no\/en\/#website","url":"https:\/\/www.hindseter.no\/en\/","name":"Hinds\u00e6ter i Jotunheimen","description":"Bo p\u00e5 et historisk hotell, opplev unike m\u00e5ltid","potentialAction":[{"@type":"SearchAction","target":{"@type":"EntryPoint","urlTemplate":"https:\/\/www.hindseter.no\/en\/?s={search_term_string}"},"query-input":{"@type":"PropertyValueSpecification","valueRequired":true,"valueName":"search_term_string"}}],"inLanguage":"en-US"}]}},"_links":{"self":[{"href":"https:\/\/www.hindseter.no\/en\/wp-json\/wp\/v2\/pages\/614","targetHints":{"allow":["GET"]}}],"collection":[{"href":"https:\/\/www.hindseter.no\/en\/wp-json\/wp\/v2\/pages"}],"about":[{"href":"https:\/\/www.hindseter.no\/en\/wp-json\/wp\/v2\/types\/page"}],"author":[{"embeddable":true,"href":"https:\/\/www.hindseter.no\/en\/wp-json\/wp\/v2\/users\/2"}],"replies":[{"embeddable":true,"href":"https:\/\/www.hindseter.no\/en\/wp-json\/wp\/v2\/comments?post=614"}],"version-history":[{"count":16,"href":"https:\/\/www.hindseter.no\/en\/wp-json\/wp\/v2\/pages\/614\/revisions"}],"predecessor-version":[{"id":1205,"href":"https:\/\/www.hindseter.no\/en\/wp-json\/wp\/v2\/pages\/614\/revisions\/1205"}],"wp:attachment":[{"href":"https:\/\/www.hindseter.no\/en\/wp-json\/wp\/v2\/media?parent=614"}],"curies":[{"name":"wp","href":"https:\/\/api.w.org\/{rel}","templated":true}]}}