{"id":611,"date":"2021-11-25T11:38:13","date_gmt":"2021-11-25T10:38:13","guid":{"rendered":"https:\/\/www.hindseter.no\/rooms\/"},"modified":"2025-10-18T18:03:33","modified_gmt":"2025-10-18T16:03:33","slug":"rooms","status":"publish","type":"page","link":"https:\/\/www.hindseter.no\/en\/rooms\/","title":{"rendered":"Rooms"},"content":{"rendered":"<p>[et_pb_section fb_built=&#8221;1&#8243; _builder_version=&#8221;4.16&#8243; _module_preset=&#8221;default&#8221; custom_padding=&#8221;8px||0px||false|false&#8221; global_colors_info=&#8221;{}&#8221;][et_pb_row column_structure=&#8221;1_2,1_2&#8243; use_custom_gutter=&#8221;on&#8221; gutter_width=&#8221;1&#8243; _builder_version=&#8221;4.16&#8243; _module_preset=&#8221;default&#8221; background_enable_color=&#8221;off&#8221; width=&#8221;100%&#8221; max_width=&#8221;2560px&#8221; custom_padding=&#8221;8px||0px||false|false&#8221; global_colors_info=&#8221;{}&#8221;][et_pb_column type=&#8221;1_2&#8243; _builder_version=&#8221;4.16&#8243; _module_preset=&#8221;default&#8221; global_colors_info=&#8221;{}&#8221;][et_pb_image src=&#8221;https:\/\/www.hindseter.no\/wp-content\/uploads\/2022\/05\/L6A5225-1.jpg&#8221; show_in_lightbox=&#8221;on&#8221; _builder_version=&#8221;4.16&#8243; _module_preset=&#8221;default&#8221; global_colors_info=&#8221;{}&#8221;][\/et_pb_image][\/et_pb_column][et_pb_column type=&#8221;1_2&#8243; _builder_version=&#8221;4.16&#8243; _module_preset=&#8221;default&#8221; global_colors_info=&#8221;{}&#8221;][et_pb_image src=&#8221;https:\/\/www.hindseter.no\/wp-content\/uploads\/2022\/05\/L6A5155-2.jpg&#8221; title_text=&#8221;_L6A5155&#8243; disabled_on=&#8221;on|off|off&#8221; _builder_version=&#8221;4.16&#8243; _module_preset=&#8221;default&#8221; custom_padding=&#8221;0px|||||&#8221; global_colors_info=&#8221;{}&#8221;][\/et_pb_image][\/et_pb_column][\/et_pb_row][\/et_pb_section][et_pb_section fb_built=&#8221;1&#8243; _builder_version=&#8221;4.16&#8243; _module_preset=&#8221;default&#8221; background_color=&#8221;#f7f7f7&#8243; background_image=&#8221;https:\/\/www.hindseter.no\/wp-content\/uploads\/2021\/12\/Stein129_spor.png&#8221; background_size=&#8221;contain&#8221; background_position=&#8221;bottom_right&#8221; locked=&#8221;off&#8221; global_colors_info=&#8221;{}&#8221;][et_pb_row column_structure=&#8221;1_2,1_2&#8243; _builder_version=&#8221;4.16&#8243; _module_preset=&#8221;default&#8221; custom_padding=&#8221;|3vw|3vh||false|false&#8221; global_colors_info=&#8221;{}&#8221;][et_pb_column type=&#8221;1_2&#8243; _builder_version=&#8221;4.16&#8243; _module_preset=&#8221;default&#8221; background_enable_color=&#8221;off&#8221; custom_padding=&#8221;0px|0px|0px|0px|false|false&#8221; global_colors_info=&#8221;{}&#8221;][et_pb_text _builder_version=&#8221;4.27.2&#8243; _module_preset=&#8221;default&#8221; background_enable_color=&#8221;off&#8221; custom_margin=&#8221;2vh||||false|false&#8221; custom_padding=&#8221;|3vw|||false|false&#8221; global_colors_info=&#8221;{}&#8221;]<\/p>\n<h1>Panoramic view<\/h1>\n<p>As our guest you can enjoy the panorama view from our mountain library over Sjoa river and Stuttgonglie Nature Reserve.<br \/>\nLooking south-west you can see several 2000 m tall mountain peaks of Jotunheimen National Park. With good binoculars you can even watch people hiking over Veslfjell from Besseggen.<\/p>\n<p>[\/et_pb_text][et_pb_button button_url=&#8221;https:\/\/be.synxis.com\/?adult=2&#038;arrive=2024-12-04&#038;chain=9083&#038;child=0&#038;currency=NOK&#038;depart=2024-12-05&#038;hotel=44941&#038;level=hotel&#038;locale=en-US&#038;productcurrency=NOK&#038;rooms=1&#8243; url_new_window=&#8221;on&#8221; button_text=&#8221;Book your stay&#8221; button_alignment=&#8221;left&#8221; _builder_version=&#8221;4.23.1&#8243; _module_preset=&#8221;default&#8221; global_colors_info=&#8221;{}&#8221;][\/et_pb_button][\/et_pb_column][et_pb_column type=&#8221;1_2&#8243; _builder_version=&#8221;4.16&#8243; _module_preset=&#8221;default&#8221; global_colors_info=&#8221;{}&#8221;][et_pb_image src=&#8221;https:\/\/www.hindseter.no\/wp-content\/uploads\/2022\/04\/DSC_1657-01-1.jpg&#8221; alt=&#8221;View over jotunheimen&#8221; title_text=&#8221;DSC_1657-01-(1)&#8221; _builder_version=&#8221;4.27.2&#8243; _module_preset=&#8221;default&#8221; global_colors_info=&#8221;{}&#8221;][\/et_pb_image][\/et_pb_column][\/et_pb_row][\/et_pb_section][et_pb_section fb_built=&#8221;1&#8243; _builder_version=&#8221;4.16&#8243; _module_preset=&#8221;default&#8221; custom_margin=&#8221;||6vh||false|false&#8221; custom_padding=&#8221;3vh||||false|false&#8221; global_colors_info=&#8221;{}&#8221;][et_pb_row column_structure=&#8221;1_3,1_3,1_3&#8243; _builder_version=&#8221;4.16&#8243; _module_preset=&#8221;default&#8221; global_colors_info=&#8221;{}&#8221;][et_pb_column type=&#8221;1_3&#8243; _builder_version=&#8221;4.16&#8243; _module_preset=&#8221;default&#8221; global_colors_info=&#8221;{}&#8221;][et_pb_image src=&#8221;https:\/\/www.hindseter.no\/wp-content\/uploads\/2022\/04\/dobbeltrom2_web.jpg&#8221; title_text=&#8221;dobbeltrom2_web&#8221; url=&#8221;@ET-DC@eyJkeW5hbWljIjp0cnVlLCJjb250ZW50IjoicG9zdF9saW5rX3VybF9wYWdlIiwic2V0dGluZ3MiOnsicG9zdF9pZCI6IjE1MDcifX0=@&#8221; _builder_version=&#8221;4.27.2&#8243; _dynamic_attributes=&#8221;url&#8221; _module_preset=&#8221;default&#8221; global_colors_info=&#8221;{}&#8221;][\/et_pb_image][et_pb_text _builder_version=&#8221;4.27.2&#8243; _module_preset=&#8221;default&#8221; global_colors_info=&#8221;{}&#8221;]<\/p>\n<h2>Double rooms<\/h2>\n<p>All our double rooms have private bathrooms and most of them have a view over the valley. As our guest you are welcome to relax in our mountain library with wonderful view or at the fire place too!<\/p>\n<p><a href=\"https:\/\/www.hindseter.no\/en\/rooms\/double-room\/\">See our double rooms here<\/a><\/p>\n<p>[\/et_pb_text][\/et_pb_column][et_pb_column type=&#8221;1_3&#8243; _builder_version=&#8221;4.16&#8243; _module_preset=&#8221;default&#8221; global_colors_info=&#8221;{}&#8221;][et_pb_image src=&#8221;https:\/\/www.hindseter.no\/wp-content\/uploads\/2024\/12\/L6A5584.jpg&#8221; alt=&#8221;Besseggen hiker&#8221; title_text=&#8221;_L6A5584&#8243; url=&#8221;@ET-DC@eyJkeW5hbWljIjp0cnVlLCJjb250ZW50IjoicG9zdF9saW5rX3VybF9wYWdlIiwic2V0dGluZ3MiOnsicG9zdF9pZCI6IjE0ODEifX0=@&#8221; _builder_version=&#8221;4.27.2&#8243; _dynamic_attributes=&#8221;url&#8221; _module_preset=&#8221;default&#8221; global_colors_info=&#8221;{}&#8221;][\/et_pb_image][et_pb_text _builder_version=&#8221;4.27.2&#8243; _module_preset=&#8221;default&#8221; global_colors_info=&#8221;{}&#8221;]<\/p>\n<h2>Alp suites<\/h2>\n<p>Hinds\u00e6ter Hotel offers 10 romantic alp suites and 7 double rooms, all with private bathrooms.<br \/>\nThe alp suites are furnished with historical interior, farm beds from norwegian Dokka Bondem\u00f8bler, quality bedding from Jensen, wooden tables from the local woods, elk- and reindeer antlers and comfy chairs with reading lamps.<\/p>\n<p><a href=\"https:\/\/www.hindseter.no\/en\/rooms\/alp-suites\/\">See our alp suites here<\/a><\/p>\n<p>[\/et_pb_text][\/et_pb_column][et_pb_column type=&#8221;1_3&#8243; _builder_version=&#8221;4.16&#8243; _module_preset=&#8221;default&#8221; global_colors_info=&#8221;{}&#8221;][et_pb_image src=&#8221;https:\/\/www.hindseter.no\/wp-content\/uploads\/2022\/04\/Foto-Kristoffer-Male-Thuestad-11-2.jpg&#8221; url=&#8221;@ET-DC@eyJkeW5hbWljIjp0cnVlLCJjb250ZW50IjoicG9zdF9saW5rX3VybF9wYWdlIiwic2V0dGluZ3MiOnsicG9zdF9pZCI6IjE5NiJ9fQ==@&#8221; _builder_version=&#8221;4.27.2&#8243; _dynamic_attributes=&#8221;url&#8221; _module_preset=&#8221;default&#8221; global_colors_info=&#8221;{}&#8221;][\/et_pb_image][et_pb_text _builder_version=&#8221;4.27.2&#8243; _module_preset=&#8221;default&#8221; global_colors_info=&#8221;{}&#8221;]<\/p>\n<h2>Mountain Spa<\/h2>\n<p>Our mountain spa combines relaxation and mountain culture, built with timber from a barn that is hundreds of years old. <a href=\"https:\/\/www.hindseter.no\/en\/mountain-spa\/\">Welcome in after a long day in the mountains!<\/a> If you have booked a summerfarm suite, use of wellness is included.<\/p>\n<p>[\/et_pb_text][\/et_pb_column][\/et_pb_row][et_pb_row _builder_version=&#8221;4.16&#8243; _module_preset=&#8221;default&#8221; global_colors_info=&#8221;{}&#8221;][et_pb_column type=&#8221;4_4&#8243; _builder_version=&#8221;4.16&#8243; _module_preset=&#8221;default&#8221; global_colors_info=&#8221;{}&#8221;][et_pb_button button_url=&#8221;https:\/\/be.synxis.com\/?adult=2&#038;arrive=2024-12-04&#038;chain=9083&#038;child=0&#038;currency=NOK&#038;depart=2024-12-05&#038;hotel=44941&#038;level=hotel&#038;locale=en-US&#038;productcurrency=NOK&#038;rooms=1&#8243; url_new_window=&#8221;on&#8221; button_text=&#8221;Book your stay&#8221; _builder_version=&#8221;4.23.1&#8243; _module_preset=&#8221;default&#8221; global_colors_info=&#8221;{}&#8221;][\/et_pb_button][\/et_pb_column][\/et_pb_row][\/et_pb_section][et_pb_section fb_built=&#8221;1&#8243; _builder_version=&#8221;4.16&#8243; _module_preset=&#8221;default&#8221; background_color=&#8221;#f7f7f7&#8243; background_image=&#8221;https:\/\/www.hindseter.no\/wp-content\/uploads\/2021\/12\/Stein129_spor.png&#8221; background_size=&#8221;contain&#8221; background_position=&#8221;bottom_right&#8221; locked=&#8221;off&#8221; global_colors_info=&#8221;{}&#8221;][et_pb_row column_structure=&#8221;1_2,1_2&#8243; _builder_version=&#8221;4.16&#8243; _module_preset=&#8221;default&#8221; custom_padding=&#8221;3vh|3vw|3vh||false|false&#8221; global_colors_info=&#8221;{}&#8221;][et_pb_column type=&#8221;1_2&#8243; _builder_version=&#8221;4.16&#8243; _module_preset=&#8221;default&#8221; background_enable_color=&#8221;off&#8221; custom_padding=&#8221;0px|0px|0px|0px|false|false&#8221; global_colors_info=&#8221;{}&#8221;][et_pb_text _builder_version=&#8221;4.24.3&#8243; _module_preset=&#8221;default&#8221; background_enable_color=&#8221;off&#8221; custom_padding=&#8221;|3vw|||false|false&#8221; global_colors_info=&#8221;{}&#8221;]<\/p>\n<h1>Berner Cabin<\/h1>\n<p>This cabin was named after the arcitect Carl Berner, who was a frequent guest at Hinds\u00e6ter around 1900. It has one bedroom for four persons and one combined living-\/bedroom for two persons. In the hallway between the rooms there is a bathroom with shower\/toilet. A small kitchen is in the living room. In front of the cabin the terrace invites you to enjoy the warmth of the sun and a fantastic view.<\/p>\n<p>[\/et_pb_text][et_pb_button button_url=&#8221;https:\/\/be.synxis.com\/?adult=2&#038;arrive=2024-12-04&#038;chain=9083&#038;child=0&#038;currency=NOK&#038;depart=2024-12-05&#038;hotel=44941&#038;level=hotel&#038;locale=en-US&#038;productcurrency=NOK&#038;rooms=1&#8243; url_new_window=&#8221;on&#8221; button_text=&#8221;Book your stay&#8221; button_alignment=&#8221;left&#8221; _builder_version=&#8221;4.23.1&#8243; _module_preset=&#8221;default&#8221; global_colors_info=&#8221;{}&#8221;][\/et_pb_button][\/et_pb_column][et_pb_column type=&#8221;1_2&#8243; _builder_version=&#8221;4.16&#8243; _module_preset=&#8221;default&#8221; global_colors_info=&#8221;{}&#8221;][et_pb_image src=&#8221;https:\/\/www.hindseter.no\/wp-content\/uploads\/2022\/04\/DSC_1456-Tilpasset-2.jpg&#8221; _builder_version=&#8221;4.16&#8243; _module_preset=&#8221;default&#8221; global_colors_info=&#8221;{}&#8221;][\/et_pb_image][\/et_pb_column][\/et_pb_row][\/et_pb_section][et_pb_section fb_built=&#8221;1&#8243; _builder_version=&#8221;4.16&#8243; _module_preset=&#8221;default&#8221; background_color=&#8221;#e2dbcc&#8221; background_enable_image=&#8221;off&#8221; background_size=&#8221;initial&#8221; background_position=&#8221;bottom_left&#8221; custom_padding=&#8221;|||0px|false|false&#8221; locked=&#8221;off&#8221; global_colors_info=&#8221;{}&#8221;][et_pb_row use_custom_gutter=&#8221;on&#8221; gutter_width=&#8221;1&#8243; _builder_version=&#8221;4.16&#8243; _module_preset=&#8221;default&#8221; width=&#8221;30%&#8221; width_tablet=&#8221;30%&#8221; width_phone=&#8221;80%&#8221; width_last_edited=&#8221;on|phone&#8221; module_alignment=&#8221;center&#8221; global_colors_info=&#8221;{}&#8221;][et_pb_column type=&#8221;4_4&#8243; _builder_version=&#8221;4.16&#8243; _module_preset=&#8221;default&#8221; global_colors_info=&#8221;{}&#8221;][et_pb_text _builder_version=&#8221;4.27.4&#8243; _module_preset=&#8221;default&#8221; module_alignment=&#8221;left&#8221; custom_margin=&#8221;||||false|false&#8221; custom_padding=&#8221;3vh|3vw|||false|false&#8221; hover_enabled=&#8221;0&#8243; global_colors_info=&#8221;{}&#8221; sticky_enabled=&#8221;0&#8243;]<\/p>\n<h1>Policies:<\/h1>\n<ul>\n<li>We guarantee your room ready by 4 pm.<\/li>\n<li>If you ordered half pension\/dinner we ask you to check in before 7 pm.<\/li>\n<li>Check out time is 11 am.<\/li>\n<li>We are there for you at the reception between 8 am and 10 pm<\/li>\n<li>Arrivals after 10 pm only at special request!<\/li>\n<li>For all individual bookings we offer free cancellation until one week before arrival. For package bookings\/bookings via third part (tour operators) there are other policies.<\/li>\n<\/ul>\n<h4>Contact us via email for romantic stays, seminars or other special requests!<\/h4>\n<p>&nbsp;<\/p>\n<p>[\/et_pb_text][\/et_pb_column][\/et_pb_row][et_pb_row _builder_version=&#8221;4.16&#8243; _module_preset=&#8221;default&#8221; custom_margin=&#8221;1vh||||false|false&#8221; global_colors_info=&#8221;{}&#8221;][et_pb_column type=&#8221;4_4&#8243; _builder_version=&#8221;4.16&#8243; _module_preset=&#8221;default&#8221; global_colors_info=&#8221;{}&#8221;][et_pb_divider _builder_version=&#8221;4.16&#8243; _module_preset=&#8221;default&#8221; width=&#8221;60%&#8221; module_alignment=&#8221;center&#8221; custom_padding=&#8221;2vh||0vh||false|false&#8221; global_colors_info=&#8221;{}&#8221;][\/et_pb_divider][\/et_pb_column][\/et_pb_row][\/et_pb_section]<\/p>\n","protected":false},"excerpt":{"rendered":"<p>Panoramic view As our guest you can enjoy the panorama view from our mountain library over Sjoa river and Stuttgonglie Nature Reserve. Looking south-west you can see several 2000 m tall mountain peaks of Jotunheimen National Park. With good binoculars you can even watch people hiking over Veslfjell from Besseggen.Double rooms All our double rooms [&hellip;]<\/p>\n","protected":false},"author":2,"featured_media":0,"parent":0,"menu_order":0,"comment_status":"closed","ping_status":"closed","template":"","meta":{"_et_pb_use_builder":"on","_et_pb_old_content":"","_et_gb_content_width":"","footnotes":""},"class_list":["post-611","page","type-page","status-publish","hentry"],"yoast_head":"<!-- This site is optimized with the Yoast SEO plugin v27.3 - https:\/\/yoast.com\/product\/yoast-seo-wordpress\/ -->\n<title>Alp suites and mountain spa - Hinds\u00e6ter i Jotunheimen<\/title>\n<meta name=\"description\" content=\"Hinds\u00e6ter Hotel offers romantic alp suites and double rooms. You are welcome to enjoy the view and find inspiration in the mountain library, by the fire place or in our mountain spa.\" \/>\n<meta name=\"robots\" content=\"index, follow, max-snippet:-1, max-image-preview:large, max-video-preview:-1\" \/>\n<link rel=\"canonical\" href=\"https:\/\/www.hindseter.no\/en\/rooms\/\" \/>\n<meta property=\"og:locale\" content=\"en_US\" \/>\n<meta property=\"og:type\" content=\"article\" \/>\n<meta property=\"og:title\" content=\"Alp suites and mountain spa - Hinds\u00e6ter i Jotunheimen\" \/>\n<meta property=\"og:description\" content=\"Hinds\u00e6ter Hotel offers romantic alp suites and double rooms. You are welcome to enjoy the view and find inspiration in the mountain library, by the fire place or in our mountain spa.\" \/>\n<meta property=\"og:url\" content=\"https:\/\/www.hindseter.no\/en\/rooms\/\" \/>\n<meta property=\"og:site_name\" content=\"Hinds\u00e6ter i Jotunheimen\" \/>\n<meta property=\"article:modified_time\" content=\"2025-10-18T16:03:33+00:00\" \/>\n<meta property=\"og:image\" content=\"https:\/\/www.hindseter.no\/wp-content\/uploads\/2022\/05\/L6A5225-1-1024x683.jpg\" \/>\n<meta name=\"twitter:card\" content=\"summary_large_image\" \/>\n<meta name=\"twitter:label1\" content=\"Est. reading time\" \/>\n\t<meta name=\"twitter:data1\" content=\"7 minutes\" \/>\n<script type=\"application\/ld+json\" class=\"yoast-schema-graph\">{\"@context\":\"https:\\\/\\\/schema.org\",\"@graph\":[{\"@type\":\"WebPage\",\"@id\":\"https:\\\/\\\/www.hindseter.no\\\/en\\\/rooms\\\/\",\"url\":\"https:\\\/\\\/www.hindseter.no\\\/en\\\/rooms\\\/\",\"name\":\"Alp suites and mountain spa - Hinds\u00e6ter i Jotunheimen\",\"isPartOf\":{\"@id\":\"https:\\\/\\\/www.hindseter.no\\\/en\\\/#website\"},\"datePublished\":\"2021-11-25T10:38:13+00:00\",\"dateModified\":\"2025-10-18T16:03:33+00:00\",\"description\":\"Hinds\u00e6ter Hotel offers romantic alp suites and double rooms. You are welcome to enjoy the view and find inspiration in the mountain library, by the fire place or in our mountain spa.\",\"breadcrumb\":{\"@id\":\"https:\\\/\\\/www.hindseter.no\\\/en\\\/rooms\\\/#breadcrumb\"},\"inLanguage\":\"en-US\",\"potentialAction\":[{\"@type\":\"ReadAction\",\"target\":[\"https:\\\/\\\/www.hindseter.no\\\/en\\\/rooms\\\/\"]}]},{\"@type\":\"BreadcrumbList\",\"@id\":\"https:\\\/\\\/www.hindseter.no\\\/en\\\/rooms\\\/#breadcrumb\",\"itemListElement\":[{\"@type\":\"ListItem\",\"position\":1,\"name\":\"Hjem\",\"item\":\"https:\\\/\\\/www.hindseter.no\\\/en\\\/\"},{\"@type\":\"ListItem\",\"position\":2,\"name\":\"Rooms\"}]},{\"@type\":\"WebSite\",\"@id\":\"https:\\\/\\\/www.hindseter.no\\\/en\\\/#website\",\"url\":\"https:\\\/\\\/www.hindseter.no\\\/en\\\/\",\"name\":\"Hinds\u00e6ter i Jotunheimen\",\"description\":\"Bo p\u00e5 et historisk hotell, opplev unike m\u00e5ltid\",\"potentialAction\":[{\"@type\":\"SearchAction\",\"target\":{\"@type\":\"EntryPoint\",\"urlTemplate\":\"https:\\\/\\\/www.hindseter.no\\\/en\\\/?s={search_term_string}\"},\"query-input\":{\"@type\":\"PropertyValueSpecification\",\"valueRequired\":true,\"valueName\":\"search_term_string\"}}],\"inLanguage\":\"en-US\"}]}<\/script>\n<!-- \/ Yoast SEO plugin. -->","yoast_head_json":{"title":"Alp suites and mountain spa - Hinds\u00e6ter i Jotunheimen","description":"Hinds\u00e6ter Hotel offers romantic alp suites and double rooms. You are welcome to enjoy the view and find inspiration in the mountain library, by the fire place or in our mountain spa.","robots":{"index":"index","follow":"follow","max-snippet":"max-snippet:-1","max-image-preview":"max-image-preview:large","max-video-preview":"max-video-preview:-1"},"canonical":"https:\/\/www.hindseter.no\/en\/rooms\/","og_locale":"en_US","og_type":"article","og_title":"Alp suites and mountain spa - Hinds\u00e6ter i Jotunheimen","og_description":"Hinds\u00e6ter Hotel offers romantic alp suites and double rooms. You are welcome to enjoy the view and find inspiration in the mountain library, by the fire place or in our mountain spa.","og_url":"https:\/\/www.hindseter.no\/en\/rooms\/","og_site_name":"Hinds\u00e6ter i Jotunheimen","article_modified_time":"2025-10-18T16:03:33+00:00","og_image":[{"url":"https:\/\/www.hindseter.no\/wp-content\/uploads\/2022\/05\/L6A5225-1-1024x683.jpg","type":"","width":"","height":""}],"twitter_card":"summary_large_image","twitter_misc":{"Est. reading time":"7 minutes"},"schema":{"@context":"https:\/\/schema.org","@graph":[{"@type":"WebPage","@id":"https:\/\/www.hindseter.no\/en\/rooms\/","url":"https:\/\/www.hindseter.no\/en\/rooms\/","name":"Alp suites and mountain spa - Hinds\u00e6ter i Jotunheimen","isPartOf":{"@id":"https:\/\/www.hindseter.no\/en\/#website"},"datePublished":"2021-11-25T10:38:13+00:00","dateModified":"2025-10-18T16:03:33+00:00","description":"Hinds\u00e6ter Hotel offers romantic alp suites and double rooms. You are welcome to enjoy the view and find inspiration in the mountain library, by the fire place or in our mountain spa.","breadcrumb":{"@id":"https:\/\/www.hindseter.no\/en\/rooms\/#breadcrumb"},"inLanguage":"en-US","potentialAction":[{"@type":"ReadAction","target":["https:\/\/www.hindseter.no\/en\/rooms\/"]}]},{"@type":"BreadcrumbList","@id":"https:\/\/www.hindseter.no\/en\/rooms\/#breadcrumb","itemListElement":[{"@type":"ListItem","position":1,"name":"Hjem","item":"https:\/\/www.hindseter.no\/en\/"},{"@type":"ListItem","position":2,"name":"Rooms"}]},{"@type":"WebSite","@id":"https:\/\/www.hindseter.no\/en\/#website","url":"https:\/\/www.hindseter.no\/en\/","name":"Hinds\u00e6ter i Jotunheimen","description":"Bo p\u00e5 et historisk hotell, opplev unike m\u00e5ltid","potentialAction":[{"@type":"SearchAction","target":{"@type":"EntryPoint","urlTemplate":"https:\/\/www.hindseter.no\/en\/?s={search_term_string}"},"query-input":{"@type":"PropertyValueSpecification","valueRequired":true,"valueName":"search_term_string"}}],"inLanguage":"en-US"}]}},"_links":{"self":[{"href":"https:\/\/www.hindseter.no\/en\/wp-json\/wp\/v2\/pages\/611","targetHints":{"allow":["GET"]}}],"collection":[{"href":"https:\/\/www.hindseter.no\/en\/wp-json\/wp\/v2\/pages"}],"about":[{"href":"https:\/\/www.hindseter.no\/en\/wp-json\/wp\/v2\/types\/page"}],"author":[{"embeddable":true,"href":"https:\/\/www.hindseter.no\/en\/wp-json\/wp\/v2\/users\/2"}],"replies":[{"embeddable":true,"href":"https:\/\/www.hindseter.no\/en\/wp-json\/wp\/v2\/comments?post=611"}],"version-history":[{"count":38,"href":"https:\/\/www.hindseter.no\/en\/wp-json\/wp\/v2\/pages\/611\/revisions"}],"predecessor-version":[{"id":1770,"href":"https:\/\/www.hindseter.no\/en\/wp-json\/wp\/v2\/pages\/611\/revisions\/1770"}],"wp:attachment":[{"href":"https:\/\/www.hindseter.no\/en\/wp-json\/wp\/v2\/media?parent=611"}],"curies":[{"name":"wp","href":"https:\/\/api.w.org\/{rel}","templated":true}]}}