{"id":1627,"date":"2024-12-02T15:14:13","date_gmt":"2024-12-02T14:14:13","guid":{"rendered":"https:\/\/www.hindseter.no\/rooms\/alp-suites\/"},"modified":"2024-12-13T08:14:22","modified_gmt":"2024-12-13T07:14:22","slug":"alp-suites","status":"publish","type":"page","link":"https:\/\/www.hindseter.no\/en\/rooms\/alp-suites\/","title":{"rendered":"Alp suites"},"content":{"rendered":"<p>[et_pb_section fb_built=&#8221;1&#8243; _builder_version=&#8221;4.16&#8243; _module_preset=&#8221;default&#8221; background_color=&#8221;#f7f7f7&#8243; background_image=&#8221;https:\/\/www.hindseter.no\/wp-content\/uploads\/2021\/12\/Stein129_spor-mindre.png&#8221; background_size=&#8221;contain&#8221; background_position=&#8221;center_right&#8221; custom_margin=&#8221;0px||||false|false&#8221; custom_padding=&#8221;5vh||||false|false&#8221; global_colors_info=&#8221;{}&#8221;][et_pb_row column_structure=&#8221;1_2,1_2&#8243; _builder_version=&#8221;4.16&#8243; _module_preset=&#8221;default&#8221; global_colors_info=&#8221;{}&#8221;][et_pb_column type=&#8221;1_2&#8243; _builder_version=&#8221;4.16&#8243; _module_preset=&#8221;default&#8221; global_colors_info=&#8221;{}&#8221;][et_pb_text _builder_version=&#8221;4.27.2&#8243; _module_preset=&#8221;default&#8221; text_font=&#8221;||||||||&#8221; background_color=&#8221;rgba(247,247,247,0.7)&#8221; width=&#8221;100%&#8221; custom_padding=&#8221;||5vh||false|false&#8221; global_colors_info=&#8221;{}&#8221;]<\/p>\n<h1>Alp suites<\/h1>\n<p><span>Hinds\u00e6ter Hotel offers 10 romantic alp suites and 7 double rooms, all with private bathrooms.<br \/>\nThe alp suites are furnished with historical interior, farm beds from norwegian Dokka Bondem\u00f8bler, quality bedding from Jensen, wooden tables from the local woods, elk- and reindeer antlers and comfy chairs with reading lamps.<\/span><\/p>\n<p>[\/et_pb_text][et_pb_button button_url=&#8221;https:\/\/be.synxis.com\/?adult=2&amp;arrive=2024-12-04&amp;chain=9083&amp;child=0&amp;currency=NOK&amp;depart=2024-12-05&amp;hotel=44941&amp;level=hotel&amp;locale=en-US&amp;productcurrency=NOK&amp;rooms=1&#8243; url_new_window=&#8221;on&#8221; button_text=&#8221;Book your stay&#8221; _builder_version=&#8221;4.23.1&#8243; _module_preset=&#8221;default&#8221; global_colors_info=&#8221;{}&#8221;][\/et_pb_button][\/et_pb_column][et_pb_column type=&#8221;1_2&#8243; _builder_version=&#8221;4.16&#8243; _module_preset=&#8221;default&#8221; global_colors_info=&#8221;{}&#8221;][\/et_pb_column][\/et_pb_row][\/et_pb_section][et_pb_section fb_built=&#8221;1&#8243; _builder_version=&#8221;4.16&#8243; _module_preset=&#8221;default&#8221; background_enable_color=&#8221;off&#8221; background_enable_image=&#8221;off&#8221; background_size=&#8221;initial&#8221; background_position=&#8221;bottom_left&#8221; custom_padding=&#8221;|||0px|false|false&#8221; locked=&#8221;off&#8221; global_colors_info=&#8221;{}&#8221;][et_pb_row _builder_version=&#8221;4.16&#8243; _module_preset=&#8221;default&#8221; custom_padding=&#8221;||5vh||false|false&#8221; global_colors_info=&#8221;{}&#8221;][et_pb_column type=&#8221;4_4&#8243; _builder_version=&#8221;4.16&#8243; _module_preset=&#8221;default&#8221; global_colors_info=&#8221;{}&#8221;]<\/p>\n<p>[et_pb_gallery gallery_ids=&#8221;440,460,761,451,1578,1580,1584,1587,1589&#8243; fullwidth=&#8221;on&#8221; _builder_version=&#8221;4.27.4&#8243; _module_preset=&#8221;default&#8221; hover_transition_duration=&#8221;200ms&#8221; hover_transition_speed_curve=&#8221;ease-in-out&#8221; hover_enabled=&#8221;0&#8243; global_colors_info=&#8221;{}&#8221; sticky_enabled=&#8221;0&#8243;][\/et_pb_gallery]<\/p>\n<p>[\/et_pb_column][\/et_pb_row][\/et_pb_section]<\/p>\n","protected":false},"excerpt":{"rendered":"<p>Alp suites Hinds\u00e6ter Hotel offers 10 romantic alp suites and 7 double rooms, all with private bathrooms. The alp suites are furnished with historical interior, farm beds from norwegian Dokka Bondem\u00f8bler, quality bedding from Jensen, wooden tables from the local woods, elk- and reindeer antlers and comfy chairs with reading lamps.<\/p>\n","protected":false},"author":2,"featured_media":0,"parent":611,"menu_order":0,"comment_status":"closed","ping_status":"closed","template":"","meta":{"_et_pb_use_builder":"on","_et_pb_old_content":"","_et_gb_content_width":"","footnotes":""},"class_list":["post-1627","page","type-page","status-publish","hentry"],"yoast_head":"<!-- This site is optimized with the Yoast SEO plugin v27.3 - https:\/\/yoast.com\/product\/yoast-seo-wordpress\/ -->\n<title>Alp suites - Hinds\u00e6ter i Jotunheimen<\/title>\n<meta name=\"robots\" content=\"index, follow, max-snippet:-1, max-image-preview:large, max-video-preview:-1\" \/>\n<link rel=\"canonical\" href=\"https:\/\/www.hindseter.no\/en\/rooms\/alp-suites\/\" \/>\n<meta property=\"og:locale\" content=\"en_US\" \/>\n<meta property=\"og:type\" content=\"article\" \/>\n<meta property=\"og:title\" content=\"Alp suites - Hinds\u00e6ter i Jotunheimen\" \/>\n<meta property=\"og:description\" content=\"Alp suites Hinds\u00e6ter Hotel offers 10 romantic alp suites and 7 double rooms, all with private bathrooms. The alp suites are furnished with historical interior, farm beds from norwegian Dokka Bondem\u00f8bler, quality bedding from Jensen, wooden tables from the local woods, elk- and reindeer antlers and comfy chairs with reading lamps.\" \/>\n<meta property=\"og:url\" content=\"https:\/\/www.hindseter.no\/en\/rooms\/alp-suites\/\" \/>\n<meta property=\"og:site_name\" content=\"Hinds\u00e6ter i Jotunheimen\" \/>\n<meta property=\"article:modified_time\" content=\"2024-12-13T07:14:22+00:00\" \/>\n<meta name=\"twitter:card\" content=\"summary_large_image\" \/>\n<meta name=\"twitter:label1\" content=\"Est. reading time\" \/>\n\t<meta name=\"twitter:data1\" content=\"2 minutes\" \/>\n<script type=\"application\/ld+json\" class=\"yoast-schema-graph\">{\"@context\":\"https:\\\/\\\/schema.org\",\"@graph\":[{\"@type\":\"WebPage\",\"@id\":\"https:\\\/\\\/www.hindseter.no\\\/en\\\/rooms\\\/alp-suites\\\/\",\"url\":\"https:\\\/\\\/www.hindseter.no\\\/en\\\/rooms\\\/alp-suites\\\/\",\"name\":\"Alp suites - Hinds\u00e6ter i Jotunheimen\",\"isPartOf\":{\"@id\":\"https:\\\/\\\/www.hindseter.no\\\/en\\\/#website\"},\"datePublished\":\"2024-12-02T14:14:13+00:00\",\"dateModified\":\"2024-12-13T07:14:22+00:00\",\"breadcrumb\":{\"@id\":\"https:\\\/\\\/www.hindseter.no\\\/en\\\/rooms\\\/alp-suites\\\/#breadcrumb\"},\"inLanguage\":\"en-US\",\"potentialAction\":[{\"@type\":\"ReadAction\",\"target\":[\"https:\\\/\\\/www.hindseter.no\\\/en\\\/rooms\\\/alp-suites\\\/\"]}]},{\"@type\":\"BreadcrumbList\",\"@id\":\"https:\\\/\\\/www.hindseter.no\\\/en\\\/rooms\\\/alp-suites\\\/#breadcrumb\",\"itemListElement\":[{\"@type\":\"ListItem\",\"position\":1,\"name\":\"Hjem\",\"item\":\"https:\\\/\\\/www.hindseter.no\\\/en\\\/\"},{\"@type\":\"ListItem\",\"position\":2,\"name\":\"Rooms\",\"item\":\"https:\\\/\\\/www.hindseter.no\\\/en\\\/rooms\\\/\"},{\"@type\":\"ListItem\",\"position\":3,\"name\":\"Alp suites\"}]},{\"@type\":\"WebSite\",\"@id\":\"https:\\\/\\\/www.hindseter.no\\\/en\\\/#website\",\"url\":\"https:\\\/\\\/www.hindseter.no\\\/en\\\/\",\"name\":\"Hinds\u00e6ter i Jotunheimen\",\"description\":\"Bo p\u00e5 et historisk hotell, opplev unike m\u00e5ltid\",\"potentialAction\":[{\"@type\":\"SearchAction\",\"target\":{\"@type\":\"EntryPoint\",\"urlTemplate\":\"https:\\\/\\\/www.hindseter.no\\\/en\\\/?s={search_term_string}\"},\"query-input\":{\"@type\":\"PropertyValueSpecification\",\"valueRequired\":true,\"valueName\":\"search_term_string\"}}],\"inLanguage\":\"en-US\"}]}<\/script>\n<!-- \/ Yoast SEO plugin. -->","yoast_head_json":{"title":"Alp suites - Hinds\u00e6ter i Jotunheimen","robots":{"index":"index","follow":"follow","max-snippet":"max-snippet:-1","max-image-preview":"max-image-preview:large","max-video-preview":"max-video-preview:-1"},"canonical":"https:\/\/www.hindseter.no\/en\/rooms\/alp-suites\/","og_locale":"en_US","og_type":"article","og_title":"Alp suites - Hinds\u00e6ter i Jotunheimen","og_description":"Alp suites Hinds\u00e6ter Hotel offers 10 romantic alp suites and 7 double rooms, all with private bathrooms. The alp suites are furnished with historical interior, farm beds from norwegian Dokka Bondem\u00f8bler, quality bedding from Jensen, wooden tables from the local woods, elk- and reindeer antlers and comfy chairs with reading lamps.","og_url":"https:\/\/www.hindseter.no\/en\/rooms\/alp-suites\/","og_site_name":"Hinds\u00e6ter i Jotunheimen","article_modified_time":"2024-12-13T07:14:22+00:00","twitter_card":"summary_large_image","twitter_misc":{"Est. reading time":"2 minutes"},"schema":{"@context":"https:\/\/schema.org","@graph":[{"@type":"WebPage","@id":"https:\/\/www.hindseter.no\/en\/rooms\/alp-suites\/","url":"https:\/\/www.hindseter.no\/en\/rooms\/alp-suites\/","name":"Alp suites - Hinds\u00e6ter i Jotunheimen","isPartOf":{"@id":"https:\/\/www.hindseter.no\/en\/#website"},"datePublished":"2024-12-02T14:14:13+00:00","dateModified":"2024-12-13T07:14:22+00:00","breadcrumb":{"@id":"https:\/\/www.hindseter.no\/en\/rooms\/alp-suites\/#breadcrumb"},"inLanguage":"en-US","potentialAction":[{"@type":"ReadAction","target":["https:\/\/www.hindseter.no\/en\/rooms\/alp-suites\/"]}]},{"@type":"BreadcrumbList","@id":"https:\/\/www.hindseter.no\/en\/rooms\/alp-suites\/#breadcrumb","itemListElement":[{"@type":"ListItem","position":1,"name":"Hjem","item":"https:\/\/www.hindseter.no\/en\/"},{"@type":"ListItem","position":2,"name":"Rooms","item":"https:\/\/www.hindseter.no\/en\/rooms\/"},{"@type":"ListItem","position":3,"name":"Alp suites"}]},{"@type":"WebSite","@id":"https:\/\/www.hindseter.no\/en\/#website","url":"https:\/\/www.hindseter.no\/en\/","name":"Hinds\u00e6ter i Jotunheimen","description":"Bo p\u00e5 et historisk hotell, opplev unike m\u00e5ltid","potentialAction":[{"@type":"SearchAction","target":{"@type":"EntryPoint","urlTemplate":"https:\/\/www.hindseter.no\/en\/?s={search_term_string}"},"query-input":{"@type":"PropertyValueSpecification","valueRequired":true,"valueName":"search_term_string"}}],"inLanguage":"en-US"}]}},"_links":{"self":[{"href":"https:\/\/www.hindseter.no\/en\/wp-json\/wp\/v2\/pages\/1627","targetHints":{"allow":["GET"]}}],"collection":[{"href":"https:\/\/www.hindseter.no\/en\/wp-json\/wp\/v2\/pages"}],"about":[{"href":"https:\/\/www.hindseter.no\/en\/wp-json\/wp\/v2\/types\/page"}],"author":[{"embeddable":true,"href":"https:\/\/www.hindseter.no\/en\/wp-json\/wp\/v2\/users\/2"}],"replies":[{"embeddable":true,"href":"https:\/\/www.hindseter.no\/en\/wp-json\/wp\/v2\/comments?post=1627"}],"version-history":[{"count":4,"href":"https:\/\/www.hindseter.no\/en\/wp-json\/wp\/v2\/pages\/1627\/revisions"}],"predecessor-version":[{"id":1636,"href":"https:\/\/www.hindseter.no\/en\/wp-json\/wp\/v2\/pages\/1627\/revisions\/1636"}],"up":[{"embeddable":true,"href":"https:\/\/www.hindseter.no\/en\/wp-json\/wp\/v2\/pages\/611"}],"wp:attachment":[{"href":"https:\/\/www.hindseter.no\/en\/wp-json\/wp\/v2\/media?parent=1627"}],"curies":[{"name":"wp","href":"https:\/\/api.w.org\/{rel}","templated":true}]}}