{"id":1540,"date":"2024-12-02T15:20:23","date_gmt":"2024-12-02T14:20:23","guid":{"rendered":"https:\/\/www.hindseter.no\/gift-voucher\/"},"modified":"2024-12-04T06:21:58","modified_gmt":"2024-12-04T05:21:58","slug":"gift-voucher","status":"publish","type":"page","link":"https:\/\/www.hindseter.no\/en\/gift-voucher\/","title":{"rendered":"Gift voucher"},"content":{"rendered":"<p>[et_pb_section fb_built=&#8221;1&#8243; _builder_version=&#8221;4.16&#8243; _module_preset=&#8221;default&#8221; background_color=&#8221;#f7f7f7&#8243; background_image=&#8221;https:\/\/www.hindseter.no\/wp-content\/uploads\/2021\/12\/Stein129_spor-mindre.png&#8221; background_size=&#8221;contain&#8221; background_position=&#8221;center_right&#8221; custom_margin=&#8221;0px||||false|false&#8221; custom_padding=&#8221;5vh||||false|false&#8221; global_colors_info=&#8221;{}&#8221;][et_pb_row _builder_version=&#8221;4.27.2&#8243; _module_preset=&#8221;default&#8221; background_color=&#8221;rgba(255,255,255,0.3)&#8221; global_colors_info=&#8221;{}&#8221; column_structure=&#8221;3_5,2_5&#8243;][et_pb_column type=&#8221;3_5&#8243; _builder_version=&#8221;4.16&#8243; _module_preset=&#8221;default&#8221; global_colors_info=&#8221;{}&#8221;][et_pb_text _builder_version=&#8221;4.27.2&#8243; _module_preset=&#8221;default&#8221; text_font=&#8221;||||||||&#8221; background_color=&#8221;rgba(247,247,247,0.7)&#8221; width=&#8221;100%&#8221; custom_padding=&#8221;||5vh||false|false&#8221; global_colors_info=&#8221;{}&#8221;]<\/p>\n<h1>Gift voucher<\/h1>\n<p>You are welcome to buy a gift voucher for an amount you choose or a product, f.ex. a romantic weekend. All vouchers are possible to use\/change into all hotel stays, spa or restaurant products we offer. You just send an e-mail with what you like and the name of the person getting the gift voucher. Then we send the voucher back in a nice printable .pdf file.<\/p>\n<p>Tips for gift vouchers:<\/p>\n<p>Less than NOK 500,-: Organic coffee\/tea and homemade cake with view over Jotunheimen for 2 persons<\/p>\n<p>Less than NOK 2000,-: 3 course evening menu with alcoholfree drink for 2 persons<\/p>\n<p>Less than NOK 5000,-: Stay in alp suite with evening menu and a bottle of wine for 2 persons<\/p>\n<p><a title=\"Gavekort De Historiske Hotel og Spisesteder\" href=\"https:\/\/gave.dehistoriske.no\/\">You can also purchase a digital gift voucher from DeHistoriske, click here.<\/a><\/p>\n<p>[\/et_pb_text][et_pb_button button_url=&#8221;mailto:post@hindseter.no&#8221; url_new_window=&#8221;on&#8221; button_text=&#8221;Send e-mail&#8221; _builder_version=&#8221;4.27.2&#8243; _module_preset=&#8221;default&#8221; hover_enabled=&#8221;0&#8243; global_colors_info=&#8221;{}&#8221; custom_margin=&#8221;4vh||3vh||false|false&#8221; sticky_enabled=&#8221;0&#8243;][\/et_pb_button][\/et_pb_column][et_pb_column type=&#8221;2_5&#8243; _builder_version=&#8221;4.16&#8243; _module_preset=&#8221;default&#8221; global_colors_info=&#8221;{}&#8221;][et_pb_image src=&#8221;https:\/\/www.hindseter.no\/wp-content\/uploads\/2024\/12\/20231125_144255-01.jpg&#8221; alt=&#8221;Photo of gift voucher&#8221; title_text=&#8221;Gift voucher&#8221; _builder_version=&#8221;4.27.2&#8243; _module_preset=&#8221;default&#8221; global_colors_info=&#8221;{}&#8221;][\/et_pb_image][\/et_pb_column][\/et_pb_row][\/et_pb_section]<\/p>\n","protected":false},"excerpt":{"rendered":"<p>Gift voucher You are welcome to buy a gift voucher for an amount you choose or a product, f.ex. a romantic weekend. All vouchers are possible to use\/change into all hotel stays, spa or restaurant products we offer. You just send an e-mail with what you like and the name of the person getting the [&hellip;]<\/p>\n","protected":false},"author":2,"featured_media":0,"parent":0,"menu_order":0,"comment_status":"closed","ping_status":"closed","template":"","meta":{"_et_pb_use_builder":"on","_et_pb_old_content":"","_et_gb_content_width":"","footnotes":""},"class_list":["post-1540","page","type-page","status-publish","hentry"],"yoast_head":"<!-- This site is optimized with the Yoast SEO plugin v27.5 - https:\/\/yoast.com\/product\/yoast-seo-wordpress\/ -->\n<title>Gift voucher - Hinds\u00e6ter i Jotunheimen<\/title>\n<meta name=\"robots\" content=\"index, follow, max-snippet:-1, max-image-preview:large, max-video-preview:-1\" \/>\n<link rel=\"canonical\" href=\"https:\/\/www.hindseter.no\/en\/gift-voucher\/\" \/>\n<meta property=\"og:locale\" content=\"en_US\" \/>\n<meta property=\"og:type\" content=\"article\" \/>\n<meta property=\"og:title\" content=\"Gift voucher - Hinds\u00e6ter i Jotunheimen\" \/>\n<meta property=\"og:description\" content=\"Gift voucher You are welcome to buy a gift voucher for an amount you choose or a product, f.ex. a romantic weekend. All vouchers are possible to use\/change into all hotel stays, spa or restaurant products we offer. You just send an e-mail with what you like and the name of the person getting the [&hellip;]\" \/>\n<meta property=\"og:url\" content=\"https:\/\/www.hindseter.no\/en\/gift-voucher\/\" \/>\n<meta property=\"og:site_name\" content=\"Hinds\u00e6ter i Jotunheimen\" \/>\n<meta property=\"article:modified_time\" content=\"2024-12-04T05:21:58+00:00\" \/>\n<meta name=\"twitter:card\" content=\"summary_large_image\" \/>\n<meta name=\"twitter:label1\" content=\"Est. reading time\" \/>\n\t<meta name=\"twitter:data1\" content=\"2 minutes\" \/>\n<script type=\"application\/ld+json\" class=\"yoast-schema-graph\">{\"@context\":\"https:\\\/\\\/schema.org\",\"@graph\":[{\"@type\":\"WebPage\",\"@id\":\"https:\\\/\\\/www.hindseter.no\\\/en\\\/gift-voucher\\\/\",\"url\":\"https:\\\/\\\/www.hindseter.no\\\/en\\\/gift-voucher\\\/\",\"name\":\"Gift voucher - Hinds\u00e6ter i Jotunheimen\",\"isPartOf\":{\"@id\":\"https:\\\/\\\/www.hindseter.no\\\/en\\\/#website\"},\"datePublished\":\"2024-12-02T14:20:23+00:00\",\"dateModified\":\"2024-12-04T05:21:58+00:00\",\"breadcrumb\":{\"@id\":\"https:\\\/\\\/www.hindseter.no\\\/en\\\/gift-voucher\\\/#breadcrumb\"},\"inLanguage\":\"en-US\",\"potentialAction\":[{\"@type\":\"ReadAction\",\"target\":[\"https:\\\/\\\/www.hindseter.no\\\/en\\\/gift-voucher\\\/\"]}]},{\"@type\":\"BreadcrumbList\",\"@id\":\"https:\\\/\\\/www.hindseter.no\\\/en\\\/gift-voucher\\\/#breadcrumb\",\"itemListElement\":[{\"@type\":\"ListItem\",\"position\":1,\"name\":\"Hjem\",\"item\":\"https:\\\/\\\/www.hindseter.no\\\/en\\\/\"},{\"@type\":\"ListItem\",\"position\":2,\"name\":\"Gift voucher\"}]},{\"@type\":\"WebSite\",\"@id\":\"https:\\\/\\\/www.hindseter.no\\\/en\\\/#website\",\"url\":\"https:\\\/\\\/www.hindseter.no\\\/en\\\/\",\"name\":\"Hinds\u00e6ter i Jotunheimen\",\"description\":\"Bo p\u00e5 et historisk hotell, opplev unike m\u00e5ltid\",\"potentialAction\":[{\"@type\":\"SearchAction\",\"target\":{\"@type\":\"EntryPoint\",\"urlTemplate\":\"https:\\\/\\\/www.hindseter.no\\\/en\\\/?s={search_term_string}\"},\"query-input\":{\"@type\":\"PropertyValueSpecification\",\"valueRequired\":true,\"valueName\":\"search_term_string\"}}],\"inLanguage\":\"en-US\"}]}<\/script>\n<!-- \/ Yoast SEO plugin. -->","yoast_head_json":{"title":"Gift voucher - Hinds\u00e6ter i Jotunheimen","robots":{"index":"index","follow":"follow","max-snippet":"max-snippet:-1","max-image-preview":"max-image-preview:large","max-video-preview":"max-video-preview:-1"},"canonical":"https:\/\/www.hindseter.no\/en\/gift-voucher\/","og_locale":"en_US","og_type":"article","og_title":"Gift voucher - Hinds\u00e6ter i Jotunheimen","og_description":"Gift voucher You are welcome to buy a gift voucher for an amount you choose or a product, f.ex. a romantic weekend. All vouchers are possible to use\/change into all hotel stays, spa or restaurant products we offer. You just send an e-mail with what you like and the name of the person getting the [&hellip;]","og_url":"https:\/\/www.hindseter.no\/en\/gift-voucher\/","og_site_name":"Hinds\u00e6ter i Jotunheimen","article_modified_time":"2024-12-04T05:21:58+00:00","twitter_card":"summary_large_image","twitter_misc":{"Est. reading time":"2 minutes"},"schema":{"@context":"https:\/\/schema.org","@graph":[{"@type":"WebPage","@id":"https:\/\/www.hindseter.no\/en\/gift-voucher\/","url":"https:\/\/www.hindseter.no\/en\/gift-voucher\/","name":"Gift voucher - Hinds\u00e6ter i Jotunheimen","isPartOf":{"@id":"https:\/\/www.hindseter.no\/en\/#website"},"datePublished":"2024-12-02T14:20:23+00:00","dateModified":"2024-12-04T05:21:58+00:00","breadcrumb":{"@id":"https:\/\/www.hindseter.no\/en\/gift-voucher\/#breadcrumb"},"inLanguage":"en-US","potentialAction":[{"@type":"ReadAction","target":["https:\/\/www.hindseter.no\/en\/gift-voucher\/"]}]},{"@type":"BreadcrumbList","@id":"https:\/\/www.hindseter.no\/en\/gift-voucher\/#breadcrumb","itemListElement":[{"@type":"ListItem","position":1,"name":"Hjem","item":"https:\/\/www.hindseter.no\/en\/"},{"@type":"ListItem","position":2,"name":"Gift voucher"}]},{"@type":"WebSite","@id":"https:\/\/www.hindseter.no\/en\/#website","url":"https:\/\/www.hindseter.no\/en\/","name":"Hinds\u00e6ter i Jotunheimen","description":"Bo p\u00e5 et historisk hotell, opplev unike m\u00e5ltid","potentialAction":[{"@type":"SearchAction","target":{"@type":"EntryPoint","urlTemplate":"https:\/\/www.hindseter.no\/en\/?s={search_term_string}"},"query-input":{"@type":"PropertyValueSpecification","valueRequired":true,"valueName":"search_term_string"}}],"inLanguage":"en-US"}]}},"_links":{"self":[{"href":"https:\/\/www.hindseter.no\/en\/wp-json\/wp\/v2\/pages\/1540","targetHints":{"allow":["GET"]}}],"collection":[{"href":"https:\/\/www.hindseter.no\/en\/wp-json\/wp\/v2\/pages"}],"about":[{"href":"https:\/\/www.hindseter.no\/en\/wp-json\/wp\/v2\/types\/page"}],"author":[{"embeddable":true,"href":"https:\/\/www.hindseter.no\/en\/wp-json\/wp\/v2\/users\/2"}],"replies":[{"embeddable":true,"href":"https:\/\/www.hindseter.no\/en\/wp-json\/wp\/v2\/comments?post=1540"}],"version-history":[{"count":6,"href":"https:\/\/www.hindseter.no\/en\/wp-json\/wp\/v2\/pages\/1540\/revisions"}],"predecessor-version":[{"id":1561,"href":"https:\/\/www.hindseter.no\/en\/wp-json\/wp\/v2\/pages\/1540\/revisions\/1561"}],"wp:attachment":[{"href":"https:\/\/www.hindseter.no\/en\/wp-json\/wp\/v2\/media?parent=1540"}],"curies":[{"name":"wp","href":"https:\/\/api.w.org\/{rel}","templated":true}]}}